{"id":17095,"date":"2023-07-21T13:11:06","date_gmt":"2023-07-21T13:11:06","guid":{"rendered":"https:\/\/galerie-institut.com\/produit\/dubuffet-jean-vignettes-lorgnettes-1963\/"},"modified":"2025-11-21T13:27:51","modified_gmt":"2025-11-21T13:27:51","slug":"dubuffet-jean-vignettes-lorgnettes-1963","status":"publish","type":"product","link":"https:\/\/galerie-institut.com\/en\/produit\/dubuffet-jean-vignettes-lorgnettes-1963\/","title":{"rendered":"Dubuffet, Jean, Vignettes Lorgnettes, 1963"},"content":{"rendered":"<p>1963<\/p>\n<p>Illustrated book<\/p>\n<p>Vol. 32.8 x 25.5 cm.<\/p>\n<p>Composed of 3 elements: a notebook of 6 double sewn leaves, followed by a double leaf containing 24 plates, followed by an engraved linoleum, inked, framed and mounted under bevel, all contained in a slipcase.<\/p>\n<p>One of 20 copies, no. 11, signed J. Dubuffet and dated April 63, accompanied by the matrix for the etching &#8220;Paysage avec maison&#8221;.<\/p>\n<p>Published by Galerie Beyeler, Paris-Basel. <\/p>\n<p>Catalog raisonn\u00e9: Webel 149-172<\/p>\n","protected":false},"excerpt":{"rendered":"<p><em>Vignettes Lorgnettes<\/em> is a new printing of J. Dubuffet&#8217;s <em>Ler dla Canpane<\/em>. The calligraphic text and seven original engravings are republished, enriched by seventeen others. The phonetic transcription of the text does not make it easy to understand, but it does restore the liveliness and immediacy of the language. The black-and-white engravings are densely hatched, with abstract shapes superimposed on figures and silhouettes. In keeping with the rejection of cultural values that characterizes the artist&#8217;s work, this book is the exact opposite of illustrated books.    <\/p>\n","protected":false},"featured_media":17099,"comment_status":"open","ping_status":"closed","template":"","meta":{"_et_pb_use_builder":"","_et_pb_old_content":"","_et_gb_content_width":""},"product_brand":[],"product_cat":[290,282],"product_tag":[296],"class_list":{"0":"post-17095","1":"product","2":"type-product","3":"status-publish","4":"has-post-thumbnail","6":"product_cat-dubuffet","7":"product_cat-illustrated-books","8":"product_tag-illustrated-books","10":"first","11":"instock","12":"shipping-taxable","13":"product-type-simple"},"yoast_head":"<!-- This site is optimized with the Yoast SEO plugin v27.4 - https:\/\/yoast.com\/product\/yoast-seo-wordpress\/ -->\n<title>Dubuffet, Jean, Vignettes Lorgnettes, 1963 - Galerie Institut<\/title>\n<meta name=\"description\" content=\"D\u00e9couvrez l&#039;oeuvre Dubuffet, Jean, Vignettes Lorgnettes, 1963 disponible \u00e0 la Galerie de l&#039;Institut. Si vous \u00eates int\u00e9ress\u00e9.e.s par Dubuffet, Jean, Vignettes Lorgnettes, 1963 merci de nous contacter \u00e0 contact@galerie-institut.com\" \/>\n<meta name=\"robots\" content=\"index, follow, max-snippet:-1, max-image-preview:large, max-video-preview:-1\" \/>\n<link rel=\"canonical\" href=\"https:\/\/galerie-institut.com\/en\/produit\/dubuffet-jean-vignettes-lorgnettes-1963\/\" \/>\n<meta property=\"og:locale\" content=\"en_US\" \/>\n<meta property=\"og:type\" content=\"article\" \/>\n<meta property=\"og:title\" content=\"Dubuffet, Jean, Vignettes Lorgnettes, 1963 - Galerie Institut\" \/>\n<meta property=\"og:description\" content=\"D\u00e9couvrez l&#039;oeuvre Dubuffet, Jean, Vignettes Lorgnettes, 1963 disponible \u00e0 la Galerie de l&#039;Institut. Si vous \u00eates int\u00e9ress\u00e9.e.s par Dubuffet, Jean, Vignettes Lorgnettes, 1963 merci de nous contacter \u00e0 contact@galerie-institut.com\" \/>\n<meta property=\"og:url\" content=\"https:\/\/galerie-institut.com\/en\/produit\/dubuffet-jean-vignettes-lorgnettes-1963\/\" \/>\n<meta property=\"og:site_name\" content=\"Galerie Institut\" \/>\n<meta property=\"article:modified_time\" content=\"2025-11-21T13:27:51+00:00\" \/>\n<meta property=\"og:image\" content=\"https:\/\/galerie-institut.com\/wp-content\/uploads\/2023\/07\/IMG_5409-1-scaled.jpg\" \/>\n\t<meta property=\"og:image:width\" content=\"2560\" \/>\n\t<meta property=\"og:image:height\" content=\"2560\" \/>\n\t<meta property=\"og:image:type\" content=\"image\/jpeg\" \/>\n<meta name=\"twitter:card\" content=\"summary_large_image\" \/>\n<script type=\"application\/ld+json\" class=\"yoast-schema-graph\">{\"@context\":\"https:\\\/\\\/schema.org\",\"@graph\":[{\"@type\":\"WebPage\",\"@id\":\"https:\\\/\\\/galerie-institut.com\\\/en\\\/produit\\\/dubuffet-jean-vignettes-lorgnettes-1963\\\/\",\"url\":\"https:\\\/\\\/galerie-institut.com\\\/en\\\/produit\\\/dubuffet-jean-vignettes-lorgnettes-1963\\\/\",\"name\":\"Dubuffet, Jean, Vignettes Lorgnettes, 1963 - Galerie Institut\",\"isPartOf\":{\"@id\":\"https:\\\/\\\/galerie-institut.com\\\/en\\\/#website\"},\"primaryImageOfPage\":{\"@id\":\"https:\\\/\\\/galerie-institut.com\\\/en\\\/produit\\\/dubuffet-jean-vignettes-lorgnettes-1963\\\/#primaryimage\"},\"image\":{\"@id\":\"https:\\\/\\\/galerie-institut.com\\\/en\\\/produit\\\/dubuffet-jean-vignettes-lorgnettes-1963\\\/#primaryimage\"},\"thumbnailUrl\":\"https:\\\/\\\/galerie-institut.com\\\/wp-content\\\/uploads\\\/2023\\\/07\\\/IMG_5409-1-scaled.jpg\",\"datePublished\":\"2023-07-21T13:11:06+00:00\",\"dateModified\":\"2025-11-21T13:27:51+00:00\",\"description\":\"D\u00e9couvrez l'oeuvre Dubuffet, Jean, Vignettes Lorgnettes, 1963 disponible \u00e0 la Galerie de l'Institut. Si vous \u00eates int\u00e9ress\u00e9.e.s par Dubuffet, Jean, Vignettes Lorgnettes, 1963 merci de nous contacter \u00e0 contact@galerie-institut.com\",\"breadcrumb\":{\"@id\":\"https:\\\/\\\/galerie-institut.com\\\/en\\\/produit\\\/dubuffet-jean-vignettes-lorgnettes-1963\\\/#breadcrumb\"},\"inLanguage\":\"en-US\",\"potentialAction\":[{\"@type\":\"ReadAction\",\"target\":[\"https:\\\/\\\/galerie-institut.com\\\/en\\\/produit\\\/dubuffet-jean-vignettes-lorgnettes-1963\\\/\"]}]},{\"@type\":\"ImageObject\",\"inLanguage\":\"en-US\",\"@id\":\"https:\\\/\\\/galerie-institut.com\\\/en\\\/produit\\\/dubuffet-jean-vignettes-lorgnettes-1963\\\/#primaryimage\",\"url\":\"https:\\\/\\\/galerie-institut.com\\\/wp-content\\\/uploads\\\/2023\\\/07\\\/IMG_5409-1-scaled.jpg\",\"contentUrl\":\"https:\\\/\\\/galerie-institut.com\\\/wp-content\\\/uploads\\\/2023\\\/07\\\/IMG_5409-1-scaled.jpg\",\"width\":2560,\"height\":2560,\"caption\":\"Ouvrage Vignettes Lorgnettes, \u00e9criture phon\u00e9tique dans la graphie de l'artiste. Linogravures accompagnant le texte et montrant des personnages ou compositions na\u00efves et brutes\"},{\"@type\":\"BreadcrumbList\",\"@id\":\"https:\\\/\\\/galerie-institut.com\\\/en\\\/produit\\\/dubuffet-jean-vignettes-lorgnettes-1963\\\/#breadcrumb\",\"itemListElement\":[{\"@type\":\"ListItem\",\"position\":1,\"name\":\"Accueil\",\"item\":\"https:\\\/\\\/galerie-institut.com\\\/en\\\/accueil\\\/\"},{\"@type\":\"ListItem\",\"position\":2,\"name\":\"Boutique\",\"item\":\"https:\\\/\\\/galerie-institut.com\\\/?page_id=8607\"},{\"@type\":\"ListItem\",\"position\":3,\"name\":\"Dubuffet, Jean, Vignettes Lorgnettes, 1963\"}]},{\"@type\":\"WebSite\",\"@id\":\"https:\\\/\\\/galerie-institut.com\\\/en\\\/#website\",\"url\":\"https:\\\/\\\/galerie-institut.com\\\/en\\\/\",\"name\":\"Galerie Institut\",\"description\":\"\",\"potentialAction\":[{\"@type\":\"SearchAction\",\"target\":{\"@type\":\"EntryPoint\",\"urlTemplate\":\"https:\\\/\\\/galerie-institut.com\\\/en\\\/?s={search_term_string}\"},\"query-input\":{\"@type\":\"PropertyValueSpecification\",\"valueRequired\":true,\"valueName\":\"search_term_string\"}}],\"inLanguage\":\"en-US\"}]}<\/script>\n<!-- \/ Yoast SEO plugin. -->","yoast_head_json":{"title":"Dubuffet, Jean, Vignettes Lorgnettes, 1963 - Galerie Institut","description":"D\u00e9couvrez l'oeuvre Dubuffet, Jean, Vignettes Lorgnettes, 1963 disponible \u00e0 la Galerie de l'Institut. Si vous \u00eates int\u00e9ress\u00e9.e.s par Dubuffet, Jean, Vignettes Lorgnettes, 1963 merci de nous contacter \u00e0 contact@galerie-institut.com","robots":{"index":"index","follow":"follow","max-snippet":"max-snippet:-1","max-image-preview":"max-image-preview:large","max-video-preview":"max-video-preview:-1"},"canonical":"https:\/\/galerie-institut.com\/en\/produit\/dubuffet-jean-vignettes-lorgnettes-1963\/","og_locale":"en_US","og_type":"article","og_title":"Dubuffet, Jean, Vignettes Lorgnettes, 1963 - Galerie Institut","og_description":"D\u00e9couvrez l'oeuvre Dubuffet, Jean, Vignettes Lorgnettes, 1963 disponible \u00e0 la Galerie de l'Institut. Si vous \u00eates int\u00e9ress\u00e9.e.s par Dubuffet, Jean, Vignettes Lorgnettes, 1963 merci de nous contacter \u00e0 contact@galerie-institut.com","og_url":"https:\/\/galerie-institut.com\/en\/produit\/dubuffet-jean-vignettes-lorgnettes-1963\/","og_site_name":"Galerie Institut","article_modified_time":"2025-11-21T13:27:51+00:00","og_image":[{"width":2560,"height":2560,"url":"https:\/\/galerie-institut.com\/wp-content\/uploads\/2023\/07\/IMG_5409-1-scaled.jpg","type":"image\/jpeg"}],"twitter_card":"summary_large_image","schema":{"@context":"https:\/\/schema.org","@graph":[{"@type":"WebPage","@id":"https:\/\/galerie-institut.com\/en\/produit\/dubuffet-jean-vignettes-lorgnettes-1963\/","url":"https:\/\/galerie-institut.com\/en\/produit\/dubuffet-jean-vignettes-lorgnettes-1963\/","name":"Dubuffet, Jean, Vignettes Lorgnettes, 1963 - Galerie Institut","isPartOf":{"@id":"https:\/\/galerie-institut.com\/en\/#website"},"primaryImageOfPage":{"@id":"https:\/\/galerie-institut.com\/en\/produit\/dubuffet-jean-vignettes-lorgnettes-1963\/#primaryimage"},"image":{"@id":"https:\/\/galerie-institut.com\/en\/produit\/dubuffet-jean-vignettes-lorgnettes-1963\/#primaryimage"},"thumbnailUrl":"https:\/\/galerie-institut.com\/wp-content\/uploads\/2023\/07\/IMG_5409-1-scaled.jpg","datePublished":"2023-07-21T13:11:06+00:00","dateModified":"2025-11-21T13:27:51+00:00","description":"D\u00e9couvrez l'oeuvre Dubuffet, Jean, Vignettes Lorgnettes, 1963 disponible \u00e0 la Galerie de l'Institut. Si vous \u00eates int\u00e9ress\u00e9.e.s par Dubuffet, Jean, Vignettes Lorgnettes, 1963 merci de nous contacter \u00e0 contact@galerie-institut.com","breadcrumb":{"@id":"https:\/\/galerie-institut.com\/en\/produit\/dubuffet-jean-vignettes-lorgnettes-1963\/#breadcrumb"},"inLanguage":"en-US","potentialAction":[{"@type":"ReadAction","target":["https:\/\/galerie-institut.com\/en\/produit\/dubuffet-jean-vignettes-lorgnettes-1963\/"]}]},{"@type":"ImageObject","inLanguage":"en-US","@id":"https:\/\/galerie-institut.com\/en\/produit\/dubuffet-jean-vignettes-lorgnettes-1963\/#primaryimage","url":"https:\/\/galerie-institut.com\/wp-content\/uploads\/2023\/07\/IMG_5409-1-scaled.jpg","contentUrl":"https:\/\/galerie-institut.com\/wp-content\/uploads\/2023\/07\/IMG_5409-1-scaled.jpg","width":2560,"height":2560,"caption":"Ouvrage Vignettes Lorgnettes, \u00e9criture phon\u00e9tique dans la graphie de l'artiste. Linogravures accompagnant le texte et montrant des personnages ou compositions na\u00efves et brutes"},{"@type":"BreadcrumbList","@id":"https:\/\/galerie-institut.com\/en\/produit\/dubuffet-jean-vignettes-lorgnettes-1963\/#breadcrumb","itemListElement":[{"@type":"ListItem","position":1,"name":"Accueil","item":"https:\/\/galerie-institut.com\/en\/accueil\/"},{"@type":"ListItem","position":2,"name":"Boutique","item":"https:\/\/galerie-institut.com\/?page_id=8607"},{"@type":"ListItem","position":3,"name":"Dubuffet, Jean, Vignettes Lorgnettes, 1963"}]},{"@type":"WebSite","@id":"https:\/\/galerie-institut.com\/en\/#website","url":"https:\/\/galerie-institut.com\/en\/","name":"Galerie Institut","description":"","potentialAction":[{"@type":"SearchAction","target":{"@type":"EntryPoint","urlTemplate":"https:\/\/galerie-institut.com\/en\/?s={search_term_string}"},"query-input":{"@type":"PropertyValueSpecification","valueRequired":true,"valueName":"search_term_string"}}],"inLanguage":"en-US"}]}},"_links":{"self":[{"href":"https:\/\/galerie-institut.com\/en\/wp-json\/wp\/v2\/product\/17095","targetHints":{"allow":["GET"]}}],"collection":[{"href":"https:\/\/galerie-institut.com\/en\/wp-json\/wp\/v2\/product"}],"about":[{"href":"https:\/\/galerie-institut.com\/en\/wp-json\/wp\/v2\/types\/product"}],"replies":[{"embeddable":true,"href":"https:\/\/galerie-institut.com\/en\/wp-json\/wp\/v2\/comments?post=17095"}],"wp:featuredmedia":[{"embeddable":true,"href":"https:\/\/galerie-institut.com\/en\/wp-json\/wp\/v2\/media\/17099"}],"wp:attachment":[{"href":"https:\/\/galerie-institut.com\/en\/wp-json\/wp\/v2\/media?parent=17095"}],"wp:term":[{"taxonomy":"product_brand","embeddable":true,"href":"https:\/\/galerie-institut.com\/en\/wp-json\/wp\/v2\/product_brand?post=17095"},{"taxonomy":"product_cat","embeddable":true,"href":"https:\/\/galerie-institut.com\/en\/wp-json\/wp\/v2\/product_cat?post=17095"},{"taxonomy":"product_tag","embeddable":true,"href":"https:\/\/galerie-institut.com\/en\/wp-json\/wp\/v2\/product_tag?post=17095"}],"curies":[{"name":"wp","href":"https:\/\/api.w.org\/{rel}","templated":true}]}}