{"id":17060,"date":"2024-05-21T14:30:48","date_gmt":"2024-05-21T14:30:48","guid":{"rendered":"https:\/\/galerie-institut.com\/produit\/leyris-jean-shrubs-in-the-garrigue-c-2021\/"},"modified":"2025-11-21T13:21:15","modified_gmt":"2025-11-21T13:21:15","slug":"leyris-jean-arbustes-dans-la-garrigue-c-2021","status":"publish","type":"product","link":"https:\/\/galerie-institut.com\/en\/produit\/leyris-jean-arbustes-dans-la-garrigue-c-2021\/","title":{"rendered":"Leyris, Jean, Shrubs in the garrigue, c. 2021"},"content":{"rendered":"<p>Circa 2021<\/p>\n<p>Plaster<\/p>\n<p>49 x 80 x 7 cm<\/p>\n<p>&nbsp;<\/p>\n","protected":false},"excerpt":{"rendered":"<p>Circa 2021 Plaster 49 x 80 x 7 cm &nbsp;<\/p>\n","protected":false},"featured_media":17062,"comment_status":"open","ping_status":"closed","template":"","meta":{"_et_pb_use_builder":"","_et_pb_old_content":"","_et_gb_content_width":""},"product_brand":[],"product_cat":[287,272],"product_tag":[289,288],"class_list":{"0":"post-17060","1":"product","2":"type-product","3":"status-publish","4":"has-post-thumbnail","6":"product_cat-leyris","7":"product_cat-unique-works","8":"product_tag-plaster","9":"product_tag-sculpture","11":"first","12":"instock","13":"shipping-taxable","14":"product-type-simple"},"yoast_head":"<!-- This site is optimized with the Yoast SEO plugin v27.4 - https:\/\/yoast.com\/product\/yoast-seo-wordpress\/ -->\n<title>Leyris, Jean, Shrubs in the garrigue, c. 2021 - Galerie Institut<\/title>\n<meta name=\"description\" content=\"D\u00e9couvrez l&#039;oeuvre Leyris, Jean, Shrubs in the garrigue, c. 2021 disponible \u00e0 la Galerie de l&#039;Institut. Si vous \u00eates int\u00e9ress\u00e9.e.s par Leyris, Jean, Shrubs in the garrigue, c. 2021 merci de nous contacter \u00e0 contact@galerie-institut.com\" \/>\n<meta name=\"robots\" content=\"index, follow, max-snippet:-1, max-image-preview:large, max-video-preview:-1\" \/>\n<link rel=\"canonical\" href=\"https:\/\/galerie-institut.com\/en\/produit\/leyris-jean-arbustes-dans-la-garrigue-c-2021\/\" \/>\n<meta property=\"og:locale\" content=\"en_US\" \/>\n<meta property=\"og:type\" content=\"article\" \/>\n<meta property=\"og:title\" content=\"Leyris, Jean, Shrubs in the garrigue, c. 2021 - Galerie Institut\" \/>\n<meta property=\"og:description\" content=\"D\u00e9couvrez l&#039;oeuvre Leyris, Jean, Shrubs in the garrigue, c. 2021 disponible \u00e0 la Galerie de l&#039;Institut. Si vous \u00eates int\u00e9ress\u00e9.e.s par Leyris, Jean, Shrubs in the garrigue, c. 2021 merci de nous contacter \u00e0 contact@galerie-institut.com\" \/>\n<meta property=\"og:url\" content=\"https:\/\/galerie-institut.com\/en\/produit\/leyris-jean-arbustes-dans-la-garrigue-c-2021\/\" \/>\n<meta property=\"og:site_name\" content=\"Galerie Institut\" \/>\n<meta property=\"article:modified_time\" content=\"2025-11-21T13:21:15+00:00\" \/>\n<meta property=\"og:image\" content=\"https:\/\/galerie-institut.com\/wp-content\/uploads\/2024\/05\/galerie-de-l-institut-jean-leyris-47967_1.webp\" \/>\n\t<meta property=\"og:image:width\" content=\"800\" \/>\n\t<meta property=\"og:image:height\" content=\"624\" \/>\n\t<meta property=\"og:image:type\" content=\"image\/webp\" \/>\n<meta name=\"twitter:card\" content=\"summary_large_image\" \/>\n<script type=\"application\/ld+json\" class=\"yoast-schema-graph\">{\"@context\":\"https:\\\/\\\/schema.org\",\"@graph\":[{\"@type\":\"WebPage\",\"@id\":\"https:\\\/\\\/galerie-institut.com\\\/en\\\/produit\\\/leyris-jean-arbustes-dans-la-garrigue-c-2021\\\/\",\"url\":\"https:\\\/\\\/galerie-institut.com\\\/en\\\/produit\\\/leyris-jean-arbustes-dans-la-garrigue-c-2021\\\/\",\"name\":\"Leyris, Jean, Shrubs in the garrigue, c. 2021 - Galerie Institut\",\"isPartOf\":{\"@id\":\"https:\\\/\\\/galerie-institut.com\\\/en\\\/#website\"},\"primaryImageOfPage\":{\"@id\":\"https:\\\/\\\/galerie-institut.com\\\/en\\\/produit\\\/leyris-jean-arbustes-dans-la-garrigue-c-2021\\\/#primaryimage\"},\"image\":{\"@id\":\"https:\\\/\\\/galerie-institut.com\\\/en\\\/produit\\\/leyris-jean-arbustes-dans-la-garrigue-c-2021\\\/#primaryimage\"},\"thumbnailUrl\":\"https:\\\/\\\/galerie-institut.com\\\/wp-content\\\/uploads\\\/2024\\\/05\\\/galerie-de-l-institut-jean-leyris-47967_1.webp\",\"datePublished\":\"2024-05-21T14:30:48+00:00\",\"dateModified\":\"2025-11-21T13:21:15+00:00\",\"description\":\"D\u00e9couvrez l'oeuvre Leyris, Jean, Shrubs in the garrigue, c. 2021 disponible \u00e0 la Galerie de l'Institut. Si vous \u00eates int\u00e9ress\u00e9.e.s par Leyris, Jean, Shrubs in the garrigue, c. 2021 merci de nous contacter \u00e0 contact@galerie-institut.com\",\"breadcrumb\":{\"@id\":\"https:\\\/\\\/galerie-institut.com\\\/en\\\/produit\\\/leyris-jean-arbustes-dans-la-garrigue-c-2021\\\/#breadcrumb\"},\"inLanguage\":\"en-US\",\"potentialAction\":[{\"@type\":\"ReadAction\",\"target\":[\"https:\\\/\\\/galerie-institut.com\\\/en\\\/produit\\\/leyris-jean-arbustes-dans-la-garrigue-c-2021\\\/\"]}]},{\"@type\":\"ImageObject\",\"inLanguage\":\"en-US\",\"@id\":\"https:\\\/\\\/galerie-institut.com\\\/en\\\/produit\\\/leyris-jean-arbustes-dans-la-garrigue-c-2021\\\/#primaryimage\",\"url\":\"https:\\\/\\\/galerie-institut.com\\\/wp-content\\\/uploads\\\/2024\\\/05\\\/galerie-de-l-institut-jean-leyris-47967_1.webp\",\"contentUrl\":\"https:\\\/\\\/galerie-institut.com\\\/wp-content\\\/uploads\\\/2024\\\/05\\\/galerie-de-l-institut-jean-leyris-47967_1.webp\",\"width\":11759,\"height\":9174,\"caption\":\"Galerie de l'Institut-Jean Leyris-47967_1\"},{\"@type\":\"BreadcrumbList\",\"@id\":\"https:\\\/\\\/galerie-institut.com\\\/en\\\/produit\\\/leyris-jean-arbustes-dans-la-garrigue-c-2021\\\/#breadcrumb\",\"itemListElement\":[{\"@type\":\"ListItem\",\"position\":1,\"name\":\"Accueil\",\"item\":\"https:\\\/\\\/galerie-institut.com\\\/en\\\/accueil\\\/\"},{\"@type\":\"ListItem\",\"position\":2,\"name\":\"Boutique\",\"item\":\"https:\\\/\\\/galerie-institut.com\\\/?page_id=8607\"},{\"@type\":\"ListItem\",\"position\":3,\"name\":\"Leyris, Jean, Shrubs in the garrigue, c. 2021\"}]},{\"@type\":\"WebSite\",\"@id\":\"https:\\\/\\\/galerie-institut.com\\\/en\\\/#website\",\"url\":\"https:\\\/\\\/galerie-institut.com\\\/en\\\/\",\"name\":\"Galerie Institut\",\"description\":\"\",\"potentialAction\":[{\"@type\":\"SearchAction\",\"target\":{\"@type\":\"EntryPoint\",\"urlTemplate\":\"https:\\\/\\\/galerie-institut.com\\\/en\\\/?s={search_term_string}\"},\"query-input\":{\"@type\":\"PropertyValueSpecification\",\"valueRequired\":true,\"valueName\":\"search_term_string\"}}],\"inLanguage\":\"en-US\"}]}<\/script>\n<!-- \/ Yoast SEO plugin. -->","yoast_head_json":{"title":"Leyris, Jean, Shrubs in the garrigue, c. 2021 - Galerie Institut","description":"D\u00e9couvrez l'oeuvre Leyris, Jean, Shrubs in the garrigue, c. 2021 disponible \u00e0 la Galerie de l'Institut. Si vous \u00eates int\u00e9ress\u00e9.e.s par Leyris, Jean, Shrubs in the garrigue, c. 2021 merci de nous contacter \u00e0 contact@galerie-institut.com","robots":{"index":"index","follow":"follow","max-snippet":"max-snippet:-1","max-image-preview":"max-image-preview:large","max-video-preview":"max-video-preview:-1"},"canonical":"https:\/\/galerie-institut.com\/en\/produit\/leyris-jean-arbustes-dans-la-garrigue-c-2021\/","og_locale":"en_US","og_type":"article","og_title":"Leyris, Jean, Shrubs in the garrigue, c. 2021 - Galerie Institut","og_description":"D\u00e9couvrez l'oeuvre Leyris, Jean, Shrubs in the garrigue, c. 2021 disponible \u00e0 la Galerie de l'Institut. Si vous \u00eates int\u00e9ress\u00e9.e.s par Leyris, Jean, Shrubs in the garrigue, c. 2021 merci de nous contacter \u00e0 contact@galerie-institut.com","og_url":"https:\/\/galerie-institut.com\/en\/produit\/leyris-jean-arbustes-dans-la-garrigue-c-2021\/","og_site_name":"Galerie Institut","article_modified_time":"2025-11-21T13:21:15+00:00","og_image":[{"url":"https:\/\/galerie-institut.com\/wp-content\/uploads\/2024\/05\/galerie-de-l-institut-jean-leyris-47967_1.webp","width":800,"height":624,"type":"image\/webp"}],"twitter_card":"summary_large_image","schema":{"@context":"https:\/\/schema.org","@graph":[{"@type":"WebPage","@id":"https:\/\/galerie-institut.com\/en\/produit\/leyris-jean-arbustes-dans-la-garrigue-c-2021\/","url":"https:\/\/galerie-institut.com\/en\/produit\/leyris-jean-arbustes-dans-la-garrigue-c-2021\/","name":"Leyris, Jean, Shrubs in the garrigue, c. 2021 - Galerie Institut","isPartOf":{"@id":"https:\/\/galerie-institut.com\/en\/#website"},"primaryImageOfPage":{"@id":"https:\/\/galerie-institut.com\/en\/produit\/leyris-jean-arbustes-dans-la-garrigue-c-2021\/#primaryimage"},"image":{"@id":"https:\/\/galerie-institut.com\/en\/produit\/leyris-jean-arbustes-dans-la-garrigue-c-2021\/#primaryimage"},"thumbnailUrl":"https:\/\/galerie-institut.com\/wp-content\/uploads\/2024\/05\/galerie-de-l-institut-jean-leyris-47967_1.webp","datePublished":"2024-05-21T14:30:48+00:00","dateModified":"2025-11-21T13:21:15+00:00","description":"D\u00e9couvrez l'oeuvre Leyris, Jean, Shrubs in the garrigue, c. 2021 disponible \u00e0 la Galerie de l'Institut. Si vous \u00eates int\u00e9ress\u00e9.e.s par Leyris, Jean, Shrubs in the garrigue, c. 2021 merci de nous contacter \u00e0 contact@galerie-institut.com","breadcrumb":{"@id":"https:\/\/galerie-institut.com\/en\/produit\/leyris-jean-arbustes-dans-la-garrigue-c-2021\/#breadcrumb"},"inLanguage":"en-US","potentialAction":[{"@type":"ReadAction","target":["https:\/\/galerie-institut.com\/en\/produit\/leyris-jean-arbustes-dans-la-garrigue-c-2021\/"]}]},{"@type":"ImageObject","inLanguage":"en-US","@id":"https:\/\/galerie-institut.com\/en\/produit\/leyris-jean-arbustes-dans-la-garrigue-c-2021\/#primaryimage","url":"https:\/\/galerie-institut.com\/wp-content\/uploads\/2024\/05\/galerie-de-l-institut-jean-leyris-47967_1.webp","contentUrl":"https:\/\/galerie-institut.com\/wp-content\/uploads\/2024\/05\/galerie-de-l-institut-jean-leyris-47967_1.webp","width":11759,"height":9174,"caption":"Galerie de l'Institut-Jean Leyris-47967_1"},{"@type":"BreadcrumbList","@id":"https:\/\/galerie-institut.com\/en\/produit\/leyris-jean-arbustes-dans-la-garrigue-c-2021\/#breadcrumb","itemListElement":[{"@type":"ListItem","position":1,"name":"Accueil","item":"https:\/\/galerie-institut.com\/en\/accueil\/"},{"@type":"ListItem","position":2,"name":"Boutique","item":"https:\/\/galerie-institut.com\/?page_id=8607"},{"@type":"ListItem","position":3,"name":"Leyris, Jean, Shrubs in the garrigue, c. 2021"}]},{"@type":"WebSite","@id":"https:\/\/galerie-institut.com\/en\/#website","url":"https:\/\/galerie-institut.com\/en\/","name":"Galerie Institut","description":"","potentialAction":[{"@type":"SearchAction","target":{"@type":"EntryPoint","urlTemplate":"https:\/\/galerie-institut.com\/en\/?s={search_term_string}"},"query-input":{"@type":"PropertyValueSpecification","valueRequired":true,"valueName":"search_term_string"}}],"inLanguage":"en-US"}]}},"_links":{"self":[{"href":"https:\/\/galerie-institut.com\/en\/wp-json\/wp\/v2\/product\/17060","targetHints":{"allow":["GET"]}}],"collection":[{"href":"https:\/\/galerie-institut.com\/en\/wp-json\/wp\/v2\/product"}],"about":[{"href":"https:\/\/galerie-institut.com\/en\/wp-json\/wp\/v2\/types\/product"}],"replies":[{"embeddable":true,"href":"https:\/\/galerie-institut.com\/en\/wp-json\/wp\/v2\/comments?post=17060"}],"wp:featuredmedia":[{"embeddable":true,"href":"https:\/\/galerie-institut.com\/en\/wp-json\/wp\/v2\/media\/17062"}],"wp:attachment":[{"href":"https:\/\/galerie-institut.com\/en\/wp-json\/wp\/v2\/media?parent=17060"}],"wp:term":[{"taxonomy":"product_brand","embeddable":true,"href":"https:\/\/galerie-institut.com\/en\/wp-json\/wp\/v2\/product_brand?post=17060"},{"taxonomy":"product_cat","embeddable":true,"href":"https:\/\/galerie-institut.com\/en\/wp-json\/wp\/v2\/product_cat?post=17060"},{"taxonomy":"product_tag","embeddable":true,"href":"https:\/\/galerie-institut.com\/en\/wp-json\/wp\/v2\/product_tag?post=17060"}],"curies":[{"name":"wp","href":"https:\/\/api.w.org\/{rel}","templated":true}]}}