{"id":17054,"date":"2024-07-17T15:27:35","date_gmt":"2024-07-17T15:27:35","guid":{"rendered":"https:\/\/galerie-institut.com\/produit\/miro-joan-serie-ii-1952-53-copy\/"},"modified":"2025-11-21T11:43:40","modified_gmt":"2025-11-21T11:43:40","slug":"miro-joan-serie-ii-1952-53-copie","status":"publish","type":"product","link":"https:\/\/galerie-institut.com\/en\/produit\/miro-joan-serie-ii-1952-53-copie\/","title":{"rendered":"Mir\u00f3, Joan, SERIE II, 1952-53 (Copy)"},"content":{"rendered":"<p>1952-1953<\/p>\n<p>Original color etching on Arches wove paper<\/p>\n<p>50 x 66 cm<\/p>\n<p>One of 13 numbered proofs. Signed by the artist lower right. <\/p>\n<p>Catalog raisonn\u00e9 :Dupin Miro Graveur I n\u00b0 84.<\/p>\n","protected":false},"excerpt":{"rendered":"<p>&#8220;Meeting Hayter was crucial to the development of Mir\u00f3&#8217;s etching. It was with this refined artist, this skilful technician, this daring experimenter, that Mir\u00f3 was to be introduced to a whole other part of copperplate engraving, one that complements tool work with the inexhaustible range of techniques of material and color&#8221;.<\/p>\n<p>&nbsp;<\/p>\n<p>&#8220;The powerful graphics [of Series I and II] &#8211; figures, animals, stars and signs &#8211; are profoundly altered from one state to the next by variations in color, inking and lighting. Mir\u00f3 obtains negative printing effects by varying the pressure of the press [&#8230;]. His playful passion explores all the possibilities of etching. He plays with modulations, gradations and passages. Above all, he finds, with constant joy, the right place and intensity for each element of his writing&#8221;.<\/p>\n<p>This print is the second of five etchings in Series II, printed in soft, harmonious tones of green, blue, yellow and red. There is a contrast, however, in the clean lines of the graphics, untouched by any coloring. <\/p>\n","protected":false},"featured_media":17055,"comment_status":"open","ping_status":"closed","template":"","meta":{"_et_pb_use_builder":"","_et_pb_old_content":"","_et_gb_content_width":""},"product_brand":[],"product_cat":[275,267],"product_tag":[159,276,268],"class_list":{"0":"post-17054","1":"product","2":"type-product","3":"status-publish","4":"has-post-thumbnail","6":"product_cat-miro","7":"product_cat-estampes","8":"product_tag-aquatint","9":"product_tag-dry-point-2","10":"product_tag-print","12":"first","13":"instock","14":"shipping-taxable","15":"product-type-simple"},"yoast_head":"<!-- This site is optimized with the Yoast SEO plugin v27.4 - https:\/\/yoast.com\/product\/yoast-seo-wordpress\/ -->\n<title>Mir\u00f3, Joan, SERIE II, 1952-53 (Copy) - Galerie Institut<\/title>\n<meta name=\"description\" content=\"D\u00e9couvrez l&#039;oeuvre Mir\u00f3, Joan, SERIE II, 1952-53 (Copy) disponible \u00e0 la Galerie de l&#039;Institut. Si vous \u00eates int\u00e9ress\u00e9.e.s par Mir\u00f3, Joan, SERIE II, 1952-53 (Copy) merci de nous contacter \u00e0 contact@galerie-institut.com\" \/>\n<meta name=\"robots\" content=\"index, follow, max-snippet:-1, max-image-preview:large, max-video-preview:-1\" \/>\n<link rel=\"canonical\" href=\"https:\/\/galerie-institut.com\/en\/produit\/miro-joan-serie-ii-1952-53-copie\/\" \/>\n<meta property=\"og:locale\" content=\"en_US\" \/>\n<meta property=\"og:type\" content=\"article\" \/>\n<meta property=\"og:title\" content=\"Mir\u00f3, Joan, SERIE II, 1952-53 (Copy) - Galerie Institut\" \/>\n<meta property=\"og:description\" content=\"D\u00e9couvrez l&#039;oeuvre Mir\u00f3, Joan, SERIE II, 1952-53 (Copy) disponible \u00e0 la Galerie de l&#039;Institut. Si vous \u00eates int\u00e9ress\u00e9.e.s par Mir\u00f3, Joan, SERIE II, 1952-53 (Copy) merci de nous contacter \u00e0 contact@galerie-institut.com\" \/>\n<meta property=\"og:url\" content=\"https:\/\/galerie-institut.com\/en\/produit\/miro-joan-serie-ii-1952-53-copie\/\" \/>\n<meta property=\"og:site_name\" content=\"Galerie Institut\" \/>\n<meta property=\"article:modified_time\" content=\"2025-11-21T11:43:40+00:00\" \/>\n<meta property=\"og:image\" content=\"https:\/\/galerie-institut.com\/wp-content\/uploads\/2024\/07\/miro-joan-1952-53-serie-ii-pl-2-copie.webp\" \/>\n\t<meta property=\"og:image:width\" content=\"1200\" \/>\n\t<meta property=\"og:image:height\" content=\"1200\" \/>\n\t<meta property=\"og:image:type\" content=\"image\/webp\" \/>\n<meta name=\"twitter:card\" content=\"summary_large_image\" \/>\n<script type=\"application\/ld+json\" class=\"yoast-schema-graph\">{\"@context\":\"https:\\\/\\\/schema.org\",\"@graph\":[{\"@type\":\"WebPage\",\"@id\":\"https:\\\/\\\/galerie-institut.com\\\/en\\\/produit\\\/miro-joan-serie-ii-1952-53-copie\\\/\",\"url\":\"https:\\\/\\\/galerie-institut.com\\\/en\\\/produit\\\/miro-joan-serie-ii-1952-53-copie\\\/\",\"name\":\"Mir\u00f3, Joan, SERIE II, 1952-53 (Copy) - Galerie Institut\",\"isPartOf\":{\"@id\":\"https:\\\/\\\/galerie-institut.com\\\/en\\\/#website\"},\"primaryImageOfPage\":{\"@id\":\"https:\\\/\\\/galerie-institut.com\\\/en\\\/produit\\\/miro-joan-serie-ii-1952-53-copie\\\/#primaryimage\"},\"image\":{\"@id\":\"https:\\\/\\\/galerie-institut.com\\\/en\\\/produit\\\/miro-joan-serie-ii-1952-53-copie\\\/#primaryimage\"},\"thumbnailUrl\":\"https:\\\/\\\/galerie-institut.com\\\/wp-content\\\/uploads\\\/2024\\\/07\\\/miro-joan-1952-53-serie-ii-pl-2-copie.webp\",\"datePublished\":\"2024-07-17T15:27:35+00:00\",\"dateModified\":\"2025-11-21T11:43:40+00:00\",\"description\":\"D\u00e9couvrez l'oeuvre Mir\u00f3, Joan, SERIE II, 1952-53 (Copy) disponible \u00e0 la Galerie de l'Institut. Si vous \u00eates int\u00e9ress\u00e9.e.s par Mir\u00f3, Joan, SERIE II, 1952-53 (Copy) merci de nous contacter \u00e0 contact@galerie-institut.com\",\"breadcrumb\":{\"@id\":\"https:\\\/\\\/galerie-institut.com\\\/en\\\/produit\\\/miro-joan-serie-ii-1952-53-copie\\\/#breadcrumb\"},\"inLanguage\":\"en-US\",\"potentialAction\":[{\"@type\":\"ReadAction\",\"target\":[\"https:\\\/\\\/galerie-institut.com\\\/en\\\/produit\\\/miro-joan-serie-ii-1952-53-copie\\\/\"]}]},{\"@type\":\"ImageObject\",\"inLanguage\":\"en-US\",\"@id\":\"https:\\\/\\\/galerie-institut.com\\\/en\\\/produit\\\/miro-joan-serie-ii-1952-53-copie\\\/#primaryimage\",\"url\":\"https:\\\/\\\/galerie-institut.com\\\/wp-content\\\/uploads\\\/2024\\\/07\\\/miro-joan-1952-53-serie-ii-pl-2-copie.webp\",\"contentUrl\":\"https:\\\/\\\/galerie-institut.com\\\/wp-content\\\/uploads\\\/2024\\\/07\\\/miro-joan-1952-53-serie-ii-pl-2-copie.webp\",\"width\":1200,\"height\":1200,\"caption\":\"miro-joan-1952-53-serie-ii-pl-2 copie\"},{\"@type\":\"BreadcrumbList\",\"@id\":\"https:\\\/\\\/galerie-institut.com\\\/en\\\/produit\\\/miro-joan-serie-ii-1952-53-copie\\\/#breadcrumb\",\"itemListElement\":[{\"@type\":\"ListItem\",\"position\":1,\"name\":\"Accueil\",\"item\":\"https:\\\/\\\/galerie-institut.com\\\/en\\\/accueil\\\/\"},{\"@type\":\"ListItem\",\"position\":2,\"name\":\"Boutique\",\"item\":\"https:\\\/\\\/galerie-institut.com\\\/?page_id=8607\"},{\"@type\":\"ListItem\",\"position\":3,\"name\":\"Mir\u00f3, Joan, SERIE II, 1952-53 (Copy)\"}]},{\"@type\":\"WebSite\",\"@id\":\"https:\\\/\\\/galerie-institut.com\\\/en\\\/#website\",\"url\":\"https:\\\/\\\/galerie-institut.com\\\/en\\\/\",\"name\":\"Galerie Institut\",\"description\":\"\",\"potentialAction\":[{\"@type\":\"SearchAction\",\"target\":{\"@type\":\"EntryPoint\",\"urlTemplate\":\"https:\\\/\\\/galerie-institut.com\\\/en\\\/?s={search_term_string}\"},\"query-input\":{\"@type\":\"PropertyValueSpecification\",\"valueRequired\":true,\"valueName\":\"search_term_string\"}}],\"inLanguage\":\"en-US\"}]}<\/script>\n<!-- \/ Yoast SEO plugin. -->","yoast_head_json":{"title":"Mir\u00f3, Joan, SERIE II, 1952-53 (Copy) - Galerie Institut","description":"D\u00e9couvrez l'oeuvre Mir\u00f3, Joan, SERIE II, 1952-53 (Copy) disponible \u00e0 la Galerie de l'Institut. Si vous \u00eates int\u00e9ress\u00e9.e.s par Mir\u00f3, Joan, SERIE II, 1952-53 (Copy) merci de nous contacter \u00e0 contact@galerie-institut.com","robots":{"index":"index","follow":"follow","max-snippet":"max-snippet:-1","max-image-preview":"max-image-preview:large","max-video-preview":"max-video-preview:-1"},"canonical":"https:\/\/galerie-institut.com\/en\/produit\/miro-joan-serie-ii-1952-53-copie\/","og_locale":"en_US","og_type":"article","og_title":"Mir\u00f3, Joan, SERIE II, 1952-53 (Copy) - Galerie Institut","og_description":"D\u00e9couvrez l'oeuvre Mir\u00f3, Joan, SERIE II, 1952-53 (Copy) disponible \u00e0 la Galerie de l'Institut. Si vous \u00eates int\u00e9ress\u00e9.e.s par Mir\u00f3, Joan, SERIE II, 1952-53 (Copy) merci de nous contacter \u00e0 contact@galerie-institut.com","og_url":"https:\/\/galerie-institut.com\/en\/produit\/miro-joan-serie-ii-1952-53-copie\/","og_site_name":"Galerie Institut","article_modified_time":"2025-11-21T11:43:40+00:00","og_image":[{"width":1200,"height":1200,"url":"https:\/\/galerie-institut.com\/wp-content\/uploads\/2024\/07\/miro-joan-1952-53-serie-ii-pl-2-copie.webp","type":"image\/webp"}],"twitter_card":"summary_large_image","schema":{"@context":"https:\/\/schema.org","@graph":[{"@type":"WebPage","@id":"https:\/\/galerie-institut.com\/en\/produit\/miro-joan-serie-ii-1952-53-copie\/","url":"https:\/\/galerie-institut.com\/en\/produit\/miro-joan-serie-ii-1952-53-copie\/","name":"Mir\u00f3, Joan, SERIE II, 1952-53 (Copy) - Galerie Institut","isPartOf":{"@id":"https:\/\/galerie-institut.com\/en\/#website"},"primaryImageOfPage":{"@id":"https:\/\/galerie-institut.com\/en\/produit\/miro-joan-serie-ii-1952-53-copie\/#primaryimage"},"image":{"@id":"https:\/\/galerie-institut.com\/en\/produit\/miro-joan-serie-ii-1952-53-copie\/#primaryimage"},"thumbnailUrl":"https:\/\/galerie-institut.com\/wp-content\/uploads\/2024\/07\/miro-joan-1952-53-serie-ii-pl-2-copie.webp","datePublished":"2024-07-17T15:27:35+00:00","dateModified":"2025-11-21T11:43:40+00:00","description":"D\u00e9couvrez l'oeuvre Mir\u00f3, Joan, SERIE II, 1952-53 (Copy) disponible \u00e0 la Galerie de l'Institut. Si vous \u00eates int\u00e9ress\u00e9.e.s par Mir\u00f3, Joan, SERIE II, 1952-53 (Copy) merci de nous contacter \u00e0 contact@galerie-institut.com","breadcrumb":{"@id":"https:\/\/galerie-institut.com\/en\/produit\/miro-joan-serie-ii-1952-53-copie\/#breadcrumb"},"inLanguage":"en-US","potentialAction":[{"@type":"ReadAction","target":["https:\/\/galerie-institut.com\/en\/produit\/miro-joan-serie-ii-1952-53-copie\/"]}]},{"@type":"ImageObject","inLanguage":"en-US","@id":"https:\/\/galerie-institut.com\/en\/produit\/miro-joan-serie-ii-1952-53-copie\/#primaryimage","url":"https:\/\/galerie-institut.com\/wp-content\/uploads\/2024\/07\/miro-joan-1952-53-serie-ii-pl-2-copie.webp","contentUrl":"https:\/\/galerie-institut.com\/wp-content\/uploads\/2024\/07\/miro-joan-1952-53-serie-ii-pl-2-copie.webp","width":1200,"height":1200,"caption":"miro-joan-1952-53-serie-ii-pl-2 copie"},{"@type":"BreadcrumbList","@id":"https:\/\/galerie-institut.com\/en\/produit\/miro-joan-serie-ii-1952-53-copie\/#breadcrumb","itemListElement":[{"@type":"ListItem","position":1,"name":"Accueil","item":"https:\/\/galerie-institut.com\/en\/accueil\/"},{"@type":"ListItem","position":2,"name":"Boutique","item":"https:\/\/galerie-institut.com\/?page_id=8607"},{"@type":"ListItem","position":3,"name":"Mir\u00f3, Joan, SERIE II, 1952-53 (Copy)"}]},{"@type":"WebSite","@id":"https:\/\/galerie-institut.com\/en\/#website","url":"https:\/\/galerie-institut.com\/en\/","name":"Galerie Institut","description":"","potentialAction":[{"@type":"SearchAction","target":{"@type":"EntryPoint","urlTemplate":"https:\/\/galerie-institut.com\/en\/?s={search_term_string}"},"query-input":{"@type":"PropertyValueSpecification","valueRequired":true,"valueName":"search_term_string"}}],"inLanguage":"en-US"}]}},"_links":{"self":[{"href":"https:\/\/galerie-institut.com\/en\/wp-json\/wp\/v2\/product\/17054","targetHints":{"allow":["GET"]}}],"collection":[{"href":"https:\/\/galerie-institut.com\/en\/wp-json\/wp\/v2\/product"}],"about":[{"href":"https:\/\/galerie-institut.com\/en\/wp-json\/wp\/v2\/types\/product"}],"replies":[{"embeddable":true,"href":"https:\/\/galerie-institut.com\/en\/wp-json\/wp\/v2\/comments?post=17054"}],"wp:featuredmedia":[{"embeddable":true,"href":"https:\/\/galerie-institut.com\/en\/wp-json\/wp\/v2\/media\/17055"}],"wp:attachment":[{"href":"https:\/\/galerie-institut.com\/en\/wp-json\/wp\/v2\/media?parent=17054"}],"wp:term":[{"taxonomy":"product_brand","embeddable":true,"href":"https:\/\/galerie-institut.com\/en\/wp-json\/wp\/v2\/product_brand?post=17054"},{"taxonomy":"product_cat","embeddable":true,"href":"https:\/\/galerie-institut.com\/en\/wp-json\/wp\/v2\/product_cat?post=17054"},{"taxonomy":"product_tag","embeddable":true,"href":"https:\/\/galerie-institut.com\/en\/wp-json\/wp\/v2\/product_tag?post=17054"}],"curies":[{"name":"wp","href":"https:\/\/api.w.org\/{rel}","templated":true}]}}