{"id":17038,"date":"2024-06-25T10:57:51","date_gmt":"2024-06-25T10:57:51","guid":{"rendered":"https:\/\/galerie-institut.com\/produit\/miro-joan-the-dog-barking-at-the-moon-1952\/"},"modified":"2025-11-21T11:43:39","modified_gmt":"2025-11-21T11:43:39","slug":"miro-joan-a-la-sante-du-serpent-1953-copie","status":"publish","type":"product","link":"https:\/\/galerie-institut.com\/en\/produit\/miro-joan-a-la-sante-du-serpent-1953-copie\/","title":{"rendered":"Mir\u00f3, Joan, The Dog Barking at the Moon, 1952"},"content":{"rendered":"<p>1952<\/p>\n<p>Original color lithograph on Arches paper<\/p>\n<p>35.7 x 53.5 cm<\/p>\n<p>Print signed by the artist in pencil lower right<\/p>\n<p>Lithograph for the magazine &#8220;Verve&#8221; Volume VII n\u00b027-28.<\/p>\n<p>T\u00e9riade \u00e9diteur. Mourlot imprimeur.<\/p>\n<p>Catalog raisonn\u00e9 : Mourlot 121<\/p>\n","protected":false},"excerpt":{"rendered":"<p>This lithograph appeared in issue 27-28 of the art and literary magazine <em>Verve<\/em>, founded by the art critic T\u00e9riade.<\/p>\n<p>The dog barking in the night is a recurring subject for the artist, as two works, in 1926 and 1936, have already dealt with this theme.<\/p>\n<p>While the silhouettes of the animals &#8211; dog, rooster, cat and bird &#8211; are clearly recognizable, the vivid colors of the Mironian palette plunge the viewer into a dreamlike, slightly disquieting universe.<\/p>\n","protected":false},"featured_media":17051,"comment_status":"open","ping_status":"closed","template":"","meta":{"_et_pb_use_builder":"","_et_pb_old_content":"","_et_gb_content_width":""},"product_brand":[],"product_cat":[275,267],"product_tag":[159,276,268],"class_list":{"0":"post-17038","1":"product","2":"type-product","3":"status-publish","4":"has-post-thumbnail","6":"product_cat-miro","7":"product_cat-estampes","8":"product_tag-aquatint","9":"product_tag-dry-point-2","10":"product_tag-print","12":"first","13":"instock","14":"shipping-taxable","15":"product-type-simple"},"yoast_head":"<!-- This site is optimized with the Yoast SEO plugin v27.4 - https:\/\/yoast.com\/product\/yoast-seo-wordpress\/ -->\n<title>Mir\u00f3, Joan, The Dog Barking at the Moon, 1952 - Galerie Institut<\/title>\n<meta name=\"description\" content=\"D\u00e9couvrez l&#039;oeuvre Mir\u00f3, Joan, The Dog Barking at the Moon, 1952 disponible \u00e0 la Galerie de l&#039;Institut. Si vous \u00eates int\u00e9ress\u00e9.e.s par Mir\u00f3, Joan, The Dog Barking at the Moon, 1952 merci de nous contacter \u00e0 contact@galerie-institut.com\" \/>\n<meta name=\"robots\" content=\"index, follow, max-snippet:-1, max-image-preview:large, max-video-preview:-1\" \/>\n<link rel=\"canonical\" href=\"https:\/\/galerie-institut.com\/en\/produit\/miro-joan-a-la-sante-du-serpent-1953-copie\/\" \/>\n<meta property=\"og:locale\" content=\"en_US\" \/>\n<meta property=\"og:type\" content=\"article\" \/>\n<meta property=\"og:title\" content=\"Mir\u00f3, Joan, The Dog Barking at the Moon, 1952 - Galerie Institut\" \/>\n<meta property=\"og:description\" content=\"D\u00e9couvrez l&#039;oeuvre Mir\u00f3, Joan, The Dog Barking at the Moon, 1952 disponible \u00e0 la Galerie de l&#039;Institut. Si vous \u00eates int\u00e9ress\u00e9.e.s par Mir\u00f3, Joan, The Dog Barking at the Moon, 1952 merci de nous contacter \u00e0 contact@galerie-institut.com\" \/>\n<meta property=\"og:url\" content=\"https:\/\/galerie-institut.com\/en\/produit\/miro-joan-a-la-sante-du-serpent-1953-copie\/\" \/>\n<meta property=\"og:site_name\" content=\"Galerie Institut\" \/>\n<meta property=\"article:modified_time\" content=\"2025-11-21T11:43:39+00:00\" \/>\n<meta property=\"og:image\" content=\"https:\/\/galerie-institut.com\/wp-content\/uploads\/2024\/06\/miro-joan-1952-le-chien-aboyant-a-la-lune.webp\" \/>\n\t<meta property=\"og:image:width\" content=\"1000\" \/>\n\t<meta property=\"og:image:height\" content=\"1000\" \/>\n\t<meta property=\"og:image:type\" content=\"image\/webp\" \/>\n<meta name=\"twitter:card\" content=\"summary_large_image\" \/>\n<script type=\"application\/ld+json\" class=\"yoast-schema-graph\">{\"@context\":\"https:\\\/\\\/schema.org\",\"@graph\":[{\"@type\":\"WebPage\",\"@id\":\"https:\\\/\\\/galerie-institut.com\\\/en\\\/produit\\\/miro-joan-a-la-sante-du-serpent-1953-copie\\\/\",\"url\":\"https:\\\/\\\/galerie-institut.com\\\/en\\\/produit\\\/miro-joan-a-la-sante-du-serpent-1953-copie\\\/\",\"name\":\"Mir\u00f3, Joan, The Dog Barking at the Moon, 1952 - Galerie Institut\",\"isPartOf\":{\"@id\":\"https:\\\/\\\/galerie-institut.com\\\/en\\\/#website\"},\"primaryImageOfPage\":{\"@id\":\"https:\\\/\\\/galerie-institut.com\\\/en\\\/produit\\\/miro-joan-a-la-sante-du-serpent-1953-copie\\\/#primaryimage\"},\"image\":{\"@id\":\"https:\\\/\\\/galerie-institut.com\\\/en\\\/produit\\\/miro-joan-a-la-sante-du-serpent-1953-copie\\\/#primaryimage\"},\"thumbnailUrl\":\"https:\\\/\\\/galerie-institut.com\\\/wp-content\\\/uploads\\\/2024\\\/06\\\/miro-joan-1952-le-chien-aboyant-a-la-lune.webp\",\"datePublished\":\"2024-06-25T10:57:51+00:00\",\"dateModified\":\"2025-11-21T11:43:39+00:00\",\"description\":\"D\u00e9couvrez l'oeuvre Mir\u00f3, Joan, The Dog Barking at the Moon, 1952 disponible \u00e0 la Galerie de l'Institut. Si vous \u00eates int\u00e9ress\u00e9.e.s par Mir\u00f3, Joan, The Dog Barking at the Moon, 1952 merci de nous contacter \u00e0 contact@galerie-institut.com\",\"breadcrumb\":{\"@id\":\"https:\\\/\\\/galerie-institut.com\\\/en\\\/produit\\\/miro-joan-a-la-sante-du-serpent-1953-copie\\\/#breadcrumb\"},\"inLanguage\":\"en-US\",\"potentialAction\":[{\"@type\":\"ReadAction\",\"target\":[\"https:\\\/\\\/galerie-institut.com\\\/en\\\/produit\\\/miro-joan-a-la-sante-du-serpent-1953-copie\\\/\"]}]},{\"@type\":\"ImageObject\",\"inLanguage\":\"en-US\",\"@id\":\"https:\\\/\\\/galerie-institut.com\\\/en\\\/produit\\\/miro-joan-a-la-sante-du-serpent-1953-copie\\\/#primaryimage\",\"url\":\"https:\\\/\\\/galerie-institut.com\\\/wp-content\\\/uploads\\\/2024\\\/06\\\/miro-joan-1952-le-chien-aboyant-a-la-lune.webp\",\"contentUrl\":\"https:\\\/\\\/galerie-institut.com\\\/wp-content\\\/uploads\\\/2024\\\/06\\\/miro-joan-1952-le-chien-aboyant-a-la-lune.webp\",\"width\":1000,\"height\":1000,\"caption\":\"miro-joan-1952-le-chien-aboyant-a-la-lune\"},{\"@type\":\"BreadcrumbList\",\"@id\":\"https:\\\/\\\/galerie-institut.com\\\/en\\\/produit\\\/miro-joan-a-la-sante-du-serpent-1953-copie\\\/#breadcrumb\",\"itemListElement\":[{\"@type\":\"ListItem\",\"position\":1,\"name\":\"Accueil\",\"item\":\"https:\\\/\\\/galerie-institut.com\\\/en\\\/accueil\\\/\"},{\"@type\":\"ListItem\",\"position\":2,\"name\":\"Boutique\",\"item\":\"https:\\\/\\\/galerie-institut.com\\\/?page_id=8607\"},{\"@type\":\"ListItem\",\"position\":3,\"name\":\"Mir\u00f3, Joan, The Dog Barking at the Moon, 1952\"}]},{\"@type\":\"WebSite\",\"@id\":\"https:\\\/\\\/galerie-institut.com\\\/en\\\/#website\",\"url\":\"https:\\\/\\\/galerie-institut.com\\\/en\\\/\",\"name\":\"Galerie Institut\",\"description\":\"\",\"potentialAction\":[{\"@type\":\"SearchAction\",\"target\":{\"@type\":\"EntryPoint\",\"urlTemplate\":\"https:\\\/\\\/galerie-institut.com\\\/en\\\/?s={search_term_string}\"},\"query-input\":{\"@type\":\"PropertyValueSpecification\",\"valueRequired\":true,\"valueName\":\"search_term_string\"}}],\"inLanguage\":\"en-US\"}]}<\/script>\n<!-- \/ Yoast SEO plugin. -->","yoast_head_json":{"title":"Mir\u00f3, Joan, The Dog Barking at the Moon, 1952 - Galerie Institut","description":"D\u00e9couvrez l'oeuvre Mir\u00f3, Joan, The Dog Barking at the Moon, 1952 disponible \u00e0 la Galerie de l'Institut. Si vous \u00eates int\u00e9ress\u00e9.e.s par Mir\u00f3, Joan, The Dog Barking at the Moon, 1952 merci de nous contacter \u00e0 contact@galerie-institut.com","robots":{"index":"index","follow":"follow","max-snippet":"max-snippet:-1","max-image-preview":"max-image-preview:large","max-video-preview":"max-video-preview:-1"},"canonical":"https:\/\/galerie-institut.com\/en\/produit\/miro-joan-a-la-sante-du-serpent-1953-copie\/","og_locale":"en_US","og_type":"article","og_title":"Mir\u00f3, Joan, The Dog Barking at the Moon, 1952 - Galerie Institut","og_description":"D\u00e9couvrez l'oeuvre Mir\u00f3, Joan, The Dog Barking at the Moon, 1952 disponible \u00e0 la Galerie de l'Institut. Si vous \u00eates int\u00e9ress\u00e9.e.s par Mir\u00f3, Joan, The Dog Barking at the Moon, 1952 merci de nous contacter \u00e0 contact@galerie-institut.com","og_url":"https:\/\/galerie-institut.com\/en\/produit\/miro-joan-a-la-sante-du-serpent-1953-copie\/","og_site_name":"Galerie Institut","article_modified_time":"2025-11-21T11:43:39+00:00","og_image":[{"width":1000,"height":1000,"url":"https:\/\/galerie-institut.com\/wp-content\/uploads\/2024\/06\/miro-joan-1952-le-chien-aboyant-a-la-lune.webp","type":"image\/webp"}],"twitter_card":"summary_large_image","schema":{"@context":"https:\/\/schema.org","@graph":[{"@type":"WebPage","@id":"https:\/\/galerie-institut.com\/en\/produit\/miro-joan-a-la-sante-du-serpent-1953-copie\/","url":"https:\/\/galerie-institut.com\/en\/produit\/miro-joan-a-la-sante-du-serpent-1953-copie\/","name":"Mir\u00f3, Joan, The Dog Barking at the Moon, 1952 - Galerie Institut","isPartOf":{"@id":"https:\/\/galerie-institut.com\/en\/#website"},"primaryImageOfPage":{"@id":"https:\/\/galerie-institut.com\/en\/produit\/miro-joan-a-la-sante-du-serpent-1953-copie\/#primaryimage"},"image":{"@id":"https:\/\/galerie-institut.com\/en\/produit\/miro-joan-a-la-sante-du-serpent-1953-copie\/#primaryimage"},"thumbnailUrl":"https:\/\/galerie-institut.com\/wp-content\/uploads\/2024\/06\/miro-joan-1952-le-chien-aboyant-a-la-lune.webp","datePublished":"2024-06-25T10:57:51+00:00","dateModified":"2025-11-21T11:43:39+00:00","description":"D\u00e9couvrez l'oeuvre Mir\u00f3, Joan, The Dog Barking at the Moon, 1952 disponible \u00e0 la Galerie de l'Institut. Si vous \u00eates int\u00e9ress\u00e9.e.s par Mir\u00f3, Joan, The Dog Barking at the Moon, 1952 merci de nous contacter \u00e0 contact@galerie-institut.com","breadcrumb":{"@id":"https:\/\/galerie-institut.com\/en\/produit\/miro-joan-a-la-sante-du-serpent-1953-copie\/#breadcrumb"},"inLanguage":"en-US","potentialAction":[{"@type":"ReadAction","target":["https:\/\/galerie-institut.com\/en\/produit\/miro-joan-a-la-sante-du-serpent-1953-copie\/"]}]},{"@type":"ImageObject","inLanguage":"en-US","@id":"https:\/\/galerie-institut.com\/en\/produit\/miro-joan-a-la-sante-du-serpent-1953-copie\/#primaryimage","url":"https:\/\/galerie-institut.com\/wp-content\/uploads\/2024\/06\/miro-joan-1952-le-chien-aboyant-a-la-lune.webp","contentUrl":"https:\/\/galerie-institut.com\/wp-content\/uploads\/2024\/06\/miro-joan-1952-le-chien-aboyant-a-la-lune.webp","width":1000,"height":1000,"caption":"miro-joan-1952-le-chien-aboyant-a-la-lune"},{"@type":"BreadcrumbList","@id":"https:\/\/galerie-institut.com\/en\/produit\/miro-joan-a-la-sante-du-serpent-1953-copie\/#breadcrumb","itemListElement":[{"@type":"ListItem","position":1,"name":"Accueil","item":"https:\/\/galerie-institut.com\/en\/accueil\/"},{"@type":"ListItem","position":2,"name":"Boutique","item":"https:\/\/galerie-institut.com\/?page_id=8607"},{"@type":"ListItem","position":3,"name":"Mir\u00f3, Joan, The Dog Barking at the Moon, 1952"}]},{"@type":"WebSite","@id":"https:\/\/galerie-institut.com\/en\/#website","url":"https:\/\/galerie-institut.com\/en\/","name":"Galerie Institut","description":"","potentialAction":[{"@type":"SearchAction","target":{"@type":"EntryPoint","urlTemplate":"https:\/\/galerie-institut.com\/en\/?s={search_term_string}"},"query-input":{"@type":"PropertyValueSpecification","valueRequired":true,"valueName":"search_term_string"}}],"inLanguage":"en-US"}]}},"_links":{"self":[{"href":"https:\/\/galerie-institut.com\/en\/wp-json\/wp\/v2\/product\/17038","targetHints":{"allow":["GET"]}}],"collection":[{"href":"https:\/\/galerie-institut.com\/en\/wp-json\/wp\/v2\/product"}],"about":[{"href":"https:\/\/galerie-institut.com\/en\/wp-json\/wp\/v2\/types\/product"}],"replies":[{"embeddable":true,"href":"https:\/\/galerie-institut.com\/en\/wp-json\/wp\/v2\/comments?post=17038"}],"wp:featuredmedia":[{"embeddable":true,"href":"https:\/\/galerie-institut.com\/en\/wp-json\/wp\/v2\/media\/17051"}],"wp:attachment":[{"href":"https:\/\/galerie-institut.com\/en\/wp-json\/wp\/v2\/media?parent=17038"}],"wp:term":[{"taxonomy":"product_brand","embeddable":true,"href":"https:\/\/galerie-institut.com\/en\/wp-json\/wp\/v2\/product_brand?post=17038"},{"taxonomy":"product_cat","embeddable":true,"href":"https:\/\/galerie-institut.com\/en\/wp-json\/wp\/v2\/product_cat?post=17038"},{"taxonomy":"product_tag","embeddable":true,"href":"https:\/\/galerie-institut.com\/en\/wp-json\/wp\/v2\/product_tag?post=17038"}],"curies":[{"name":"wp","href":"https:\/\/api.w.org\/{rel}","templated":true}]}}