{"id":17036,"date":"2024-06-22T09:45:44","date_gmt":"2024-06-22T09:45:44","guid":{"rendered":"https:\/\/galerie-institut.com\/produit\/muhl-roger-la-ferme-aux-baux-de-provence-1998\/"},"modified":"2025-11-21T11:43:39","modified_gmt":"2025-11-21T11:43:39","slug":"muhl-roger-la-ferme-aux-baux-de-provence-1998","status":"publish","type":"product","link":"https:\/\/galerie-institut.com\/en\/produit\/muhl-roger-la-ferme-aux-baux-de-provence-1998\/","title":{"rendered":"M\u00fchl, Roger, La Ferme aux baux de Provence, 1998"},"content":{"rendered":"<p>1994<\/p>\n<p>Oil on canvas<\/p>\n<p>50 x 100 cm<\/p>\n<p>Signed by the artist lower right<\/p>\n","protected":false},"excerpt":{"rendered":"<p>In this sparsely vegetated work, the viewer directly feels the intense heat of the rocky Provence of Les Baux. An area of bluish shade, formed by the farmhouse, invites those strolling through the region to come and seek a little coolness. Tiled roofs and lime walls add to the charm of this authentic Alpilles village.  <\/p>\n","protected":false},"featured_media":17037,"comment_status":"open","ping_status":"closed","template":"","meta":{"_et_pb_use_builder":"","_et_pb_old_content":"","_et_gb_content_width":""},"product_brand":[],"product_cat":[286,272],"product_tag":[274],"class_list":{"0":"post-17036","1":"product","2":"type-product","3":"status-publish","4":"has-post-thumbnail","6":"product_cat-muhl","7":"product_cat-unique-works","8":"product_tag-table","10":"first","11":"instock","12":"shipping-taxable","13":"product-type-simple"},"yoast_head":"<!-- This site is optimized with the Yoast SEO plugin v27.3 - https:\/\/yoast.com\/product\/yoast-seo-wordpress\/ -->\n<title>M\u00fchl, Roger, La Ferme aux baux de Provence, 1998 - Galerie Institut<\/title>\n<meta name=\"description\" content=\"D\u00e9couvrez l&#039;oeuvre M\u00fchl, Roger, La Ferme aux baux de Provence, 1998 disponible \u00e0 la Galerie de l&#039;Institut. Si vous \u00eates int\u00e9ress\u00e9.e.s par M\u00fchl, Roger, La Ferme aux baux de Provence, 1998 merci de nous contacter \u00e0 contact@galerie-institut.com\" \/>\n<meta name=\"robots\" content=\"index, follow, max-snippet:-1, max-image-preview:large, max-video-preview:-1\" \/>\n<link rel=\"canonical\" href=\"https:\/\/galerie-institut.com\/en\/produit\/muhl-roger-la-ferme-aux-baux-de-provence-1998\/\" \/>\n<meta property=\"og:locale\" content=\"en_US\" \/>\n<meta property=\"og:type\" content=\"article\" \/>\n<meta property=\"og:title\" content=\"M\u00fchl, Roger, La Ferme aux baux de Provence, 1998 - Galerie Institut\" \/>\n<meta property=\"og:description\" content=\"D\u00e9couvrez l&#039;oeuvre M\u00fchl, Roger, La Ferme aux baux de Provence, 1998 disponible \u00e0 la Galerie de l&#039;Institut. Si vous \u00eates int\u00e9ress\u00e9.e.s par M\u00fchl, Roger, La Ferme aux baux de Provence, 1998 merci de nous contacter \u00e0 contact@galerie-institut.com\" \/>\n<meta property=\"og:url\" content=\"https:\/\/galerie-institut.com\/en\/produit\/muhl-roger-la-ferme-aux-baux-de-provence-1998\/\" \/>\n<meta property=\"og:site_name\" content=\"Galerie Institut\" \/>\n<meta property=\"article:modified_time\" content=\"2025-11-21T11:43:39+00:00\" \/>\n<meta property=\"og:image\" content=\"https:\/\/galerie-institut.com\/wp-content\/uploads\/2024\/06\/1_ferme-baux-provence-copie-1-scaled.webp\" \/>\n\t<meta property=\"og:image:width\" content=\"2000\" \/>\n\t<meta property=\"og:image:height\" content=\"2000\" \/>\n\t<meta property=\"og:image:type\" content=\"image\/webp\" \/>\n<meta name=\"twitter:card\" content=\"summary_large_image\" \/>\n<script type=\"application\/ld+json\" class=\"yoast-schema-graph\">{\"@context\":\"https:\\\/\\\/schema.org\",\"@graph\":[{\"@type\":\"WebPage\",\"@id\":\"https:\\\/\\\/galerie-institut.com\\\/en\\\/produit\\\/muhl-roger-la-ferme-aux-baux-de-provence-1998\\\/\",\"url\":\"https:\\\/\\\/galerie-institut.com\\\/en\\\/produit\\\/muhl-roger-la-ferme-aux-baux-de-provence-1998\\\/\",\"name\":\"M\u00fchl, Roger, La Ferme aux baux de Provence, 1998 - Galerie Institut\",\"isPartOf\":{\"@id\":\"https:\\\/\\\/galerie-institut.com\\\/en\\\/#website\"},\"primaryImageOfPage\":{\"@id\":\"https:\\\/\\\/galerie-institut.com\\\/en\\\/produit\\\/muhl-roger-la-ferme-aux-baux-de-provence-1998\\\/#primaryimage\"},\"image\":{\"@id\":\"https:\\\/\\\/galerie-institut.com\\\/en\\\/produit\\\/muhl-roger-la-ferme-aux-baux-de-provence-1998\\\/#primaryimage\"},\"thumbnailUrl\":\"https:\\\/\\\/galerie-institut.com\\\/wp-content\\\/uploads\\\/2024\\\/06\\\/1_ferme-baux-provence-copie-1-scaled.webp\",\"datePublished\":\"2024-06-22T09:45:44+00:00\",\"dateModified\":\"2025-11-21T11:43:39+00:00\",\"description\":\"D\u00e9couvrez l'oeuvre M\u00fchl, Roger, La Ferme aux baux de Provence, 1998 disponible \u00e0 la Galerie de l'Institut. Si vous \u00eates int\u00e9ress\u00e9.e.s par M\u00fchl, Roger, La Ferme aux baux de Provence, 1998 merci de nous contacter \u00e0 contact@galerie-institut.com\",\"breadcrumb\":{\"@id\":\"https:\\\/\\\/galerie-institut.com\\\/en\\\/produit\\\/muhl-roger-la-ferme-aux-baux-de-provence-1998\\\/#breadcrumb\"},\"inLanguage\":\"en-US\",\"potentialAction\":[{\"@type\":\"ReadAction\",\"target\":[\"https:\\\/\\\/galerie-institut.com\\\/en\\\/produit\\\/muhl-roger-la-ferme-aux-baux-de-provence-1998\\\/\"]}]},{\"@type\":\"ImageObject\",\"inLanguage\":\"en-US\",\"@id\":\"https:\\\/\\\/galerie-institut.com\\\/en\\\/produit\\\/muhl-roger-la-ferme-aux-baux-de-provence-1998\\\/#primaryimage\",\"url\":\"https:\\\/\\\/galerie-institut.com\\\/wp-content\\\/uploads\\\/2024\\\/06\\\/1_ferme-baux-provence-copie-1-scaled.webp\",\"contentUrl\":\"https:\\\/\\\/galerie-institut.com\\\/wp-content\\\/uploads\\\/2024\\\/06\\\/1_ferme-baux-provence-copie-1-scaled.webp\",\"width\":2000,\"height\":2000,\"caption\":\"1_ferme-baux-provence copie\"},{\"@type\":\"BreadcrumbList\",\"@id\":\"https:\\\/\\\/galerie-institut.com\\\/en\\\/produit\\\/muhl-roger-la-ferme-aux-baux-de-provence-1998\\\/#breadcrumb\",\"itemListElement\":[{\"@type\":\"ListItem\",\"position\":1,\"name\":\"Accueil\",\"item\":\"https:\\\/\\\/galerie-institut.com\\\/en\\\/accueil\\\/\"},{\"@type\":\"ListItem\",\"position\":2,\"name\":\"Boutique\",\"item\":\"https:\\\/\\\/galerie-institut.com\\\/?page_id=8607\"},{\"@type\":\"ListItem\",\"position\":3,\"name\":\"M\u00fchl, Roger, La Ferme aux baux de Provence, 1998\"}]},{\"@type\":\"WebSite\",\"@id\":\"https:\\\/\\\/galerie-institut.com\\\/en\\\/#website\",\"url\":\"https:\\\/\\\/galerie-institut.com\\\/en\\\/\",\"name\":\"Galerie Institut\",\"description\":\"\",\"potentialAction\":[{\"@type\":\"SearchAction\",\"target\":{\"@type\":\"EntryPoint\",\"urlTemplate\":\"https:\\\/\\\/galerie-institut.com\\\/en\\\/?s={search_term_string}\"},\"query-input\":{\"@type\":\"PropertyValueSpecification\",\"valueRequired\":true,\"valueName\":\"search_term_string\"}}],\"inLanguage\":\"en-US\"}]}<\/script>\n<!-- \/ Yoast SEO plugin. -->","yoast_head_json":{"title":"M\u00fchl, Roger, La Ferme aux baux de Provence, 1998 - Galerie Institut","description":"D\u00e9couvrez l'oeuvre M\u00fchl, Roger, La Ferme aux baux de Provence, 1998 disponible \u00e0 la Galerie de l'Institut. Si vous \u00eates int\u00e9ress\u00e9.e.s par M\u00fchl, Roger, La Ferme aux baux de Provence, 1998 merci de nous contacter \u00e0 contact@galerie-institut.com","robots":{"index":"index","follow":"follow","max-snippet":"max-snippet:-1","max-image-preview":"max-image-preview:large","max-video-preview":"max-video-preview:-1"},"canonical":"https:\/\/galerie-institut.com\/en\/produit\/muhl-roger-la-ferme-aux-baux-de-provence-1998\/","og_locale":"en_US","og_type":"article","og_title":"M\u00fchl, Roger, La Ferme aux baux de Provence, 1998 - Galerie Institut","og_description":"D\u00e9couvrez l'oeuvre M\u00fchl, Roger, La Ferme aux baux de Provence, 1998 disponible \u00e0 la Galerie de l'Institut. Si vous \u00eates int\u00e9ress\u00e9.e.s par M\u00fchl, Roger, La Ferme aux baux de Provence, 1998 merci de nous contacter \u00e0 contact@galerie-institut.com","og_url":"https:\/\/galerie-institut.com\/en\/produit\/muhl-roger-la-ferme-aux-baux-de-provence-1998\/","og_site_name":"Galerie Institut","article_modified_time":"2025-11-21T11:43:39+00:00","og_image":[{"width":2000,"height":2000,"url":"https:\/\/galerie-institut.com\/wp-content\/uploads\/2024\/06\/1_ferme-baux-provence-copie-1-scaled.webp","type":"image\/webp"}],"twitter_card":"summary_large_image","schema":{"@context":"https:\/\/schema.org","@graph":[{"@type":"WebPage","@id":"https:\/\/galerie-institut.com\/en\/produit\/muhl-roger-la-ferme-aux-baux-de-provence-1998\/","url":"https:\/\/galerie-institut.com\/en\/produit\/muhl-roger-la-ferme-aux-baux-de-provence-1998\/","name":"M\u00fchl, Roger, La Ferme aux baux de Provence, 1998 - Galerie Institut","isPartOf":{"@id":"https:\/\/galerie-institut.com\/en\/#website"},"primaryImageOfPage":{"@id":"https:\/\/galerie-institut.com\/en\/produit\/muhl-roger-la-ferme-aux-baux-de-provence-1998\/#primaryimage"},"image":{"@id":"https:\/\/galerie-institut.com\/en\/produit\/muhl-roger-la-ferme-aux-baux-de-provence-1998\/#primaryimage"},"thumbnailUrl":"https:\/\/galerie-institut.com\/wp-content\/uploads\/2024\/06\/1_ferme-baux-provence-copie-1-scaled.webp","datePublished":"2024-06-22T09:45:44+00:00","dateModified":"2025-11-21T11:43:39+00:00","description":"D\u00e9couvrez l'oeuvre M\u00fchl, Roger, La Ferme aux baux de Provence, 1998 disponible \u00e0 la Galerie de l'Institut. Si vous \u00eates int\u00e9ress\u00e9.e.s par M\u00fchl, Roger, La Ferme aux baux de Provence, 1998 merci de nous contacter \u00e0 contact@galerie-institut.com","breadcrumb":{"@id":"https:\/\/galerie-institut.com\/en\/produit\/muhl-roger-la-ferme-aux-baux-de-provence-1998\/#breadcrumb"},"inLanguage":"en-US","potentialAction":[{"@type":"ReadAction","target":["https:\/\/galerie-institut.com\/en\/produit\/muhl-roger-la-ferme-aux-baux-de-provence-1998\/"]}]},{"@type":"ImageObject","inLanguage":"en-US","@id":"https:\/\/galerie-institut.com\/en\/produit\/muhl-roger-la-ferme-aux-baux-de-provence-1998\/#primaryimage","url":"https:\/\/galerie-institut.com\/wp-content\/uploads\/2024\/06\/1_ferme-baux-provence-copie-1-scaled.webp","contentUrl":"https:\/\/galerie-institut.com\/wp-content\/uploads\/2024\/06\/1_ferme-baux-provence-copie-1-scaled.webp","width":2000,"height":2000,"caption":"1_ferme-baux-provence copie"},{"@type":"BreadcrumbList","@id":"https:\/\/galerie-institut.com\/en\/produit\/muhl-roger-la-ferme-aux-baux-de-provence-1998\/#breadcrumb","itemListElement":[{"@type":"ListItem","position":1,"name":"Accueil","item":"https:\/\/galerie-institut.com\/en\/accueil\/"},{"@type":"ListItem","position":2,"name":"Boutique","item":"https:\/\/galerie-institut.com\/?page_id=8607"},{"@type":"ListItem","position":3,"name":"M\u00fchl, Roger, La Ferme aux baux de Provence, 1998"}]},{"@type":"WebSite","@id":"https:\/\/galerie-institut.com\/en\/#website","url":"https:\/\/galerie-institut.com\/en\/","name":"Galerie Institut","description":"","potentialAction":[{"@type":"SearchAction","target":{"@type":"EntryPoint","urlTemplate":"https:\/\/galerie-institut.com\/en\/?s={search_term_string}"},"query-input":{"@type":"PropertyValueSpecification","valueRequired":true,"valueName":"search_term_string"}}],"inLanguage":"en-US"}]}},"_links":{"self":[{"href":"https:\/\/galerie-institut.com\/en\/wp-json\/wp\/v2\/product\/17036","targetHints":{"allow":["GET"]}}],"collection":[{"href":"https:\/\/galerie-institut.com\/en\/wp-json\/wp\/v2\/product"}],"about":[{"href":"https:\/\/galerie-institut.com\/en\/wp-json\/wp\/v2\/types\/product"}],"replies":[{"embeddable":true,"href":"https:\/\/galerie-institut.com\/en\/wp-json\/wp\/v2\/comments?post=17036"}],"wp:featuredmedia":[{"embeddable":true,"href":"https:\/\/galerie-institut.com\/en\/wp-json\/wp\/v2\/media\/17037"}],"wp:attachment":[{"href":"https:\/\/galerie-institut.com\/en\/wp-json\/wp\/v2\/media?parent=17036"}],"wp:term":[{"taxonomy":"product_brand","embeddable":true,"href":"https:\/\/galerie-institut.com\/en\/wp-json\/wp\/v2\/product_brand?post=17036"},{"taxonomy":"product_cat","embeddable":true,"href":"https:\/\/galerie-institut.com\/en\/wp-json\/wp\/v2\/product_cat?post=17036"},{"taxonomy":"product_tag","embeddable":true,"href":"https:\/\/galerie-institut.com\/en\/wp-json\/wp\/v2\/product_tag?post=17036"}],"curies":[{"name":"wp","href":"https:\/\/api.w.org\/{rel}","templated":true}]}}