{"id":17020,"date":"2024-08-25T10:53:07","date_gmt":"2024-08-25T10:53:07","guid":{"rendered":"https:\/\/galerie-institut.com\/produit\/miro-joan-a-la-sante-du-serpent-1953\/"},"modified":"2025-11-21T11:43:32","modified_gmt":"2025-11-21T11:43:32","slug":"miro-joan-a-la-sante-du-serpent-1953","status":"publish","type":"product","link":"https:\/\/galerie-institut.com\/en\/produit\/miro-joan-a-la-sante-du-serpent-1953\/","title":{"rendered":"Mir\u00f3, Joan, \u00c0 la Sant\u00e9 du Serpent, 1953"},"content":{"rendered":"<p>1954<\/p>\n<p>Original lithograph in color on Arches<\/p>\n<p>19 x 28 cm<\/p>\n<p>Annotated &#8220;Bon \u00e0 tirer&#8221; lower left, signed by the artist in pencil lower center and dated lower right.<\/p>\n<p>G.L.M. \u00e9diteur, Paris.Mourlot imprimeur.<\/p>\n<p>Catalogue raisonn\u00e9: Joan Mir\u00f3 lithographe 142<\/p>\n","protected":false},"excerpt":{"rendered":"<p>Joan Miro and Ren\u00e9 Char worked on bibliophile books on several occasions. They became friends through the Surrealist group, although both soon distanced themselves from it, criticizing its authoritarianism. <\/p>\n<p><em>A la sant\u00e9 du serpent<\/em> is a poem by Ren\u00e9 Char in the form of aphorisms, twenty-seven in all.<br \/>\n&#8220;<\/p>\n<blockquote><p>XXII<\/p>\n<\/blockquote>\n<p> Neglect those to whose eyes man passes for no more than a stage of color on the earth&#8217;s tormented back.<br \/>\nLet them pour out their long remonstrance.<br \/>\n The ink of the poker and the redness of the cloud are one&#8221;.<br \/>\nJoan Miro created a lithograph printed by Mourlot for an original edition of this poem. More than the result of a simple illustration, the artist works hand-in-hand with the poet to create a visual and aural harmony, a complete experience that lifts the reader further into the imaginary. <\/p>\n","protected":false},"featured_media":17024,"comment_status":"open","ping_status":"closed","template":"","meta":{"_et_pb_use_builder":"","_et_pb_old_content":"","_et_gb_content_width":""},"product_brand":[],"product_cat":[275,267],"product_tag":[159,276,268],"class_list":{"0":"post-17020","1":"product","2":"type-product","3":"status-publish","4":"has-post-thumbnail","6":"product_cat-miro","7":"product_cat-estampes","8":"product_tag-aquatint","9":"product_tag-dry-point-2","10":"product_tag-print","12":"first","13":"instock","14":"shipping-taxable","15":"product-type-simple"},"yoast_head":"<!-- This site is optimized with the Yoast SEO plugin v27.4 - https:\/\/yoast.com\/product\/yoast-seo-wordpress\/ -->\n<title>Mir\u00f3, Joan, \u00c0 la Sant\u00e9 du Serpent, 1953 - Galerie Institut<\/title>\n<meta name=\"description\" content=\"D\u00e9couvrez l&#039;oeuvre Mir\u00f3, Joan, \u00c0 la Sant\u00e9 du Serpent, 1953 disponible \u00e0 la Galerie de l&#039;Institut. Si vous \u00eates int\u00e9ress\u00e9.e.s par Mir\u00f3, Joan, \u00c0 la Sant\u00e9 du Serpent, 1953 merci de nous contacter \u00e0 contact@galerie-institut.com\" \/>\n<meta name=\"robots\" content=\"index, follow, max-snippet:-1, max-image-preview:large, max-video-preview:-1\" \/>\n<link rel=\"canonical\" href=\"https:\/\/galerie-institut.com\/en\/produit\/miro-joan-a-la-sante-du-serpent-1953\/\" \/>\n<meta property=\"og:locale\" content=\"en_US\" \/>\n<meta property=\"og:type\" content=\"article\" \/>\n<meta property=\"og:title\" content=\"Mir\u00f3, Joan, \u00c0 la Sant\u00e9 du Serpent, 1953 - Galerie Institut\" \/>\n<meta property=\"og:description\" content=\"D\u00e9couvrez l&#039;oeuvre Mir\u00f3, Joan, \u00c0 la Sant\u00e9 du Serpent, 1953 disponible \u00e0 la Galerie de l&#039;Institut. Si vous \u00eates int\u00e9ress\u00e9.e.s par Mir\u00f3, Joan, \u00c0 la Sant\u00e9 du Serpent, 1953 merci de nous contacter \u00e0 contact@galerie-institut.com\" \/>\n<meta property=\"og:url\" content=\"https:\/\/galerie-institut.com\/en\/produit\/miro-joan-a-la-sante-du-serpent-1953\/\" \/>\n<meta property=\"og:site_name\" content=\"Galerie Institut\" \/>\n<meta property=\"article:modified_time\" content=\"2025-11-21T11:43:32+00:00\" \/>\n<meta property=\"og:image\" content=\"https:\/\/galerie-institut.com\/wp-content\/uploads\/2024\/06\/35843-copie.webp\" \/>\n\t<meta property=\"og:image:width\" content=\"1331\" \/>\n\t<meta property=\"og:image:height\" content=\"1331\" \/>\n\t<meta property=\"og:image:type\" content=\"image\/webp\" \/>\n<meta name=\"twitter:card\" content=\"summary_large_image\" \/>\n<script type=\"application\/ld+json\" class=\"yoast-schema-graph\">{\"@context\":\"https:\\\/\\\/schema.org\",\"@graph\":[{\"@type\":\"WebPage\",\"@id\":\"https:\\\/\\\/galerie-institut.com\\\/en\\\/produit\\\/miro-joan-a-la-sante-du-serpent-1953\\\/\",\"url\":\"https:\\\/\\\/galerie-institut.com\\\/en\\\/produit\\\/miro-joan-a-la-sante-du-serpent-1953\\\/\",\"name\":\"Mir\u00f3, Joan, \u00c0 la Sant\u00e9 du Serpent, 1953 - Galerie Institut\",\"isPartOf\":{\"@id\":\"https:\\\/\\\/galerie-institut.com\\\/en\\\/#website\"},\"primaryImageOfPage\":{\"@id\":\"https:\\\/\\\/galerie-institut.com\\\/en\\\/produit\\\/miro-joan-a-la-sante-du-serpent-1953\\\/#primaryimage\"},\"image\":{\"@id\":\"https:\\\/\\\/galerie-institut.com\\\/en\\\/produit\\\/miro-joan-a-la-sante-du-serpent-1953\\\/#primaryimage\"},\"thumbnailUrl\":\"https:\\\/\\\/galerie-institut.com\\\/wp-content\\\/uploads\\\/2024\\\/06\\\/35843-copie.webp\",\"datePublished\":\"2024-08-25T10:53:07+00:00\",\"dateModified\":\"2025-11-21T11:43:32+00:00\",\"description\":\"D\u00e9couvrez l'oeuvre Mir\u00f3, Joan, \u00c0 la Sant\u00e9 du Serpent, 1953 disponible \u00e0 la Galerie de l'Institut. Si vous \u00eates int\u00e9ress\u00e9.e.s par Mir\u00f3, Joan, \u00c0 la Sant\u00e9 du Serpent, 1953 merci de nous contacter \u00e0 contact@galerie-institut.com\",\"breadcrumb\":{\"@id\":\"https:\\\/\\\/galerie-institut.com\\\/en\\\/produit\\\/miro-joan-a-la-sante-du-serpent-1953\\\/#breadcrumb\"},\"inLanguage\":\"en-US\",\"potentialAction\":[{\"@type\":\"ReadAction\",\"target\":[\"https:\\\/\\\/galerie-institut.com\\\/en\\\/produit\\\/miro-joan-a-la-sante-du-serpent-1953\\\/\"]}]},{\"@type\":\"ImageObject\",\"inLanguage\":\"en-US\",\"@id\":\"https:\\\/\\\/galerie-institut.com\\\/en\\\/produit\\\/miro-joan-a-la-sante-du-serpent-1953\\\/#primaryimage\",\"url\":\"https:\\\/\\\/galerie-institut.com\\\/wp-content\\\/uploads\\\/2024\\\/06\\\/35843-copie.webp\",\"contentUrl\":\"https:\\\/\\\/galerie-institut.com\\\/wp-content\\\/uploads\\\/2024\\\/06\\\/35843-copie.webp\",\"width\":1331,\"height\":1331,\"caption\":\"35843 copie\"},{\"@type\":\"BreadcrumbList\",\"@id\":\"https:\\\/\\\/galerie-institut.com\\\/en\\\/produit\\\/miro-joan-a-la-sante-du-serpent-1953\\\/#breadcrumb\",\"itemListElement\":[{\"@type\":\"ListItem\",\"position\":1,\"name\":\"Accueil\",\"item\":\"https:\\\/\\\/galerie-institut.com\\\/en\\\/accueil\\\/\"},{\"@type\":\"ListItem\",\"position\":2,\"name\":\"Boutique\",\"item\":\"https:\\\/\\\/galerie-institut.com\\\/?page_id=8607\"},{\"@type\":\"ListItem\",\"position\":3,\"name\":\"Mir\u00f3, Joan, \u00c0 la Sant\u00e9 du Serpent, 1953\"}]},{\"@type\":\"WebSite\",\"@id\":\"https:\\\/\\\/galerie-institut.com\\\/en\\\/#website\",\"url\":\"https:\\\/\\\/galerie-institut.com\\\/en\\\/\",\"name\":\"Galerie Institut\",\"description\":\"\",\"potentialAction\":[{\"@type\":\"SearchAction\",\"target\":{\"@type\":\"EntryPoint\",\"urlTemplate\":\"https:\\\/\\\/galerie-institut.com\\\/en\\\/?s={search_term_string}\"},\"query-input\":{\"@type\":\"PropertyValueSpecification\",\"valueRequired\":true,\"valueName\":\"search_term_string\"}}],\"inLanguage\":\"en-US\"}]}<\/script>\n<!-- \/ Yoast SEO plugin. -->","yoast_head_json":{"title":"Mir\u00f3, Joan, \u00c0 la Sant\u00e9 du Serpent, 1953 - Galerie Institut","description":"D\u00e9couvrez l'oeuvre Mir\u00f3, Joan, \u00c0 la Sant\u00e9 du Serpent, 1953 disponible \u00e0 la Galerie de l'Institut. Si vous \u00eates int\u00e9ress\u00e9.e.s par Mir\u00f3, Joan, \u00c0 la Sant\u00e9 du Serpent, 1953 merci de nous contacter \u00e0 contact@galerie-institut.com","robots":{"index":"index","follow":"follow","max-snippet":"max-snippet:-1","max-image-preview":"max-image-preview:large","max-video-preview":"max-video-preview:-1"},"canonical":"https:\/\/galerie-institut.com\/en\/produit\/miro-joan-a-la-sante-du-serpent-1953\/","og_locale":"en_US","og_type":"article","og_title":"Mir\u00f3, Joan, \u00c0 la Sant\u00e9 du Serpent, 1953 - Galerie Institut","og_description":"D\u00e9couvrez l'oeuvre Mir\u00f3, Joan, \u00c0 la Sant\u00e9 du Serpent, 1953 disponible \u00e0 la Galerie de l'Institut. Si vous \u00eates int\u00e9ress\u00e9.e.s par Mir\u00f3, Joan, \u00c0 la Sant\u00e9 du Serpent, 1953 merci de nous contacter \u00e0 contact@galerie-institut.com","og_url":"https:\/\/galerie-institut.com\/en\/produit\/miro-joan-a-la-sante-du-serpent-1953\/","og_site_name":"Galerie Institut","article_modified_time":"2025-11-21T11:43:32+00:00","og_image":[{"width":1331,"height":1331,"url":"https:\/\/galerie-institut.com\/wp-content\/uploads\/2024\/06\/35843-copie.webp","type":"image\/webp"}],"twitter_card":"summary_large_image","schema":{"@context":"https:\/\/schema.org","@graph":[{"@type":"WebPage","@id":"https:\/\/galerie-institut.com\/en\/produit\/miro-joan-a-la-sante-du-serpent-1953\/","url":"https:\/\/galerie-institut.com\/en\/produit\/miro-joan-a-la-sante-du-serpent-1953\/","name":"Mir\u00f3, Joan, \u00c0 la Sant\u00e9 du Serpent, 1953 - Galerie Institut","isPartOf":{"@id":"https:\/\/galerie-institut.com\/en\/#website"},"primaryImageOfPage":{"@id":"https:\/\/galerie-institut.com\/en\/produit\/miro-joan-a-la-sante-du-serpent-1953\/#primaryimage"},"image":{"@id":"https:\/\/galerie-institut.com\/en\/produit\/miro-joan-a-la-sante-du-serpent-1953\/#primaryimage"},"thumbnailUrl":"https:\/\/galerie-institut.com\/wp-content\/uploads\/2024\/06\/35843-copie.webp","datePublished":"2024-08-25T10:53:07+00:00","dateModified":"2025-11-21T11:43:32+00:00","description":"D\u00e9couvrez l'oeuvre Mir\u00f3, Joan, \u00c0 la Sant\u00e9 du Serpent, 1953 disponible \u00e0 la Galerie de l'Institut. Si vous \u00eates int\u00e9ress\u00e9.e.s par Mir\u00f3, Joan, \u00c0 la Sant\u00e9 du Serpent, 1953 merci de nous contacter \u00e0 contact@galerie-institut.com","breadcrumb":{"@id":"https:\/\/galerie-institut.com\/en\/produit\/miro-joan-a-la-sante-du-serpent-1953\/#breadcrumb"},"inLanguage":"en-US","potentialAction":[{"@type":"ReadAction","target":["https:\/\/galerie-institut.com\/en\/produit\/miro-joan-a-la-sante-du-serpent-1953\/"]}]},{"@type":"ImageObject","inLanguage":"en-US","@id":"https:\/\/galerie-institut.com\/en\/produit\/miro-joan-a-la-sante-du-serpent-1953\/#primaryimage","url":"https:\/\/galerie-institut.com\/wp-content\/uploads\/2024\/06\/35843-copie.webp","contentUrl":"https:\/\/galerie-institut.com\/wp-content\/uploads\/2024\/06\/35843-copie.webp","width":1331,"height":1331,"caption":"35843 copie"},{"@type":"BreadcrumbList","@id":"https:\/\/galerie-institut.com\/en\/produit\/miro-joan-a-la-sante-du-serpent-1953\/#breadcrumb","itemListElement":[{"@type":"ListItem","position":1,"name":"Accueil","item":"https:\/\/galerie-institut.com\/en\/accueil\/"},{"@type":"ListItem","position":2,"name":"Boutique","item":"https:\/\/galerie-institut.com\/?page_id=8607"},{"@type":"ListItem","position":3,"name":"Mir\u00f3, Joan, \u00c0 la Sant\u00e9 du Serpent, 1953"}]},{"@type":"WebSite","@id":"https:\/\/galerie-institut.com\/en\/#website","url":"https:\/\/galerie-institut.com\/en\/","name":"Galerie Institut","description":"","potentialAction":[{"@type":"SearchAction","target":{"@type":"EntryPoint","urlTemplate":"https:\/\/galerie-institut.com\/en\/?s={search_term_string}"},"query-input":{"@type":"PropertyValueSpecification","valueRequired":true,"valueName":"search_term_string"}}],"inLanguage":"en-US"}]}},"_links":{"self":[{"href":"https:\/\/galerie-institut.com\/en\/wp-json\/wp\/v2\/product\/17020","targetHints":{"allow":["GET"]}}],"collection":[{"href":"https:\/\/galerie-institut.com\/en\/wp-json\/wp\/v2\/product"}],"about":[{"href":"https:\/\/galerie-institut.com\/en\/wp-json\/wp\/v2\/types\/product"}],"replies":[{"embeddable":true,"href":"https:\/\/galerie-institut.com\/en\/wp-json\/wp\/v2\/comments?post=17020"}],"wp:featuredmedia":[{"embeddable":true,"href":"https:\/\/galerie-institut.com\/en\/wp-json\/wp\/v2\/media\/17024"}],"wp:attachment":[{"href":"https:\/\/galerie-institut.com\/en\/wp-json\/wp\/v2\/media?parent=17020"}],"wp:term":[{"taxonomy":"product_brand","embeddable":true,"href":"https:\/\/galerie-institut.com\/en\/wp-json\/wp\/v2\/product_brand?post=17020"},{"taxonomy":"product_cat","embeddable":true,"href":"https:\/\/galerie-institut.com\/en\/wp-json\/wp\/v2\/product_cat?post=17020"},{"taxonomy":"product_tag","embeddable":true,"href":"https:\/\/galerie-institut.com\/en\/wp-json\/wp\/v2\/product_tag?post=17020"}],"curies":[{"name":"wp","href":"https:\/\/api.w.org\/{rel}","templated":true}]}}