{"id":16980,"date":"2024-12-04T09:52:02","date_gmt":"2024-12-04T09:52:02","guid":{"rendered":"https:\/\/galerie-institut.com\/produit\/chagall-marc-the-blue-sky-of-dreams-1984-2\/"},"modified":"2025-11-21T11:22:04","modified_gmt":"2025-11-21T11:22:04","slug":"chagall-marc-le-ciel-bleu-des-reves-1985","status":"publish","type":"product","link":"https:\/\/galerie-institut.com\/en\/produit\/chagall-marc-le-ciel-bleu-des-reves-1985\/","title":{"rendered":"Chagall, Marc, The Blue Sky of Dreams, 1984"},"content":{"rendered":"<p>1984<\/p>\n<p>Preparatory study in black for lithograph M.1040. Lithographic ink and graphite drawing on transfer paper, mounted on paper. <\/p>\n<p>66 x 42 cm<\/p>\n<p>Signed with the initials M.Ch lower right.<\/p>\n<p>Unique work<\/p>\n<p>Catalog raisonn\u00e9: Sorlier 1040.<\/p>\n","protected":false},"excerpt":{"rendered":"<p>1984 Preparatory study in black for lithograph M.1040. Lithographic ink and graphite drawing on transfer paper, mounted on paper. 66 x 42 cm Signed with the initials M.Ch lower right. Unique work Catalog raisonn\u00e9: Sorlier 1040.<\/p>\n","protected":false},"featured_media":16981,"comment_status":"open","ping_status":"closed","template":"","meta":{"_et_pb_use_builder":"","_et_pb_old_content":"","_et_gb_content_width":""},"product_brand":[],"product_cat":[271,272],"product_tag":[180,268],"class_list":{"0":"post-16980","1":"product","2":"type-product","3":"status-publish","4":"has-post-thumbnail","6":"product_cat-chagall","7":"product_cat-unique-works","8":"product_tag-lithography","9":"product_tag-print","11":"first","12":"instock","13":"shipping-taxable","14":"product-type-simple"},"yoast_head":"<!-- This site is optimized with the Yoast SEO plugin v27.4 - https:\/\/yoast.com\/product\/yoast-seo-wordpress\/ -->\n<title>Chagall, Marc, The Blue Sky of Dreams, 1984 - Galerie Institut<\/title>\n<meta name=\"description\" content=\"D\u00e9couvrez l&#039;oeuvre Chagall, Marc, The Blue Sky of Dreams, 1984 disponible \u00e0 la Galerie de l&#039;Institut. Si vous \u00eates int\u00e9ress\u00e9.e.s par Chagall, Marc, The Blue Sky of Dreams, 1984 merci de nous contacter \u00e0 contact@galerie-institut.com\" \/>\n<meta name=\"robots\" content=\"index, follow, max-snippet:-1, max-image-preview:large, max-video-preview:-1\" \/>\n<link rel=\"canonical\" href=\"https:\/\/galerie-institut.com\/en\/produit\/chagall-marc-le-ciel-bleu-des-reves-1985\/\" \/>\n<meta property=\"og:locale\" content=\"en_US\" \/>\n<meta property=\"og:type\" content=\"article\" \/>\n<meta property=\"og:title\" content=\"Chagall, Marc, The Blue Sky of Dreams, 1984 - Galerie Institut\" \/>\n<meta property=\"og:description\" content=\"D\u00e9couvrez l&#039;oeuvre Chagall, Marc, The Blue Sky of Dreams, 1984 disponible \u00e0 la Galerie de l&#039;Institut. Si vous \u00eates int\u00e9ress\u00e9.e.s par Chagall, Marc, The Blue Sky of Dreams, 1984 merci de nous contacter \u00e0 contact@galerie-institut.com\" \/>\n<meta property=\"og:url\" content=\"https:\/\/galerie-institut.com\/en\/produit\/chagall-marc-le-ciel-bleu-des-reves-1985\/\" \/>\n<meta property=\"og:site_name\" content=\"Galerie Institut\" \/>\n<meta property=\"article:modified_time\" content=\"2025-11-21T11:22:04+00:00\" \/>\n<meta property=\"og:image\" content=\"https:\/\/galerie-institut.com\/wp-content\/uploads\/2024\/12\/3277-copie.webp\" \/>\n\t<meta property=\"og:image:width\" content=\"1912\" \/>\n\t<meta property=\"og:image:height\" content=\"1912\" \/>\n\t<meta property=\"og:image:type\" content=\"image\/webp\" \/>\n<meta name=\"twitter:card\" content=\"summary_large_image\" \/>\n<script type=\"application\/ld+json\" class=\"yoast-schema-graph\">{\"@context\":\"https:\\\/\\\/schema.org\",\"@graph\":[{\"@type\":\"WebPage\",\"@id\":\"https:\\\/\\\/galerie-institut.com\\\/en\\\/produit\\\/chagall-marc-le-ciel-bleu-des-reves-1985\\\/\",\"url\":\"https:\\\/\\\/galerie-institut.com\\\/en\\\/produit\\\/chagall-marc-le-ciel-bleu-des-reves-1985\\\/\",\"name\":\"Chagall, Marc, The Blue Sky of Dreams, 1984 - Galerie Institut\",\"isPartOf\":{\"@id\":\"https:\\\/\\\/galerie-institut.com\\\/en\\\/#website\"},\"primaryImageOfPage\":{\"@id\":\"https:\\\/\\\/galerie-institut.com\\\/en\\\/produit\\\/chagall-marc-le-ciel-bleu-des-reves-1985\\\/#primaryimage\"},\"image\":{\"@id\":\"https:\\\/\\\/galerie-institut.com\\\/en\\\/produit\\\/chagall-marc-le-ciel-bleu-des-reves-1985\\\/#primaryimage\"},\"thumbnailUrl\":\"https:\\\/\\\/galerie-institut.com\\\/wp-content\\\/uploads\\\/2024\\\/12\\\/3277-copie.webp\",\"datePublished\":\"2024-12-04T09:52:02+00:00\",\"dateModified\":\"2025-11-21T11:22:04+00:00\",\"description\":\"D\u00e9couvrez l'oeuvre Chagall, Marc, The Blue Sky of Dreams, 1984 disponible \u00e0 la Galerie de l'Institut. Si vous \u00eates int\u00e9ress\u00e9.e.s par Chagall, Marc, The Blue Sky of Dreams, 1984 merci de nous contacter \u00e0 contact@galerie-institut.com\",\"breadcrumb\":{\"@id\":\"https:\\\/\\\/galerie-institut.com\\\/en\\\/produit\\\/chagall-marc-le-ciel-bleu-des-reves-1985\\\/#breadcrumb\"},\"inLanguage\":\"en-US\",\"potentialAction\":[{\"@type\":\"ReadAction\",\"target\":[\"https:\\\/\\\/galerie-institut.com\\\/en\\\/produit\\\/chagall-marc-le-ciel-bleu-des-reves-1985\\\/\"]}]},{\"@type\":\"ImageObject\",\"inLanguage\":\"en-US\",\"@id\":\"https:\\\/\\\/galerie-institut.com\\\/en\\\/produit\\\/chagall-marc-le-ciel-bleu-des-reves-1985\\\/#primaryimage\",\"url\":\"https:\\\/\\\/galerie-institut.com\\\/wp-content\\\/uploads\\\/2024\\\/12\\\/3277-copie.webp\",\"contentUrl\":\"https:\\\/\\\/galerie-institut.com\\\/wp-content\\\/uploads\\\/2024\\\/12\\\/3277-copie.webp\",\"width\":1912,\"height\":1912,\"caption\":\"3277 copie\"},{\"@type\":\"BreadcrumbList\",\"@id\":\"https:\\\/\\\/galerie-institut.com\\\/en\\\/produit\\\/chagall-marc-le-ciel-bleu-des-reves-1985\\\/#breadcrumb\",\"itemListElement\":[{\"@type\":\"ListItem\",\"position\":1,\"name\":\"Accueil\",\"item\":\"https:\\\/\\\/galerie-institut.com\\\/en\\\/accueil\\\/\"},{\"@type\":\"ListItem\",\"position\":2,\"name\":\"Boutique\",\"item\":\"https:\\\/\\\/galerie-institut.com\\\/?page_id=8607\"},{\"@type\":\"ListItem\",\"position\":3,\"name\":\"Chagall, Marc, The Blue Sky of Dreams, 1984\"}]},{\"@type\":\"WebSite\",\"@id\":\"https:\\\/\\\/galerie-institut.com\\\/en\\\/#website\",\"url\":\"https:\\\/\\\/galerie-institut.com\\\/en\\\/\",\"name\":\"Galerie Institut\",\"description\":\"\",\"potentialAction\":[{\"@type\":\"SearchAction\",\"target\":{\"@type\":\"EntryPoint\",\"urlTemplate\":\"https:\\\/\\\/galerie-institut.com\\\/en\\\/?s={search_term_string}\"},\"query-input\":{\"@type\":\"PropertyValueSpecification\",\"valueRequired\":true,\"valueName\":\"search_term_string\"}}],\"inLanguage\":\"en-US\"}]}<\/script>\n<!-- \/ Yoast SEO plugin. -->","yoast_head_json":{"title":"Chagall, Marc, The Blue Sky of Dreams, 1984 - Galerie Institut","description":"D\u00e9couvrez l'oeuvre Chagall, Marc, The Blue Sky of Dreams, 1984 disponible \u00e0 la Galerie de l'Institut. Si vous \u00eates int\u00e9ress\u00e9.e.s par Chagall, Marc, The Blue Sky of Dreams, 1984 merci de nous contacter \u00e0 contact@galerie-institut.com","robots":{"index":"index","follow":"follow","max-snippet":"max-snippet:-1","max-image-preview":"max-image-preview:large","max-video-preview":"max-video-preview:-1"},"canonical":"https:\/\/galerie-institut.com\/en\/produit\/chagall-marc-le-ciel-bleu-des-reves-1985\/","og_locale":"en_US","og_type":"article","og_title":"Chagall, Marc, The Blue Sky of Dreams, 1984 - Galerie Institut","og_description":"D\u00e9couvrez l'oeuvre Chagall, Marc, The Blue Sky of Dreams, 1984 disponible \u00e0 la Galerie de l'Institut. Si vous \u00eates int\u00e9ress\u00e9.e.s par Chagall, Marc, The Blue Sky of Dreams, 1984 merci de nous contacter \u00e0 contact@galerie-institut.com","og_url":"https:\/\/galerie-institut.com\/en\/produit\/chagall-marc-le-ciel-bleu-des-reves-1985\/","og_site_name":"Galerie Institut","article_modified_time":"2025-11-21T11:22:04+00:00","og_image":[{"width":1912,"height":1912,"url":"https:\/\/galerie-institut.com\/wp-content\/uploads\/2024\/12\/3277-copie.webp","type":"image\/webp"}],"twitter_card":"summary_large_image","schema":{"@context":"https:\/\/schema.org","@graph":[{"@type":"WebPage","@id":"https:\/\/galerie-institut.com\/en\/produit\/chagall-marc-le-ciel-bleu-des-reves-1985\/","url":"https:\/\/galerie-institut.com\/en\/produit\/chagall-marc-le-ciel-bleu-des-reves-1985\/","name":"Chagall, Marc, The Blue Sky of Dreams, 1984 - Galerie Institut","isPartOf":{"@id":"https:\/\/galerie-institut.com\/en\/#website"},"primaryImageOfPage":{"@id":"https:\/\/galerie-institut.com\/en\/produit\/chagall-marc-le-ciel-bleu-des-reves-1985\/#primaryimage"},"image":{"@id":"https:\/\/galerie-institut.com\/en\/produit\/chagall-marc-le-ciel-bleu-des-reves-1985\/#primaryimage"},"thumbnailUrl":"https:\/\/galerie-institut.com\/wp-content\/uploads\/2024\/12\/3277-copie.webp","datePublished":"2024-12-04T09:52:02+00:00","dateModified":"2025-11-21T11:22:04+00:00","description":"D\u00e9couvrez l'oeuvre Chagall, Marc, The Blue Sky of Dreams, 1984 disponible \u00e0 la Galerie de l'Institut. Si vous \u00eates int\u00e9ress\u00e9.e.s par Chagall, Marc, The Blue Sky of Dreams, 1984 merci de nous contacter \u00e0 contact@galerie-institut.com","breadcrumb":{"@id":"https:\/\/galerie-institut.com\/en\/produit\/chagall-marc-le-ciel-bleu-des-reves-1985\/#breadcrumb"},"inLanguage":"en-US","potentialAction":[{"@type":"ReadAction","target":["https:\/\/galerie-institut.com\/en\/produit\/chagall-marc-le-ciel-bleu-des-reves-1985\/"]}]},{"@type":"ImageObject","inLanguage":"en-US","@id":"https:\/\/galerie-institut.com\/en\/produit\/chagall-marc-le-ciel-bleu-des-reves-1985\/#primaryimage","url":"https:\/\/galerie-institut.com\/wp-content\/uploads\/2024\/12\/3277-copie.webp","contentUrl":"https:\/\/galerie-institut.com\/wp-content\/uploads\/2024\/12\/3277-copie.webp","width":1912,"height":1912,"caption":"3277 copie"},{"@type":"BreadcrumbList","@id":"https:\/\/galerie-institut.com\/en\/produit\/chagall-marc-le-ciel-bleu-des-reves-1985\/#breadcrumb","itemListElement":[{"@type":"ListItem","position":1,"name":"Accueil","item":"https:\/\/galerie-institut.com\/en\/accueil\/"},{"@type":"ListItem","position":2,"name":"Boutique","item":"https:\/\/galerie-institut.com\/?page_id=8607"},{"@type":"ListItem","position":3,"name":"Chagall, Marc, The Blue Sky of Dreams, 1984"}]},{"@type":"WebSite","@id":"https:\/\/galerie-institut.com\/en\/#website","url":"https:\/\/galerie-institut.com\/en\/","name":"Galerie Institut","description":"","potentialAction":[{"@type":"SearchAction","target":{"@type":"EntryPoint","urlTemplate":"https:\/\/galerie-institut.com\/en\/?s={search_term_string}"},"query-input":{"@type":"PropertyValueSpecification","valueRequired":true,"valueName":"search_term_string"}}],"inLanguage":"en-US"}]}},"_links":{"self":[{"href":"https:\/\/galerie-institut.com\/en\/wp-json\/wp\/v2\/product\/16980","targetHints":{"allow":["GET"]}}],"collection":[{"href":"https:\/\/galerie-institut.com\/en\/wp-json\/wp\/v2\/product"}],"about":[{"href":"https:\/\/galerie-institut.com\/en\/wp-json\/wp\/v2\/types\/product"}],"replies":[{"embeddable":true,"href":"https:\/\/galerie-institut.com\/en\/wp-json\/wp\/v2\/comments?post=16980"}],"wp:featuredmedia":[{"embeddable":true,"href":"https:\/\/galerie-institut.com\/en\/wp-json\/wp\/v2\/media\/16981"}],"wp:attachment":[{"href":"https:\/\/galerie-institut.com\/en\/wp-json\/wp\/v2\/media?parent=16980"}],"wp:term":[{"taxonomy":"product_brand","embeddable":true,"href":"https:\/\/galerie-institut.com\/en\/wp-json\/wp\/v2\/product_brand?post=16980"},{"taxonomy":"product_cat","embeddable":true,"href":"https:\/\/galerie-institut.com\/en\/wp-json\/wp\/v2\/product_cat?post=16980"},{"taxonomy":"product_tag","embeddable":true,"href":"https:\/\/galerie-institut.com\/en\/wp-json\/wp\/v2\/product_tag?post=16980"}],"curies":[{"name":"wp","href":"https:\/\/api.w.org\/{rel}","templated":true}]}}