{"id":16973,"date":"2024-10-21T18:02:03","date_gmt":"2024-10-21T18:02:03","guid":{"rendered":"https:\/\/galerie-institut.com\/produit\/chagall-marc-the-red-flowers-1973\/"},"modified":"2025-11-21T11:21:55","modified_gmt":"2025-11-21T11:21:55","slug":"chagall-marc-les-fleurs-rouges-1973","status":"publish","type":"product","link":"https:\/\/galerie-institut.com\/en\/produit\/chagall-marc-les-fleurs-rouges-1973\/","title":{"rendered":"Chagall, Marc, The Red Flowers, 1973"},"content":{"rendered":"<p>1973<\/p>\n<p>Original lithograph in color on Japon paper<\/p>\n<p>76 x 55.5 cm<\/p>\n<p>Annotated &#8220;H.C. Epreuve de collaborateur&#8221; lower left, signed by the artist in pencil lower right<\/p>\n<p>Tirage Mourlot, Paris<\/p>\n<p>Catalogue raisonn\u00e9 : Sorlier 705<\/p>\n","protected":false},"excerpt":{"rendered":"<p>This composition precedes <a href=\"https:\/\/galerie-institut.com\/en\/produit\/chagall-marc-the-blue-bouquet-1974\/\"><u>Bouquet bleu<\/u><\/a> of 1974, and already gives a central place to the still life: <a href=\"https:\/\/galerie-institut.com\/en\/marc-chagall\/\">Marc Chagall<\/a> places the oversized bouquet at the center of the composition. This time, he accompanies it with a basket of fruit in the foreground, while the two lovers play an almost secondary role. This subject has been taken up many times by the artist in the form of variants: sometimes several bouquets are represented, sometimes the lovers are absent.  <\/p>\n","protected":false},"featured_media":16866,"comment_status":"open","ping_status":"closed","template":"","meta":{"_et_pb_use_builder":"","_et_pb_old_content":"","_et_gb_content_width":""},"product_brand":[],"product_cat":[271,267],"product_tag":[180,268],"class_list":{"0":"post-16973","1":"product","2":"type-product","3":"status-publish","4":"has-post-thumbnail","6":"product_cat-chagall","7":"product_cat-estampes","8":"product_tag-lithography","9":"product_tag-print","11":"first","12":"instock","13":"shipping-taxable","14":"product-type-simple"},"yoast_head":"<!-- This site is optimized with the Yoast SEO plugin v27.4 - https:\/\/yoast.com\/product\/yoast-seo-wordpress\/ -->\n<title>Chagall, Marc, The Red Flowers, 1973 - Galerie Institut<\/title>\n<meta name=\"description\" content=\"D\u00e9couvrez l&#039;oeuvre Chagall, Marc, The Red Flowers, 1973 disponible \u00e0 la Galerie de l&#039;Institut. Si vous \u00eates int\u00e9ress\u00e9.e.s par Chagall, Marc, The Red Flowers, 1973 merci de nous contacter \u00e0 contact@galerie-institut.com\" \/>\n<meta name=\"robots\" content=\"index, follow, max-snippet:-1, max-image-preview:large, max-video-preview:-1\" \/>\n<link rel=\"canonical\" href=\"https:\/\/galerie-institut.com\/en\/produit\/chagall-marc-les-fleurs-rouges-1973\/\" \/>\n<meta property=\"og:locale\" content=\"en_US\" \/>\n<meta property=\"og:type\" content=\"article\" \/>\n<meta property=\"og:title\" content=\"Chagall, Marc, The Red Flowers, 1973 - Galerie Institut\" \/>\n<meta property=\"og:description\" content=\"D\u00e9couvrez l&#039;oeuvre Chagall, Marc, The Red Flowers, 1973 disponible \u00e0 la Galerie de l&#039;Institut. Si vous \u00eates int\u00e9ress\u00e9.e.s par Chagall, Marc, The Red Flowers, 1973 merci de nous contacter \u00e0 contact@galerie-institut.com\" \/>\n<meta property=\"og:url\" content=\"https:\/\/galerie-institut.com\/en\/produit\/chagall-marc-les-fleurs-rouges-1973\/\" \/>\n<meta property=\"og:site_name\" content=\"Galerie Institut\" \/>\n<meta property=\"article:modified_time\" content=\"2025-11-21T11:21:55+00:00\" \/>\n<meta property=\"og:image\" content=\"https:\/\/galerie-institut.com\/wp-content\/uploads\/2023\/04\/chagall-marc-1973-les-fleurs-rouges-800x800.webp\" \/>\n\t<meta property=\"og:image:width\" content=\"800\" \/>\n\t<meta property=\"og:image:height\" content=\"800\" \/>\n\t<meta property=\"og:image:type\" content=\"image\/webp\" \/>\n<meta name=\"twitter:card\" content=\"summary_large_image\" \/>\n<script type=\"application\/ld+json\" class=\"yoast-schema-graph\">{\"@context\":\"https:\\\/\\\/schema.org\",\"@graph\":[{\"@type\":\"WebPage\",\"@id\":\"https:\\\/\\\/galerie-institut.com\\\/en\\\/produit\\\/chagall-marc-les-fleurs-rouges-1973\\\/\",\"url\":\"https:\\\/\\\/galerie-institut.com\\\/en\\\/produit\\\/chagall-marc-les-fleurs-rouges-1973\\\/\",\"name\":\"Chagall, Marc, The Red Flowers, 1973 - Galerie Institut\",\"isPartOf\":{\"@id\":\"https:\\\/\\\/galerie-institut.com\\\/en\\\/#website\"},\"primaryImageOfPage\":{\"@id\":\"https:\\\/\\\/galerie-institut.com\\\/en\\\/produit\\\/chagall-marc-les-fleurs-rouges-1973\\\/#primaryimage\"},\"image\":{\"@id\":\"https:\\\/\\\/galerie-institut.com\\\/en\\\/produit\\\/chagall-marc-les-fleurs-rouges-1973\\\/#primaryimage\"},\"thumbnailUrl\":\"https:\\\/\\\/galerie-institut.com\\\/wp-content\\\/uploads\\\/2023\\\/04\\\/chagall-marc-1973-les-fleurs-rouges-scaled.webp\",\"datePublished\":\"2024-10-21T18:02:03+00:00\",\"dateModified\":\"2025-11-21T11:21:55+00:00\",\"description\":\"D\u00e9couvrez l'oeuvre Chagall, Marc, The Red Flowers, 1973 disponible \u00e0 la Galerie de l'Institut. Si vous \u00eates int\u00e9ress\u00e9.e.s par Chagall, Marc, The Red Flowers, 1973 merci de nous contacter \u00e0 contact@galerie-institut.com\",\"breadcrumb\":{\"@id\":\"https:\\\/\\\/galerie-institut.com\\\/en\\\/produit\\\/chagall-marc-les-fleurs-rouges-1973\\\/#breadcrumb\"},\"inLanguage\":\"en-US\",\"potentialAction\":[{\"@type\":\"ReadAction\",\"target\":[\"https:\\\/\\\/galerie-institut.com\\\/en\\\/produit\\\/chagall-marc-les-fleurs-rouges-1973\\\/\"]}]},{\"@type\":\"ImageObject\",\"inLanguage\":\"en-US\",\"@id\":\"https:\\\/\\\/galerie-institut.com\\\/en\\\/produit\\\/chagall-marc-les-fleurs-rouges-1973\\\/#primaryimage\",\"url\":\"https:\\\/\\\/galerie-institut.com\\\/wp-content\\\/uploads\\\/2023\\\/04\\\/chagall-marc-1973-les-fleurs-rouges-scaled.webp\",\"contentUrl\":\"https:\\\/\\\/galerie-institut.com\\\/wp-content\\\/uploads\\\/2023\\\/04\\\/chagall-marc-1973-les-fleurs-rouges-scaled.webp\",\"width\":2000,\"height\":2000,\"caption\":\"chagall-marc-1973-les-fleurs-rouges\"},{\"@type\":\"BreadcrumbList\",\"@id\":\"https:\\\/\\\/galerie-institut.com\\\/en\\\/produit\\\/chagall-marc-les-fleurs-rouges-1973\\\/#breadcrumb\",\"itemListElement\":[{\"@type\":\"ListItem\",\"position\":1,\"name\":\"Accueil\",\"item\":\"https:\\\/\\\/galerie-institut.com\\\/en\\\/accueil\\\/\"},{\"@type\":\"ListItem\",\"position\":2,\"name\":\"Boutique\",\"item\":\"https:\\\/\\\/galerie-institut.com\\\/?page_id=8607\"},{\"@type\":\"ListItem\",\"position\":3,\"name\":\"Chagall, Marc, The Red Flowers, 1973\"}]},{\"@type\":\"WebSite\",\"@id\":\"https:\\\/\\\/galerie-institut.com\\\/en\\\/#website\",\"url\":\"https:\\\/\\\/galerie-institut.com\\\/en\\\/\",\"name\":\"Galerie Institut\",\"description\":\"\",\"potentialAction\":[{\"@type\":\"SearchAction\",\"target\":{\"@type\":\"EntryPoint\",\"urlTemplate\":\"https:\\\/\\\/galerie-institut.com\\\/en\\\/?s={search_term_string}\"},\"query-input\":{\"@type\":\"PropertyValueSpecification\",\"valueRequired\":true,\"valueName\":\"search_term_string\"}}],\"inLanguage\":\"en-US\"}]}<\/script>\n<!-- \/ Yoast SEO plugin. -->","yoast_head_json":{"title":"Chagall, Marc, The Red Flowers, 1973 - Galerie Institut","description":"D\u00e9couvrez l'oeuvre Chagall, Marc, The Red Flowers, 1973 disponible \u00e0 la Galerie de l'Institut. Si vous \u00eates int\u00e9ress\u00e9.e.s par Chagall, Marc, The Red Flowers, 1973 merci de nous contacter \u00e0 contact@galerie-institut.com","robots":{"index":"index","follow":"follow","max-snippet":"max-snippet:-1","max-image-preview":"max-image-preview:large","max-video-preview":"max-video-preview:-1"},"canonical":"https:\/\/galerie-institut.com\/en\/produit\/chagall-marc-les-fleurs-rouges-1973\/","og_locale":"en_US","og_type":"article","og_title":"Chagall, Marc, The Red Flowers, 1973 - Galerie Institut","og_description":"D\u00e9couvrez l'oeuvre Chagall, Marc, The Red Flowers, 1973 disponible \u00e0 la Galerie de l'Institut. Si vous \u00eates int\u00e9ress\u00e9.e.s par Chagall, Marc, The Red Flowers, 1973 merci de nous contacter \u00e0 contact@galerie-institut.com","og_url":"https:\/\/galerie-institut.com\/en\/produit\/chagall-marc-les-fleurs-rouges-1973\/","og_site_name":"Galerie Institut","article_modified_time":"2025-11-21T11:21:55+00:00","og_image":[{"width":800,"height":800,"url":"https:\/\/galerie-institut.com\/wp-content\/uploads\/2023\/04\/chagall-marc-1973-les-fleurs-rouges-800x800.webp","type":"image\/webp"}],"twitter_card":"summary_large_image","schema":{"@context":"https:\/\/schema.org","@graph":[{"@type":"WebPage","@id":"https:\/\/galerie-institut.com\/en\/produit\/chagall-marc-les-fleurs-rouges-1973\/","url":"https:\/\/galerie-institut.com\/en\/produit\/chagall-marc-les-fleurs-rouges-1973\/","name":"Chagall, Marc, The Red Flowers, 1973 - Galerie Institut","isPartOf":{"@id":"https:\/\/galerie-institut.com\/en\/#website"},"primaryImageOfPage":{"@id":"https:\/\/galerie-institut.com\/en\/produit\/chagall-marc-les-fleurs-rouges-1973\/#primaryimage"},"image":{"@id":"https:\/\/galerie-institut.com\/en\/produit\/chagall-marc-les-fleurs-rouges-1973\/#primaryimage"},"thumbnailUrl":"https:\/\/galerie-institut.com\/wp-content\/uploads\/2023\/04\/chagall-marc-1973-les-fleurs-rouges-scaled.webp","datePublished":"2024-10-21T18:02:03+00:00","dateModified":"2025-11-21T11:21:55+00:00","description":"D\u00e9couvrez l'oeuvre Chagall, Marc, The Red Flowers, 1973 disponible \u00e0 la Galerie de l'Institut. Si vous \u00eates int\u00e9ress\u00e9.e.s par Chagall, Marc, The Red Flowers, 1973 merci de nous contacter \u00e0 contact@galerie-institut.com","breadcrumb":{"@id":"https:\/\/galerie-institut.com\/en\/produit\/chagall-marc-les-fleurs-rouges-1973\/#breadcrumb"},"inLanguage":"en-US","potentialAction":[{"@type":"ReadAction","target":["https:\/\/galerie-institut.com\/en\/produit\/chagall-marc-les-fleurs-rouges-1973\/"]}]},{"@type":"ImageObject","inLanguage":"en-US","@id":"https:\/\/galerie-institut.com\/en\/produit\/chagall-marc-les-fleurs-rouges-1973\/#primaryimage","url":"https:\/\/galerie-institut.com\/wp-content\/uploads\/2023\/04\/chagall-marc-1973-les-fleurs-rouges-scaled.webp","contentUrl":"https:\/\/galerie-institut.com\/wp-content\/uploads\/2023\/04\/chagall-marc-1973-les-fleurs-rouges-scaled.webp","width":2000,"height":2000,"caption":"chagall-marc-1973-les-fleurs-rouges"},{"@type":"BreadcrumbList","@id":"https:\/\/galerie-institut.com\/en\/produit\/chagall-marc-les-fleurs-rouges-1973\/#breadcrumb","itemListElement":[{"@type":"ListItem","position":1,"name":"Accueil","item":"https:\/\/galerie-institut.com\/en\/accueil\/"},{"@type":"ListItem","position":2,"name":"Boutique","item":"https:\/\/galerie-institut.com\/?page_id=8607"},{"@type":"ListItem","position":3,"name":"Chagall, Marc, The Red Flowers, 1973"}]},{"@type":"WebSite","@id":"https:\/\/galerie-institut.com\/en\/#website","url":"https:\/\/galerie-institut.com\/en\/","name":"Galerie Institut","description":"","potentialAction":[{"@type":"SearchAction","target":{"@type":"EntryPoint","urlTemplate":"https:\/\/galerie-institut.com\/en\/?s={search_term_string}"},"query-input":{"@type":"PropertyValueSpecification","valueRequired":true,"valueName":"search_term_string"}}],"inLanguage":"en-US"}]}},"_links":{"self":[{"href":"https:\/\/galerie-institut.com\/en\/wp-json\/wp\/v2\/product\/16973","targetHints":{"allow":["GET"]}}],"collection":[{"href":"https:\/\/galerie-institut.com\/en\/wp-json\/wp\/v2\/product"}],"about":[{"href":"https:\/\/galerie-institut.com\/en\/wp-json\/wp\/v2\/types\/product"}],"replies":[{"embeddable":true,"href":"https:\/\/galerie-institut.com\/en\/wp-json\/wp\/v2\/comments?post=16973"}],"wp:featuredmedia":[{"embeddable":true,"href":"https:\/\/galerie-institut.com\/en\/wp-json\/wp\/v2\/media\/16866"}],"wp:attachment":[{"href":"https:\/\/galerie-institut.com\/en\/wp-json\/wp\/v2\/media?parent=16973"}],"wp:term":[{"taxonomy":"product_brand","embeddable":true,"href":"https:\/\/galerie-institut.com\/en\/wp-json\/wp\/v2\/product_brand?post=16973"},{"taxonomy":"product_cat","embeddable":true,"href":"https:\/\/galerie-institut.com\/en\/wp-json\/wp\/v2\/product_cat?post=16973"},{"taxonomy":"product_tag","embeddable":true,"href":"https:\/\/galerie-institut.com\/en\/wp-json\/wp\/v2\/product_tag?post=16973"}],"curies":[{"name":"wp","href":"https:\/\/api.w.org\/{rel}","templated":true}]}}