{"id":16959,"date":"2024-11-20T12:45:34","date_gmt":"2024-11-20T12:45:34","guid":{"rendered":"https:\/\/galerie-institut.com\/produit\/dubuffet-jean-personnage-au-costume-rouge-1961\/"},"modified":"2025-11-21T11:21:52","modified_gmt":"2025-11-21T11:21:52","slug":"dubuffet-jean-personnage-costume-rouge-1961","status":"publish","type":"product","link":"https:\/\/galerie-institut.com\/en\/produit\/dubuffet-jean-personnage-costume-rouge-1961\/","title":{"rendered":"Dubuffet, Jean, Personnage au costume rouge, 1961"},"content":{"rendered":"<p>1961<\/p>\n<p>Original lithograph in 7 colors on Arches<\/p>\n<p>65 x 48 cm<\/p>\n<p>Annotated artist&#8217;s proof III\/V lower left, signed and dated J. Dubuffet 61 by the artist in pencil lower right<\/p>\n<p>&nbsp;<\/p>\n","protected":false},"excerpt":{"rendered":"<p>Le <em>Personnage au costume rouge<\/em>, an assemblage transfer lithograph, depicts a clown with coarse, clumsy features. The work looks sloppy: the red overflows the outlines, like a child who has colored incorrectly, and the lithograph seems to have been carelessly splattered with paint. All these efforts to make the viewer&#8217;s eye believe that the work is sloppy (and wrongly so) reflect Jean Dubuffet&#8217;s artistic project, based on the rejection of cultural values.  <\/p>\n<p>&nbsp;<\/p>\n<p>&#8220;True art is always where you least expect it. Where no one thinks of it or speaks its name. Art hates to be recognized and greeted by its name, and immediately runs away, <a href=\"https:\/\/www.babelio.com\/livres\/Dubuffet-LHomme-du-commun-a-louvrage\/361840\"><em>L&#8217;Homme du commun \u00e0 l&#8217;ouvrage<\/em><\/a>.<\/p>\n","protected":false},"featured_media":16962,"comment_status":"open","ping_status":"closed","template":"","meta":{"_et_pb_use_builder":"on","_et_pb_old_content":"1961\n\nOriginal lithograph in 7 colors on Arches\n\n65 x 48 cm\n\nAnnotated artist's proof III\/V lower left, signed and dated J. Dubuffet 61 by the artist in pencil lower right\n\n\u00a0","_et_gb_content_width":""},"product_brand":[],"product_cat":[290,267],"product_tag":[268,291],"class_list":{"0":"post-16959","1":"product","2":"type-product","3":"status-publish","4":"has-post-thumbnail","6":"product_cat-dubuffet","7":"product_cat-estampes","8":"product_tag-print","9":"product_tag-screen-printing","11":"first","12":"instock","13":"shipping-taxable","14":"product-type-simple"},"yoast_head":"<!-- This site is optimized with the Yoast SEO plugin v27.4 - https:\/\/yoast.com\/product\/yoast-seo-wordpress\/ -->\n<title>Dubuffet, Jean, Personnage au costume rouge, 1961 - Galerie Institut<\/title>\n<meta name=\"description\" content=\"D\u00e9couvrez l&#039;oeuvre Dubuffet, Jean, Personnage au costume rouge, 1961 disponible \u00e0 la Galerie de l&#039;Institut. Si vous \u00eates int\u00e9ress\u00e9.e.s par Dubuffet, Jean, Personnage au costume rouge, 1961 merci de nous contacter \u00e0 contact@galerie-institut.com\" \/>\n<meta name=\"robots\" content=\"index, follow, max-snippet:-1, max-image-preview:large, max-video-preview:-1\" \/>\n<link rel=\"canonical\" href=\"https:\/\/galerie-institut.com\/en\/produit\/dubuffet-jean-personnage-costume-rouge-1961\/\" \/>\n<meta property=\"og:locale\" content=\"en_US\" \/>\n<meta property=\"og:type\" content=\"article\" \/>\n<meta property=\"og:title\" content=\"Dubuffet, Jean, Personnage au costume rouge, 1961 - Galerie Institut\" \/>\n<meta property=\"og:description\" content=\"D\u00e9couvrez l&#039;oeuvre Dubuffet, Jean, Personnage au costume rouge, 1961 disponible \u00e0 la Galerie de l&#039;Institut. Si vous \u00eates int\u00e9ress\u00e9.e.s par Dubuffet, Jean, Personnage au costume rouge, 1961 merci de nous contacter \u00e0 contact@galerie-institut.com\" \/>\n<meta property=\"og:url\" content=\"https:\/\/galerie-institut.com\/en\/produit\/dubuffet-jean-personnage-costume-rouge-1961\/\" \/>\n<meta property=\"og:site_name\" content=\"Galerie Institut\" \/>\n<meta property=\"article:modified_time\" content=\"2025-11-21T11:21:52+00:00\" \/>\n<meta property=\"og:image\" content=\"https:\/\/galerie-institut.com\/wp-content\/uploads\/2023\/07\/personnage-costume-rouge-dubuffet-bd.jpg\" \/>\n\t<meta property=\"og:image:width\" content=\"1000\" \/>\n\t<meta property=\"og:image:height\" content=\"1000\" \/>\n\t<meta property=\"og:image:type\" content=\"image\/jpeg\" \/>\n<meta name=\"twitter:card\" content=\"summary_large_image\" \/>\n<script type=\"application\/ld+json\" class=\"yoast-schema-graph\">{\"@context\":\"https:\\\/\\\/schema.org\",\"@graph\":[{\"@type\":\"WebPage\",\"@id\":\"https:\\\/\\\/galerie-institut.com\\\/en\\\/produit\\\/dubuffet-jean-personnage-costume-rouge-1961\\\/\",\"url\":\"https:\\\/\\\/galerie-institut.com\\\/en\\\/produit\\\/dubuffet-jean-personnage-costume-rouge-1961\\\/\",\"name\":\"Dubuffet, Jean, Personnage au costume rouge, 1961 - Galerie Institut\",\"isPartOf\":{\"@id\":\"https:\\\/\\\/galerie-institut.com\\\/en\\\/#website\"},\"primaryImageOfPage\":{\"@id\":\"https:\\\/\\\/galerie-institut.com\\\/en\\\/produit\\\/dubuffet-jean-personnage-costume-rouge-1961\\\/#primaryimage\"},\"image\":{\"@id\":\"https:\\\/\\\/galerie-institut.com\\\/en\\\/produit\\\/dubuffet-jean-personnage-costume-rouge-1961\\\/#primaryimage\"},\"thumbnailUrl\":\"https:\\\/\\\/galerie-institut.com\\\/wp-content\\\/uploads\\\/2023\\\/07\\\/personnage-costume-rouge-dubuffet-bd.jpg\",\"datePublished\":\"2024-11-20T12:45:34+00:00\",\"dateModified\":\"2025-11-21T11:21:52+00:00\",\"description\":\"D\u00e9couvrez l'oeuvre Dubuffet, Jean, Personnage au costume rouge, 1961 disponible \u00e0 la Galerie de l'Institut. Si vous \u00eates int\u00e9ress\u00e9.e.s par Dubuffet, Jean, Personnage au costume rouge, 1961 merci de nous contacter \u00e0 contact@galerie-institut.com\",\"breadcrumb\":{\"@id\":\"https:\\\/\\\/galerie-institut.com\\\/en\\\/produit\\\/dubuffet-jean-personnage-costume-rouge-1961\\\/#breadcrumb\"},\"inLanguage\":\"en-US\",\"potentialAction\":[{\"@type\":\"ReadAction\",\"target\":[\"https:\\\/\\\/galerie-institut.com\\\/en\\\/produit\\\/dubuffet-jean-personnage-costume-rouge-1961\\\/\"]}]},{\"@type\":\"ImageObject\",\"inLanguage\":\"en-US\",\"@id\":\"https:\\\/\\\/galerie-institut.com\\\/en\\\/produit\\\/dubuffet-jean-personnage-costume-rouge-1961\\\/#primaryimage\",\"url\":\"https:\\\/\\\/galerie-institut.com\\\/wp-content\\\/uploads\\\/2023\\\/07\\\/personnage-costume-rouge-dubuffet-bd.jpg\",\"contentUrl\":\"https:\\\/\\\/galerie-institut.com\\\/wp-content\\\/uploads\\\/2023\\\/07\\\/personnage-costume-rouge-dubuffet-bd.jpg\",\"width\":1000,\"height\":1000,\"caption\":\"Lithographie repr\u00e9sentant un personnage en pied, les deux mains plaqu\u00e9es sur le torse. Habill\u00e9 en rouge, le visage blanc et rouge \u00e0 la mani\u00e8re d'un clown. Style na\u00eff dans la lign\u00e9e de l'art brut. Effet tachiste sur l'ensemble de la planche.\"},{\"@type\":\"BreadcrumbList\",\"@id\":\"https:\\\/\\\/galerie-institut.com\\\/en\\\/produit\\\/dubuffet-jean-personnage-costume-rouge-1961\\\/#breadcrumb\",\"itemListElement\":[{\"@type\":\"ListItem\",\"position\":1,\"name\":\"Accueil\",\"item\":\"https:\\\/\\\/galerie-institut.com\\\/en\\\/accueil\\\/\"},{\"@type\":\"ListItem\",\"position\":2,\"name\":\"Boutique\",\"item\":\"https:\\\/\\\/galerie-institut.com\\\/?page_id=8607\"},{\"@type\":\"ListItem\",\"position\":3,\"name\":\"Dubuffet, Jean, Personnage au costume rouge, 1961\"}]},{\"@type\":\"WebSite\",\"@id\":\"https:\\\/\\\/galerie-institut.com\\\/en\\\/#website\",\"url\":\"https:\\\/\\\/galerie-institut.com\\\/en\\\/\",\"name\":\"Galerie Institut\",\"description\":\"\",\"potentialAction\":[{\"@type\":\"SearchAction\",\"target\":{\"@type\":\"EntryPoint\",\"urlTemplate\":\"https:\\\/\\\/galerie-institut.com\\\/en\\\/?s={search_term_string}\"},\"query-input\":{\"@type\":\"PropertyValueSpecification\",\"valueRequired\":true,\"valueName\":\"search_term_string\"}}],\"inLanguage\":\"en-US\"}]}<\/script>\n<!-- \/ Yoast SEO plugin. -->","yoast_head_json":{"title":"Dubuffet, Jean, Personnage au costume rouge, 1961 - Galerie Institut","description":"D\u00e9couvrez l'oeuvre Dubuffet, Jean, Personnage au costume rouge, 1961 disponible \u00e0 la Galerie de l'Institut. Si vous \u00eates int\u00e9ress\u00e9.e.s par Dubuffet, Jean, Personnage au costume rouge, 1961 merci de nous contacter \u00e0 contact@galerie-institut.com","robots":{"index":"index","follow":"follow","max-snippet":"max-snippet:-1","max-image-preview":"max-image-preview:large","max-video-preview":"max-video-preview:-1"},"canonical":"https:\/\/galerie-institut.com\/en\/produit\/dubuffet-jean-personnage-costume-rouge-1961\/","og_locale":"en_US","og_type":"article","og_title":"Dubuffet, Jean, Personnage au costume rouge, 1961 - Galerie Institut","og_description":"D\u00e9couvrez l'oeuvre Dubuffet, Jean, Personnage au costume rouge, 1961 disponible \u00e0 la Galerie de l'Institut. Si vous \u00eates int\u00e9ress\u00e9.e.s par Dubuffet, Jean, Personnage au costume rouge, 1961 merci de nous contacter \u00e0 contact@galerie-institut.com","og_url":"https:\/\/galerie-institut.com\/en\/produit\/dubuffet-jean-personnage-costume-rouge-1961\/","og_site_name":"Galerie Institut","article_modified_time":"2025-11-21T11:21:52+00:00","og_image":[{"width":1000,"height":1000,"url":"https:\/\/galerie-institut.com\/wp-content\/uploads\/2023\/07\/personnage-costume-rouge-dubuffet-bd.jpg","type":"image\/jpeg"}],"twitter_card":"summary_large_image","schema":{"@context":"https:\/\/schema.org","@graph":[{"@type":"WebPage","@id":"https:\/\/galerie-institut.com\/en\/produit\/dubuffet-jean-personnage-costume-rouge-1961\/","url":"https:\/\/galerie-institut.com\/en\/produit\/dubuffet-jean-personnage-costume-rouge-1961\/","name":"Dubuffet, Jean, Personnage au costume rouge, 1961 - Galerie Institut","isPartOf":{"@id":"https:\/\/galerie-institut.com\/en\/#website"},"primaryImageOfPage":{"@id":"https:\/\/galerie-institut.com\/en\/produit\/dubuffet-jean-personnage-costume-rouge-1961\/#primaryimage"},"image":{"@id":"https:\/\/galerie-institut.com\/en\/produit\/dubuffet-jean-personnage-costume-rouge-1961\/#primaryimage"},"thumbnailUrl":"https:\/\/galerie-institut.com\/wp-content\/uploads\/2023\/07\/personnage-costume-rouge-dubuffet-bd.jpg","datePublished":"2024-11-20T12:45:34+00:00","dateModified":"2025-11-21T11:21:52+00:00","description":"D\u00e9couvrez l'oeuvre Dubuffet, Jean, Personnage au costume rouge, 1961 disponible \u00e0 la Galerie de l'Institut. Si vous \u00eates int\u00e9ress\u00e9.e.s par Dubuffet, Jean, Personnage au costume rouge, 1961 merci de nous contacter \u00e0 contact@galerie-institut.com","breadcrumb":{"@id":"https:\/\/galerie-institut.com\/en\/produit\/dubuffet-jean-personnage-costume-rouge-1961\/#breadcrumb"},"inLanguage":"en-US","potentialAction":[{"@type":"ReadAction","target":["https:\/\/galerie-institut.com\/en\/produit\/dubuffet-jean-personnage-costume-rouge-1961\/"]}]},{"@type":"ImageObject","inLanguage":"en-US","@id":"https:\/\/galerie-institut.com\/en\/produit\/dubuffet-jean-personnage-costume-rouge-1961\/#primaryimage","url":"https:\/\/galerie-institut.com\/wp-content\/uploads\/2023\/07\/personnage-costume-rouge-dubuffet-bd.jpg","contentUrl":"https:\/\/galerie-institut.com\/wp-content\/uploads\/2023\/07\/personnage-costume-rouge-dubuffet-bd.jpg","width":1000,"height":1000,"caption":"Lithographie repr\u00e9sentant un personnage en pied, les deux mains plaqu\u00e9es sur le torse. Habill\u00e9 en rouge, le visage blanc et rouge \u00e0 la mani\u00e8re d'un clown. Style na\u00eff dans la lign\u00e9e de l'art brut. Effet tachiste sur l'ensemble de la planche."},{"@type":"BreadcrumbList","@id":"https:\/\/galerie-institut.com\/en\/produit\/dubuffet-jean-personnage-costume-rouge-1961\/#breadcrumb","itemListElement":[{"@type":"ListItem","position":1,"name":"Accueil","item":"https:\/\/galerie-institut.com\/en\/accueil\/"},{"@type":"ListItem","position":2,"name":"Boutique","item":"https:\/\/galerie-institut.com\/?page_id=8607"},{"@type":"ListItem","position":3,"name":"Dubuffet, Jean, Personnage au costume rouge, 1961"}]},{"@type":"WebSite","@id":"https:\/\/galerie-institut.com\/en\/#website","url":"https:\/\/galerie-institut.com\/en\/","name":"Galerie Institut","description":"","potentialAction":[{"@type":"SearchAction","target":{"@type":"EntryPoint","urlTemplate":"https:\/\/galerie-institut.com\/en\/?s={search_term_string}"},"query-input":{"@type":"PropertyValueSpecification","valueRequired":true,"valueName":"search_term_string"}}],"inLanguage":"en-US"}]}},"_links":{"self":[{"href":"https:\/\/galerie-institut.com\/en\/wp-json\/wp\/v2\/product\/16959","targetHints":{"allow":["GET"]}}],"collection":[{"href":"https:\/\/galerie-institut.com\/en\/wp-json\/wp\/v2\/product"}],"about":[{"href":"https:\/\/galerie-institut.com\/en\/wp-json\/wp\/v2\/types\/product"}],"replies":[{"embeddable":true,"href":"https:\/\/galerie-institut.com\/en\/wp-json\/wp\/v2\/comments?post=16959"}],"wp:featuredmedia":[{"embeddable":true,"href":"https:\/\/galerie-institut.com\/en\/wp-json\/wp\/v2\/media\/16962"}],"wp:attachment":[{"href":"https:\/\/galerie-institut.com\/en\/wp-json\/wp\/v2\/media?parent=16959"}],"wp:term":[{"taxonomy":"product_brand","embeddable":true,"href":"https:\/\/galerie-institut.com\/en\/wp-json\/wp\/v2\/product_brand?post=16959"},{"taxonomy":"product_cat","embeddable":true,"href":"https:\/\/galerie-institut.com\/en\/wp-json\/wp\/v2\/product_cat?post=16959"},{"taxonomy":"product_tag","embeddable":true,"href":"https:\/\/galerie-institut.com\/en\/wp-json\/wp\/v2\/product_tag?post=16959"}],"curies":[{"name":"wp","href":"https:\/\/api.w.org\/{rel}","templated":true}]}}