{"id":16949,"date":"2024-10-10T12:54:11","date_gmt":"2024-10-10T12:54:11","guid":{"rendered":"https:\/\/galerie-institut.com\/produit\/cathelin-nature-morte-au-cyclamen-de-barbara-1986\/"},"modified":"2025-11-21T11:21:51","modified_gmt":"2025-11-21T11:21:51","slug":"cathelin-nature-morte-au-cyclamen-de-barbara-1986","status":"publish","type":"product","link":"https:\/\/galerie-institut.com\/en\/produit\/cathelin-nature-morte-au-cyclamen-de-barbara-1986\/","title":{"rendered":"Cathelin, Nature Morte au Cyclamen de Barbara, 1986"},"content":{"rendered":"<p>1986<\/p>\n<p>Original lithograph in color on Arches paper<\/p>\n<p>53 x 76 cm<\/p>\n<p>Annotated &#8220;\u00e9preuve d&#8217;artiste&#8221; lower left, dedicated, signed by the artist in pencil lower right.<\/p>\n<p>Francony \u00c9diteur, Vevey, Switzerland.<\/p>\n<p>Catalogue raisonn\u00e9 : Passeron 195<\/p>\n","protected":false},"excerpt":{"rendered":"<p>Bernard Cathelin&#8217;s uniqueness lies in his distinctive pictorial technique, characterized by the superimposition of flat, vibrant colors that lend intensity and depth to his compositions. Despite the technical challenges of lithography, the artist strives to preserve this aesthetic, using multiple plates to create subtle tones with a palette rich in nuance. Indeed, the artist doesn&#8217;t hesitate to use up to 14 plates for a single lithograph, and this passion for color is reflected in the luminosity and emphasis of his works.  <\/p>\n","protected":false},"featured_media":16958,"comment_status":"open","ping_status":"closed","template":"","meta":{"_et_pb_use_builder":"","_et_pb_old_content":"","_et_gb_content_width":""},"product_brand":[],"product_cat":[284,267],"product_tag":[180,268],"class_list":{"0":"post-16949","1":"product","2":"type-product","3":"status-publish","4":"has-post-thumbnail","6":"product_cat-cathelin","7":"product_cat-estampes","8":"product_tag-lithography","9":"product_tag-print","11":"first","12":"instock","13":"shipping-taxable","14":"product-type-simple"},"yoast_head":"<!-- This site is optimized with the Yoast SEO plugin v27.4 - https:\/\/yoast.com\/product\/yoast-seo-wordpress\/ -->\n<title>Cathelin, Nature Morte au Cyclamen de Barbara, 1986 - Galerie Institut<\/title>\n<meta name=\"description\" content=\"D\u00e9couvrez l&#039;oeuvre Cathelin, Nature Morte au Cyclamen de Barbara, 1986 disponible \u00e0 la Galerie de l&#039;Institut. Si vous \u00eates int\u00e9ress\u00e9.e.s par Cathelin, Nature Morte au Cyclamen de Barbara, 1986 merci de nous contacter \u00e0 contact@galerie-institut.com\" \/>\n<meta name=\"robots\" content=\"index, follow, max-snippet:-1, max-image-preview:large, max-video-preview:-1\" \/>\n<link rel=\"canonical\" href=\"https:\/\/galerie-institut.com\/en\/produit\/cathelin-nature-morte-au-cyclamen-de-barbara-1986\/\" \/>\n<meta property=\"og:locale\" content=\"en_US\" \/>\n<meta property=\"og:type\" content=\"article\" \/>\n<meta property=\"og:title\" content=\"Cathelin, Nature Morte au Cyclamen de Barbara, 1986 - Galerie Institut\" \/>\n<meta property=\"og:description\" content=\"D\u00e9couvrez l&#039;oeuvre Cathelin, Nature Morte au Cyclamen de Barbara, 1986 disponible \u00e0 la Galerie de l&#039;Institut. Si vous \u00eates int\u00e9ress\u00e9.e.s par Cathelin, Nature Morte au Cyclamen de Barbara, 1986 merci de nous contacter \u00e0 contact@galerie-institut.com\" \/>\n<meta property=\"og:url\" content=\"https:\/\/galerie-institut.com\/en\/produit\/cathelin-nature-morte-au-cyclamen-de-barbara-1986\/\" \/>\n<meta property=\"og:site_name\" content=\"Galerie Institut\" \/>\n<meta property=\"article:modified_time\" content=\"2025-11-21T11:21:51+00:00\" \/>\n<meta property=\"og:image\" content=\"https:\/\/galerie-institut.com\/wp-content\/uploads\/2023\/04\/1637-scaled.webp\" \/>\n\t<meta property=\"og:image:width\" content=\"2000\" \/>\n\t<meta property=\"og:image:height\" content=\"1411\" \/>\n\t<meta property=\"og:image:type\" content=\"image\/webp\" \/>\n<meta name=\"twitter:card\" content=\"summary_large_image\" \/>\n<script type=\"application\/ld+json\" class=\"yoast-schema-graph\">{\"@context\":\"https:\\\/\\\/schema.org\",\"@graph\":[{\"@type\":\"WebPage\",\"@id\":\"https:\\\/\\\/galerie-institut.com\\\/en\\\/produit\\\/cathelin-nature-morte-au-cyclamen-de-barbara-1986\\\/\",\"url\":\"https:\\\/\\\/galerie-institut.com\\\/en\\\/produit\\\/cathelin-nature-morte-au-cyclamen-de-barbara-1986\\\/\",\"name\":\"Cathelin, Nature Morte au Cyclamen de Barbara, 1986 - Galerie Institut\",\"isPartOf\":{\"@id\":\"https:\\\/\\\/galerie-institut.com\\\/en\\\/#website\"},\"primaryImageOfPage\":{\"@id\":\"https:\\\/\\\/galerie-institut.com\\\/en\\\/produit\\\/cathelin-nature-morte-au-cyclamen-de-barbara-1986\\\/#primaryimage\"},\"image\":{\"@id\":\"https:\\\/\\\/galerie-institut.com\\\/en\\\/produit\\\/cathelin-nature-morte-au-cyclamen-de-barbara-1986\\\/#primaryimage\"},\"thumbnailUrl\":\"https:\\\/\\\/galerie-institut.com\\\/wp-content\\\/uploads\\\/2023\\\/04\\\/1637-scaled.webp\",\"datePublished\":\"2024-10-10T12:54:11+00:00\",\"dateModified\":\"2025-11-21T11:21:51+00:00\",\"description\":\"D\u00e9couvrez l'oeuvre Cathelin, Nature Morte au Cyclamen de Barbara, 1986 disponible \u00e0 la Galerie de l'Institut. Si vous \u00eates int\u00e9ress\u00e9.e.s par Cathelin, Nature Morte au Cyclamen de Barbara, 1986 merci de nous contacter \u00e0 contact@galerie-institut.com\",\"breadcrumb\":{\"@id\":\"https:\\\/\\\/galerie-institut.com\\\/en\\\/produit\\\/cathelin-nature-morte-au-cyclamen-de-barbara-1986\\\/#breadcrumb\"},\"inLanguage\":\"en-US\",\"potentialAction\":[{\"@type\":\"ReadAction\",\"target\":[\"https:\\\/\\\/galerie-institut.com\\\/en\\\/produit\\\/cathelin-nature-morte-au-cyclamen-de-barbara-1986\\\/\"]}]},{\"@type\":\"ImageObject\",\"inLanguage\":\"en-US\",\"@id\":\"https:\\\/\\\/galerie-institut.com\\\/en\\\/produit\\\/cathelin-nature-morte-au-cyclamen-de-barbara-1986\\\/#primaryimage\",\"url\":\"https:\\\/\\\/galerie-institut.com\\\/wp-content\\\/uploads\\\/2023\\\/04\\\/1637-scaled.webp\",\"contentUrl\":\"https:\\\/\\\/galerie-institut.com\\\/wp-content\\\/uploads\\\/2023\\\/04\\\/1637-scaled.webp\",\"width\":2000,\"height\":1411,\"caption\":\"1637\"},{\"@type\":\"BreadcrumbList\",\"@id\":\"https:\\\/\\\/galerie-institut.com\\\/en\\\/produit\\\/cathelin-nature-morte-au-cyclamen-de-barbara-1986\\\/#breadcrumb\",\"itemListElement\":[{\"@type\":\"ListItem\",\"position\":1,\"name\":\"Accueil\",\"item\":\"https:\\\/\\\/galerie-institut.com\\\/en\\\/accueil\\\/\"},{\"@type\":\"ListItem\",\"position\":2,\"name\":\"Boutique\",\"item\":\"https:\\\/\\\/galerie-institut.com\\\/?page_id=8607\"},{\"@type\":\"ListItem\",\"position\":3,\"name\":\"Cathelin, Nature Morte au Cyclamen de Barbara, 1986\"}]},{\"@type\":\"WebSite\",\"@id\":\"https:\\\/\\\/galerie-institut.com\\\/en\\\/#website\",\"url\":\"https:\\\/\\\/galerie-institut.com\\\/en\\\/\",\"name\":\"Galerie Institut\",\"description\":\"\",\"potentialAction\":[{\"@type\":\"SearchAction\",\"target\":{\"@type\":\"EntryPoint\",\"urlTemplate\":\"https:\\\/\\\/galerie-institut.com\\\/en\\\/?s={search_term_string}\"},\"query-input\":{\"@type\":\"PropertyValueSpecification\",\"valueRequired\":true,\"valueName\":\"search_term_string\"}}],\"inLanguage\":\"en-US\"}]}<\/script>\n<!-- \/ Yoast SEO plugin. -->","yoast_head_json":{"title":"Cathelin, Nature Morte au Cyclamen de Barbara, 1986 - Galerie Institut","description":"D\u00e9couvrez l'oeuvre Cathelin, Nature Morte au Cyclamen de Barbara, 1986 disponible \u00e0 la Galerie de l'Institut. Si vous \u00eates int\u00e9ress\u00e9.e.s par Cathelin, Nature Morte au Cyclamen de Barbara, 1986 merci de nous contacter \u00e0 contact@galerie-institut.com","robots":{"index":"index","follow":"follow","max-snippet":"max-snippet:-1","max-image-preview":"max-image-preview:large","max-video-preview":"max-video-preview:-1"},"canonical":"https:\/\/galerie-institut.com\/en\/produit\/cathelin-nature-morte-au-cyclamen-de-barbara-1986\/","og_locale":"en_US","og_type":"article","og_title":"Cathelin, Nature Morte au Cyclamen de Barbara, 1986 - Galerie Institut","og_description":"D\u00e9couvrez l'oeuvre Cathelin, Nature Morte au Cyclamen de Barbara, 1986 disponible \u00e0 la Galerie de l'Institut. Si vous \u00eates int\u00e9ress\u00e9.e.s par Cathelin, Nature Morte au Cyclamen de Barbara, 1986 merci de nous contacter \u00e0 contact@galerie-institut.com","og_url":"https:\/\/galerie-institut.com\/en\/produit\/cathelin-nature-morte-au-cyclamen-de-barbara-1986\/","og_site_name":"Galerie Institut","article_modified_time":"2025-11-21T11:21:51+00:00","og_image":[{"width":2000,"height":1411,"url":"https:\/\/galerie-institut.com\/wp-content\/uploads\/2023\/04\/1637-scaled.webp","type":"image\/webp"}],"twitter_card":"summary_large_image","schema":{"@context":"https:\/\/schema.org","@graph":[{"@type":"WebPage","@id":"https:\/\/galerie-institut.com\/en\/produit\/cathelin-nature-morte-au-cyclamen-de-barbara-1986\/","url":"https:\/\/galerie-institut.com\/en\/produit\/cathelin-nature-morte-au-cyclamen-de-barbara-1986\/","name":"Cathelin, Nature Morte au Cyclamen de Barbara, 1986 - Galerie Institut","isPartOf":{"@id":"https:\/\/galerie-institut.com\/en\/#website"},"primaryImageOfPage":{"@id":"https:\/\/galerie-institut.com\/en\/produit\/cathelin-nature-morte-au-cyclamen-de-barbara-1986\/#primaryimage"},"image":{"@id":"https:\/\/galerie-institut.com\/en\/produit\/cathelin-nature-morte-au-cyclamen-de-barbara-1986\/#primaryimage"},"thumbnailUrl":"https:\/\/galerie-institut.com\/wp-content\/uploads\/2023\/04\/1637-scaled.webp","datePublished":"2024-10-10T12:54:11+00:00","dateModified":"2025-11-21T11:21:51+00:00","description":"D\u00e9couvrez l'oeuvre Cathelin, Nature Morte au Cyclamen de Barbara, 1986 disponible \u00e0 la Galerie de l'Institut. Si vous \u00eates int\u00e9ress\u00e9.e.s par Cathelin, Nature Morte au Cyclamen de Barbara, 1986 merci de nous contacter \u00e0 contact@galerie-institut.com","breadcrumb":{"@id":"https:\/\/galerie-institut.com\/en\/produit\/cathelin-nature-morte-au-cyclamen-de-barbara-1986\/#breadcrumb"},"inLanguage":"en-US","potentialAction":[{"@type":"ReadAction","target":["https:\/\/galerie-institut.com\/en\/produit\/cathelin-nature-morte-au-cyclamen-de-barbara-1986\/"]}]},{"@type":"ImageObject","inLanguage":"en-US","@id":"https:\/\/galerie-institut.com\/en\/produit\/cathelin-nature-morte-au-cyclamen-de-barbara-1986\/#primaryimage","url":"https:\/\/galerie-institut.com\/wp-content\/uploads\/2023\/04\/1637-scaled.webp","contentUrl":"https:\/\/galerie-institut.com\/wp-content\/uploads\/2023\/04\/1637-scaled.webp","width":2000,"height":1411,"caption":"1637"},{"@type":"BreadcrumbList","@id":"https:\/\/galerie-institut.com\/en\/produit\/cathelin-nature-morte-au-cyclamen-de-barbara-1986\/#breadcrumb","itemListElement":[{"@type":"ListItem","position":1,"name":"Accueil","item":"https:\/\/galerie-institut.com\/en\/accueil\/"},{"@type":"ListItem","position":2,"name":"Boutique","item":"https:\/\/galerie-institut.com\/?page_id=8607"},{"@type":"ListItem","position":3,"name":"Cathelin, Nature Morte au Cyclamen de Barbara, 1986"}]},{"@type":"WebSite","@id":"https:\/\/galerie-institut.com\/en\/#website","url":"https:\/\/galerie-institut.com\/en\/","name":"Galerie Institut","description":"","potentialAction":[{"@type":"SearchAction","target":{"@type":"EntryPoint","urlTemplate":"https:\/\/galerie-institut.com\/en\/?s={search_term_string}"},"query-input":{"@type":"PropertyValueSpecification","valueRequired":true,"valueName":"search_term_string"}}],"inLanguage":"en-US"}]}},"_links":{"self":[{"href":"https:\/\/galerie-institut.com\/en\/wp-json\/wp\/v2\/product\/16949","targetHints":{"allow":["GET"]}}],"collection":[{"href":"https:\/\/galerie-institut.com\/en\/wp-json\/wp\/v2\/product"}],"about":[{"href":"https:\/\/galerie-institut.com\/en\/wp-json\/wp\/v2\/types\/product"}],"replies":[{"embeddable":true,"href":"https:\/\/galerie-institut.com\/en\/wp-json\/wp\/v2\/comments?post=16949"}],"wp:featuredmedia":[{"embeddable":true,"href":"https:\/\/galerie-institut.com\/en\/wp-json\/wp\/v2\/media\/16958"}],"wp:attachment":[{"href":"https:\/\/galerie-institut.com\/en\/wp-json\/wp\/v2\/media?parent=16949"}],"wp:term":[{"taxonomy":"product_brand","embeddable":true,"href":"https:\/\/galerie-institut.com\/en\/wp-json\/wp\/v2\/product_brand?post=16949"},{"taxonomy":"product_cat","embeddable":true,"href":"https:\/\/galerie-institut.com\/en\/wp-json\/wp\/v2\/product_cat?post=16949"},{"taxonomy":"product_tag","embeddable":true,"href":"https:\/\/galerie-institut.com\/en\/wp-json\/wp\/v2\/product_tag?post=16949"}],"curies":[{"name":"wp","href":"https:\/\/api.w.org\/{rel}","templated":true}]}}