{"id":16942,"date":"2025-01-10T10:07:27","date_gmt":"2025-01-10T10:07:27","guid":{"rendered":"https:\/\/galerie-institut.com\/produit\/miro-joan-woman-with-jewels-1968\/"},"modified":"2025-11-21T11:17:39","modified_gmt":"2025-11-21T11:17:39","slug":"miro-joan-femme-aux-bijoux-1968","status":"publish","type":"product","link":"https:\/\/galerie-institut.com\/en\/produit\/miro-joan-femme-aux-bijoux-1968\/","title":{"rendered":"Mir\u00f3, Joan, Woman with Jewels, 1968"},"content":{"rendered":"<p>1968<\/p>\n<p>Original color aquatint and carborundum on Arches<\/p>\n<p>47 x 34.5 cm<\/p>\n<p>Annotated 75\/75 lower left and signed by the artist in pencil lower right.<\/p>\n<p>75 copies on chiffon de Mandeure numbered and signed.<\/p>\n<p>Catalogue raisonn\u00e9 : Dupin 452<\/p>\n","protected":false},"excerpt":{"rendered":"<p><em>La Femme aux bijoux (The Jewel Woman)<\/em>, the title of this work, illuminates the viewer, who can make out on the paper the dancing silhouette of a woman adorned with precious stones. The carborundum-textured black contrasts with the emerald-green, topaz-red and sapphire-blue prints, which echo each other. The shades of the background evoke the hues of a stone on which a prehistoric painting has been applied.  <\/p>\n","protected":false},"featured_media":16943,"comment_status":"open","ping_status":"closed","template":"","meta":{"_et_pb_use_builder":"","_et_pb_old_content":"","_et_gb_content_width":""},"product_brand":[],"product_cat":[275,267],"product_tag":[159,268],"class_list":{"0":"post-16942","1":"product","2":"type-product","3":"status-publish","4":"has-post-thumbnail","6":"product_cat-miro","7":"product_cat-estampes","8":"product_tag-aquatint","9":"product_tag-print","11":"first","12":"instock","13":"shipping-taxable","14":"product-type-simple"},"yoast_head":"<!-- This site is optimized with the Yoast SEO plugin v27.4 - https:\/\/yoast.com\/product\/yoast-seo-wordpress\/ -->\n<title>Mir\u00f3, Joan, Woman with Jewels, 1968 - Galerie Institut<\/title>\n<meta name=\"description\" content=\"D\u00e9couvrez l&#039;oeuvre Mir\u00f3, Joan, Woman with Jewels, 1968 disponible \u00e0 la Galerie de l&#039;Institut. Si vous \u00eates int\u00e9ress\u00e9.e.s par Mir\u00f3, Joan, Woman with Jewels, 1968 merci de nous contacter \u00e0 contact@galerie-institut.com\" \/>\n<meta name=\"robots\" content=\"index, follow, max-snippet:-1, max-image-preview:large, max-video-preview:-1\" \/>\n<link rel=\"canonical\" href=\"https:\/\/galerie-institut.com\/en\/produit\/miro-joan-femme-aux-bijoux-1968\/\" \/>\n<meta property=\"og:locale\" content=\"en_US\" \/>\n<meta property=\"og:type\" content=\"article\" \/>\n<meta property=\"og:title\" content=\"Mir\u00f3, Joan, Woman with Jewels, 1968 - Galerie Institut\" \/>\n<meta property=\"og:description\" content=\"D\u00e9couvrez l&#039;oeuvre Mir\u00f3, Joan, Woman with Jewels, 1968 disponible \u00e0 la Galerie de l&#039;Institut. Si vous \u00eates int\u00e9ress\u00e9.e.s par Mir\u00f3, Joan, Woman with Jewels, 1968 merci de nous contacter \u00e0 contact@galerie-institut.com\" \/>\n<meta property=\"og:url\" content=\"https:\/\/galerie-institut.com\/en\/produit\/miro-joan-femme-aux-bijoux-1968\/\" \/>\n<meta property=\"og:site_name\" content=\"Galerie Institut\" \/>\n<meta property=\"article:modified_time\" content=\"2025-11-21T11:17:39+00:00\" \/>\n<meta property=\"og:image\" content=\"https:\/\/galerie-institut.com\/wp-content\/uploads\/2023\/07\/femme-bijoux-miro.jpg\" \/>\n\t<meta property=\"og:image:width\" content=\"1000\" \/>\n\t<meta property=\"og:image:height\" content=\"1000\" \/>\n\t<meta property=\"og:image:type\" content=\"image\/jpeg\" \/>\n<meta name=\"twitter:card\" content=\"summary_large_image\" \/>\n<script type=\"application\/ld+json\" class=\"yoast-schema-graph\">{\"@context\":\"https:\\\/\\\/schema.org\",\"@graph\":[{\"@type\":\"WebPage\",\"@id\":\"https:\\\/\\\/galerie-institut.com\\\/en\\\/produit\\\/miro-joan-femme-aux-bijoux-1968\\\/\",\"url\":\"https:\\\/\\\/galerie-institut.com\\\/en\\\/produit\\\/miro-joan-femme-aux-bijoux-1968\\\/\",\"name\":\"Mir\u00f3, Joan, Woman with Jewels, 1968 - Galerie Institut\",\"isPartOf\":{\"@id\":\"https:\\\/\\\/galerie-institut.com\\\/en\\\/#website\"},\"primaryImageOfPage\":{\"@id\":\"https:\\\/\\\/galerie-institut.com\\\/en\\\/produit\\\/miro-joan-femme-aux-bijoux-1968\\\/#primaryimage\"},\"image\":{\"@id\":\"https:\\\/\\\/galerie-institut.com\\\/en\\\/produit\\\/miro-joan-femme-aux-bijoux-1968\\\/#primaryimage\"},\"thumbnailUrl\":\"https:\\\/\\\/galerie-institut.com\\\/wp-content\\\/uploads\\\/2023\\\/07\\\/femme-bijoux-miro.jpg\",\"datePublished\":\"2025-01-10T10:07:27+00:00\",\"dateModified\":\"2025-11-21T11:17:39+00:00\",\"description\":\"D\u00e9couvrez l'oeuvre Mir\u00f3, Joan, Woman with Jewels, 1968 disponible \u00e0 la Galerie de l'Institut. Si vous \u00eates int\u00e9ress\u00e9.e.s par Mir\u00f3, Joan, Woman with Jewels, 1968 merci de nous contacter \u00e0 contact@galerie-institut.com\",\"breadcrumb\":{\"@id\":\"https:\\\/\\\/galerie-institut.com\\\/en\\\/produit\\\/miro-joan-femme-aux-bijoux-1968\\\/#breadcrumb\"},\"inLanguage\":\"en-US\",\"potentialAction\":[{\"@type\":\"ReadAction\",\"target\":[\"https:\\\/\\\/galerie-institut.com\\\/en\\\/produit\\\/miro-joan-femme-aux-bijoux-1968\\\/\"]}]},{\"@type\":\"ImageObject\",\"inLanguage\":\"en-US\",\"@id\":\"https:\\\/\\\/galerie-institut.com\\\/en\\\/produit\\\/miro-joan-femme-aux-bijoux-1968\\\/#primaryimage\",\"url\":\"https:\\\/\\\/galerie-institut.com\\\/wp-content\\\/uploads\\\/2023\\\/07\\\/femme-bijoux-miro.jpg\",\"contentUrl\":\"https:\\\/\\\/galerie-institut.com\\\/wp-content\\\/uploads\\\/2023\\\/07\\\/femme-bijoux-miro.jpg\",\"width\":1000,\"height\":1000,\"caption\":\"personnage na\u00eff portant des bijoux color\u00e9s, fond tachiste ressemblant \u00e0 de l'art rupestre\"},{\"@type\":\"BreadcrumbList\",\"@id\":\"https:\\\/\\\/galerie-institut.com\\\/en\\\/produit\\\/miro-joan-femme-aux-bijoux-1968\\\/#breadcrumb\",\"itemListElement\":[{\"@type\":\"ListItem\",\"position\":1,\"name\":\"Accueil\",\"item\":\"https:\\\/\\\/galerie-institut.com\\\/en\\\/accueil\\\/\"},{\"@type\":\"ListItem\",\"position\":2,\"name\":\"Boutique\",\"item\":\"https:\\\/\\\/galerie-institut.com\\\/?page_id=8607\"},{\"@type\":\"ListItem\",\"position\":3,\"name\":\"Mir\u00f3, Joan, Woman with Jewels, 1968\"}]},{\"@type\":\"WebSite\",\"@id\":\"https:\\\/\\\/galerie-institut.com\\\/en\\\/#website\",\"url\":\"https:\\\/\\\/galerie-institut.com\\\/en\\\/\",\"name\":\"Galerie Institut\",\"description\":\"\",\"potentialAction\":[{\"@type\":\"SearchAction\",\"target\":{\"@type\":\"EntryPoint\",\"urlTemplate\":\"https:\\\/\\\/galerie-institut.com\\\/en\\\/?s={search_term_string}\"},\"query-input\":{\"@type\":\"PropertyValueSpecification\",\"valueRequired\":true,\"valueName\":\"search_term_string\"}}],\"inLanguage\":\"en-US\"}]}<\/script>\n<!-- \/ Yoast SEO plugin. -->","yoast_head_json":{"title":"Mir\u00f3, Joan, Woman with Jewels, 1968 - Galerie Institut","description":"D\u00e9couvrez l'oeuvre Mir\u00f3, Joan, Woman with Jewels, 1968 disponible \u00e0 la Galerie de l'Institut. Si vous \u00eates int\u00e9ress\u00e9.e.s par Mir\u00f3, Joan, Woman with Jewels, 1968 merci de nous contacter \u00e0 contact@galerie-institut.com","robots":{"index":"index","follow":"follow","max-snippet":"max-snippet:-1","max-image-preview":"max-image-preview:large","max-video-preview":"max-video-preview:-1"},"canonical":"https:\/\/galerie-institut.com\/en\/produit\/miro-joan-femme-aux-bijoux-1968\/","og_locale":"en_US","og_type":"article","og_title":"Mir\u00f3, Joan, Woman with Jewels, 1968 - Galerie Institut","og_description":"D\u00e9couvrez l'oeuvre Mir\u00f3, Joan, Woman with Jewels, 1968 disponible \u00e0 la Galerie de l'Institut. Si vous \u00eates int\u00e9ress\u00e9.e.s par Mir\u00f3, Joan, Woman with Jewels, 1968 merci de nous contacter \u00e0 contact@galerie-institut.com","og_url":"https:\/\/galerie-institut.com\/en\/produit\/miro-joan-femme-aux-bijoux-1968\/","og_site_name":"Galerie Institut","article_modified_time":"2025-11-21T11:17:39+00:00","og_image":[{"width":1000,"height":1000,"url":"https:\/\/galerie-institut.com\/wp-content\/uploads\/2023\/07\/femme-bijoux-miro.jpg","type":"image\/jpeg"}],"twitter_card":"summary_large_image","schema":{"@context":"https:\/\/schema.org","@graph":[{"@type":"WebPage","@id":"https:\/\/galerie-institut.com\/en\/produit\/miro-joan-femme-aux-bijoux-1968\/","url":"https:\/\/galerie-institut.com\/en\/produit\/miro-joan-femme-aux-bijoux-1968\/","name":"Mir\u00f3, Joan, Woman with Jewels, 1968 - Galerie Institut","isPartOf":{"@id":"https:\/\/galerie-institut.com\/en\/#website"},"primaryImageOfPage":{"@id":"https:\/\/galerie-institut.com\/en\/produit\/miro-joan-femme-aux-bijoux-1968\/#primaryimage"},"image":{"@id":"https:\/\/galerie-institut.com\/en\/produit\/miro-joan-femme-aux-bijoux-1968\/#primaryimage"},"thumbnailUrl":"https:\/\/galerie-institut.com\/wp-content\/uploads\/2023\/07\/femme-bijoux-miro.jpg","datePublished":"2025-01-10T10:07:27+00:00","dateModified":"2025-11-21T11:17:39+00:00","description":"D\u00e9couvrez l'oeuvre Mir\u00f3, Joan, Woman with Jewels, 1968 disponible \u00e0 la Galerie de l'Institut. Si vous \u00eates int\u00e9ress\u00e9.e.s par Mir\u00f3, Joan, Woman with Jewels, 1968 merci de nous contacter \u00e0 contact@galerie-institut.com","breadcrumb":{"@id":"https:\/\/galerie-institut.com\/en\/produit\/miro-joan-femme-aux-bijoux-1968\/#breadcrumb"},"inLanguage":"en-US","potentialAction":[{"@type":"ReadAction","target":["https:\/\/galerie-institut.com\/en\/produit\/miro-joan-femme-aux-bijoux-1968\/"]}]},{"@type":"ImageObject","inLanguage":"en-US","@id":"https:\/\/galerie-institut.com\/en\/produit\/miro-joan-femme-aux-bijoux-1968\/#primaryimage","url":"https:\/\/galerie-institut.com\/wp-content\/uploads\/2023\/07\/femme-bijoux-miro.jpg","contentUrl":"https:\/\/galerie-institut.com\/wp-content\/uploads\/2023\/07\/femme-bijoux-miro.jpg","width":1000,"height":1000,"caption":"personnage na\u00eff portant des bijoux color\u00e9s, fond tachiste ressemblant \u00e0 de l'art rupestre"},{"@type":"BreadcrumbList","@id":"https:\/\/galerie-institut.com\/en\/produit\/miro-joan-femme-aux-bijoux-1968\/#breadcrumb","itemListElement":[{"@type":"ListItem","position":1,"name":"Accueil","item":"https:\/\/galerie-institut.com\/en\/accueil\/"},{"@type":"ListItem","position":2,"name":"Boutique","item":"https:\/\/galerie-institut.com\/?page_id=8607"},{"@type":"ListItem","position":3,"name":"Mir\u00f3, Joan, Woman with Jewels, 1968"}]},{"@type":"WebSite","@id":"https:\/\/galerie-institut.com\/en\/#website","url":"https:\/\/galerie-institut.com\/en\/","name":"Galerie Institut","description":"","potentialAction":[{"@type":"SearchAction","target":{"@type":"EntryPoint","urlTemplate":"https:\/\/galerie-institut.com\/en\/?s={search_term_string}"},"query-input":{"@type":"PropertyValueSpecification","valueRequired":true,"valueName":"search_term_string"}}],"inLanguage":"en-US"}]}},"_links":{"self":[{"href":"https:\/\/galerie-institut.com\/en\/wp-json\/wp\/v2\/product\/16942","targetHints":{"allow":["GET"]}}],"collection":[{"href":"https:\/\/galerie-institut.com\/en\/wp-json\/wp\/v2\/product"}],"about":[{"href":"https:\/\/galerie-institut.com\/en\/wp-json\/wp\/v2\/types\/product"}],"replies":[{"embeddable":true,"href":"https:\/\/galerie-institut.com\/en\/wp-json\/wp\/v2\/comments?post=16942"}],"wp:featuredmedia":[{"embeddable":true,"href":"https:\/\/galerie-institut.com\/en\/wp-json\/wp\/v2\/media\/16943"}],"wp:attachment":[{"href":"https:\/\/galerie-institut.com\/en\/wp-json\/wp\/v2\/media?parent=16942"}],"wp:term":[{"taxonomy":"product_brand","embeddable":true,"href":"https:\/\/galerie-institut.com\/en\/wp-json\/wp\/v2\/product_brand?post=16942"},{"taxonomy":"product_cat","embeddable":true,"href":"https:\/\/galerie-institut.com\/en\/wp-json\/wp\/v2\/product_cat?post=16942"},{"taxonomy":"product_tag","embeddable":true,"href":"https:\/\/galerie-institut.com\/en\/wp-json\/wp\/v2\/product_tag?post=16942"}],"curies":[{"name":"wp","href":"https:\/\/api.w.org\/{rel}","templated":true}]}}