{"id":16934,"date":"2025-01-22T13:00:29","date_gmt":"2025-01-22T13:00:29","guid":{"rendered":"https:\/\/galerie-institut.com\/produit\/picasso-pablo-still-life-with-pedestal-table-1919\/"},"modified":"2025-11-21T11:17:38","modified_gmt":"2025-11-21T11:17:38","slug":"picasso-pablo-nature-morte-gueridon-1919","status":"publish","type":"product","link":"https:\/\/galerie-institut.com\/en\/produit\/picasso-pablo-nature-morte-gueridon-1919\/","title":{"rendered":"Picasso, Pablo, Still Life with Pedestal Table, 1919"},"content":{"rendered":"<p>1919<\/p>\n<p>Stencil in color<\/p>\n<p>61.5 x 48.1 cm (37 x 27 cm)<\/p>\n<p>Signed by the artist in pencil lower right<\/p>\n<p>\u00a9 Succession Picasso 2025<\/p>\n","protected":false},"excerpt":{"rendered":"<p><em>Nature morte au gu\u00e9ridon<\/em> illustrates the concomitance in the same work of the two aesthetics developed by Picasso from 1914 onwards. The still life is depicted vertically, in a post-Cubist language of decomposition and interweaving of forms, while the rest of the composition reflects the classicist orientation of his writing. <\/p>\n","protected":false},"featured_media":16936,"comment_status":"open","ping_status":"closed","template":"","meta":{"_et_pb_use_builder":"","_et_pb_old_content":"","_et_gb_content_width":""},"product_brand":[],"product_cat":[267,266],"product_tag":[268,270],"class_list":{"0":"post-16934","1":"product","2":"type-product","3":"status-publish","4":"has-post-thumbnail","6":"product_cat-estampes","7":"product_cat-works-of-art-by-pablo-picasso","8":"product_tag-print","9":"product_tag-stencil","11":"first","12":"instock","13":"shipping-taxable","14":"product-type-simple"},"yoast_head":"<!-- This site is optimized with the Yoast SEO plugin v27.4 - https:\/\/yoast.com\/product\/yoast-seo-wordpress\/ -->\n<title>Picasso, Pablo, Still Life with Pedestal Table, 1919 - Galerie Institut<\/title>\n<meta name=\"description\" content=\"D\u00e9couvrez l&#039;oeuvre Picasso, Pablo, Still Life with Pedestal Table, 1919 disponible \u00e0 la Galerie de l&#039;Institut. Si vous \u00eates int\u00e9ress\u00e9.e.s par Picasso, Pablo, Still Life with Pedestal Table, 1919 merci de nous contacter \u00e0 contact@galerie-institut.com\" \/>\n<meta name=\"robots\" content=\"index, follow, max-snippet:-1, max-image-preview:large, max-video-preview:-1\" \/>\n<link rel=\"canonical\" href=\"https:\/\/galerie-institut.com\/en\/produit\/picasso-pablo-nature-morte-gueridon-1919\/\" \/>\n<meta property=\"og:locale\" content=\"en_US\" \/>\n<meta property=\"og:type\" content=\"article\" \/>\n<meta property=\"og:title\" content=\"Picasso, Pablo, Still Life with Pedestal Table, 1919 - Galerie Institut\" \/>\n<meta property=\"og:description\" content=\"D\u00e9couvrez l&#039;oeuvre Picasso, Pablo, Still Life with Pedestal Table, 1919 disponible \u00e0 la Galerie de l&#039;Institut. Si vous \u00eates int\u00e9ress\u00e9.e.s par Picasso, Pablo, Still Life with Pedestal Table, 1919 merci de nous contacter \u00e0 contact@galerie-institut.com\" \/>\n<meta property=\"og:url\" content=\"https:\/\/galerie-institut.com\/en\/produit\/picasso-pablo-nature-morte-gueridon-1919\/\" \/>\n<meta property=\"og:site_name\" content=\"Galerie Institut\" \/>\n<meta property=\"article:modified_time\" content=\"2025-11-21T11:17:38+00:00\" \/>\n<meta property=\"og:image\" content=\"https:\/\/galerie-institut.com\/wp-content\/uploads\/2025\/01\/nature-morte-au-gueridon-copie-scaled.webp\" \/>\n\t<meta property=\"og:image:width\" content=\"2000\" \/>\n\t<meta property=\"og:image:height\" content=\"2000\" \/>\n\t<meta property=\"og:image:type\" content=\"image\/webp\" \/>\n<meta name=\"twitter:card\" content=\"summary_large_image\" \/>\n<script type=\"application\/ld+json\" class=\"yoast-schema-graph\">{\"@context\":\"https:\\\/\\\/schema.org\",\"@graph\":[{\"@type\":\"WebPage\",\"@id\":\"https:\\\/\\\/galerie-institut.com\\\/en\\\/produit\\\/picasso-pablo-nature-morte-gueridon-1919\\\/\",\"url\":\"https:\\\/\\\/galerie-institut.com\\\/en\\\/produit\\\/picasso-pablo-nature-morte-gueridon-1919\\\/\",\"name\":\"Picasso, Pablo, Still Life with Pedestal Table, 1919 - Galerie Institut\",\"isPartOf\":{\"@id\":\"https:\\\/\\\/galerie-institut.com\\\/en\\\/#website\"},\"primaryImageOfPage\":{\"@id\":\"https:\\\/\\\/galerie-institut.com\\\/en\\\/produit\\\/picasso-pablo-nature-morte-gueridon-1919\\\/#primaryimage\"},\"image\":{\"@id\":\"https:\\\/\\\/galerie-institut.com\\\/en\\\/produit\\\/picasso-pablo-nature-morte-gueridon-1919\\\/#primaryimage\"},\"thumbnailUrl\":\"https:\\\/\\\/galerie-institut.com\\\/wp-content\\\/uploads\\\/2025\\\/01\\\/nature-morte-au-gueridon-copie-scaled.webp\",\"datePublished\":\"2025-01-22T13:00:29+00:00\",\"dateModified\":\"2025-11-21T11:17:38+00:00\",\"description\":\"D\u00e9couvrez l'oeuvre Picasso, Pablo, Still Life with Pedestal Table, 1919 disponible \u00e0 la Galerie de l'Institut. Si vous \u00eates int\u00e9ress\u00e9.e.s par Picasso, Pablo, Still Life with Pedestal Table, 1919 merci de nous contacter \u00e0 contact@galerie-institut.com\",\"breadcrumb\":{\"@id\":\"https:\\\/\\\/galerie-institut.com\\\/en\\\/produit\\\/picasso-pablo-nature-morte-gueridon-1919\\\/#breadcrumb\"},\"inLanguage\":\"en-US\",\"potentialAction\":[{\"@type\":\"ReadAction\",\"target\":[\"https:\\\/\\\/galerie-institut.com\\\/en\\\/produit\\\/picasso-pablo-nature-morte-gueridon-1919\\\/\"]}]},{\"@type\":\"ImageObject\",\"inLanguage\":\"en-US\",\"@id\":\"https:\\\/\\\/galerie-institut.com\\\/en\\\/produit\\\/picasso-pablo-nature-morte-gueridon-1919\\\/#primaryimage\",\"url\":\"https:\\\/\\\/galerie-institut.com\\\/wp-content\\\/uploads\\\/2025\\\/01\\\/nature-morte-au-gueridon-copie-scaled.webp\",\"contentUrl\":\"https:\\\/\\\/galerie-institut.com\\\/wp-content\\\/uploads\\\/2025\\\/01\\\/nature-morte-au-gueridon-copie-scaled.webp\",\"width\":2000,\"height\":2000,\"caption\":\"nature morte au gue\u0301ridon copie\"},{\"@type\":\"BreadcrumbList\",\"@id\":\"https:\\\/\\\/galerie-institut.com\\\/en\\\/produit\\\/picasso-pablo-nature-morte-gueridon-1919\\\/#breadcrumb\",\"itemListElement\":[{\"@type\":\"ListItem\",\"position\":1,\"name\":\"Accueil\",\"item\":\"https:\\\/\\\/galerie-institut.com\\\/en\\\/accueil\\\/\"},{\"@type\":\"ListItem\",\"position\":2,\"name\":\"Boutique\",\"item\":\"https:\\\/\\\/galerie-institut.com\\\/?page_id=8607\"},{\"@type\":\"ListItem\",\"position\":3,\"name\":\"Picasso, Pablo, Still Life with Pedestal Table, 1919\"}]},{\"@type\":\"WebSite\",\"@id\":\"https:\\\/\\\/galerie-institut.com\\\/en\\\/#website\",\"url\":\"https:\\\/\\\/galerie-institut.com\\\/en\\\/\",\"name\":\"Galerie Institut\",\"description\":\"\",\"potentialAction\":[{\"@type\":\"SearchAction\",\"target\":{\"@type\":\"EntryPoint\",\"urlTemplate\":\"https:\\\/\\\/galerie-institut.com\\\/en\\\/?s={search_term_string}\"},\"query-input\":{\"@type\":\"PropertyValueSpecification\",\"valueRequired\":true,\"valueName\":\"search_term_string\"}}],\"inLanguage\":\"en-US\"}]}<\/script>\n<!-- \/ Yoast SEO plugin. -->","yoast_head_json":{"title":"Picasso, Pablo, Still Life with Pedestal Table, 1919 - Galerie Institut","description":"D\u00e9couvrez l'oeuvre Picasso, Pablo, Still Life with Pedestal Table, 1919 disponible \u00e0 la Galerie de l'Institut. Si vous \u00eates int\u00e9ress\u00e9.e.s par Picasso, Pablo, Still Life with Pedestal Table, 1919 merci de nous contacter \u00e0 contact@galerie-institut.com","robots":{"index":"index","follow":"follow","max-snippet":"max-snippet:-1","max-image-preview":"max-image-preview:large","max-video-preview":"max-video-preview:-1"},"canonical":"https:\/\/galerie-institut.com\/en\/produit\/picasso-pablo-nature-morte-gueridon-1919\/","og_locale":"en_US","og_type":"article","og_title":"Picasso, Pablo, Still Life with Pedestal Table, 1919 - Galerie Institut","og_description":"D\u00e9couvrez l'oeuvre Picasso, Pablo, Still Life with Pedestal Table, 1919 disponible \u00e0 la Galerie de l'Institut. Si vous \u00eates int\u00e9ress\u00e9.e.s par Picasso, Pablo, Still Life with Pedestal Table, 1919 merci de nous contacter \u00e0 contact@galerie-institut.com","og_url":"https:\/\/galerie-institut.com\/en\/produit\/picasso-pablo-nature-morte-gueridon-1919\/","og_site_name":"Galerie Institut","article_modified_time":"2025-11-21T11:17:38+00:00","og_image":[{"width":2000,"height":2000,"url":"https:\/\/galerie-institut.com\/wp-content\/uploads\/2025\/01\/nature-morte-au-gueridon-copie-scaled.webp","type":"image\/webp"}],"twitter_card":"summary_large_image","schema":{"@context":"https:\/\/schema.org","@graph":[{"@type":"WebPage","@id":"https:\/\/galerie-institut.com\/en\/produit\/picasso-pablo-nature-morte-gueridon-1919\/","url":"https:\/\/galerie-institut.com\/en\/produit\/picasso-pablo-nature-morte-gueridon-1919\/","name":"Picasso, Pablo, Still Life with Pedestal Table, 1919 - Galerie Institut","isPartOf":{"@id":"https:\/\/galerie-institut.com\/en\/#website"},"primaryImageOfPage":{"@id":"https:\/\/galerie-institut.com\/en\/produit\/picasso-pablo-nature-morte-gueridon-1919\/#primaryimage"},"image":{"@id":"https:\/\/galerie-institut.com\/en\/produit\/picasso-pablo-nature-morte-gueridon-1919\/#primaryimage"},"thumbnailUrl":"https:\/\/galerie-institut.com\/wp-content\/uploads\/2025\/01\/nature-morte-au-gueridon-copie-scaled.webp","datePublished":"2025-01-22T13:00:29+00:00","dateModified":"2025-11-21T11:17:38+00:00","description":"D\u00e9couvrez l'oeuvre Picasso, Pablo, Still Life with Pedestal Table, 1919 disponible \u00e0 la Galerie de l'Institut. Si vous \u00eates int\u00e9ress\u00e9.e.s par Picasso, Pablo, Still Life with Pedestal Table, 1919 merci de nous contacter \u00e0 contact@galerie-institut.com","breadcrumb":{"@id":"https:\/\/galerie-institut.com\/en\/produit\/picasso-pablo-nature-morte-gueridon-1919\/#breadcrumb"},"inLanguage":"en-US","potentialAction":[{"@type":"ReadAction","target":["https:\/\/galerie-institut.com\/en\/produit\/picasso-pablo-nature-morte-gueridon-1919\/"]}]},{"@type":"ImageObject","inLanguage":"en-US","@id":"https:\/\/galerie-institut.com\/en\/produit\/picasso-pablo-nature-morte-gueridon-1919\/#primaryimage","url":"https:\/\/galerie-institut.com\/wp-content\/uploads\/2025\/01\/nature-morte-au-gueridon-copie-scaled.webp","contentUrl":"https:\/\/galerie-institut.com\/wp-content\/uploads\/2025\/01\/nature-morte-au-gueridon-copie-scaled.webp","width":2000,"height":2000,"caption":"nature morte au gue\u0301ridon copie"},{"@type":"BreadcrumbList","@id":"https:\/\/galerie-institut.com\/en\/produit\/picasso-pablo-nature-morte-gueridon-1919\/#breadcrumb","itemListElement":[{"@type":"ListItem","position":1,"name":"Accueil","item":"https:\/\/galerie-institut.com\/en\/accueil\/"},{"@type":"ListItem","position":2,"name":"Boutique","item":"https:\/\/galerie-institut.com\/?page_id=8607"},{"@type":"ListItem","position":3,"name":"Picasso, Pablo, Still Life with Pedestal Table, 1919"}]},{"@type":"WebSite","@id":"https:\/\/galerie-institut.com\/en\/#website","url":"https:\/\/galerie-institut.com\/en\/","name":"Galerie Institut","description":"","potentialAction":[{"@type":"SearchAction","target":{"@type":"EntryPoint","urlTemplate":"https:\/\/galerie-institut.com\/en\/?s={search_term_string}"},"query-input":{"@type":"PropertyValueSpecification","valueRequired":true,"valueName":"search_term_string"}}],"inLanguage":"en-US"}]}},"_links":{"self":[{"href":"https:\/\/galerie-institut.com\/en\/wp-json\/wp\/v2\/product\/16934","targetHints":{"allow":["GET"]}}],"collection":[{"href":"https:\/\/galerie-institut.com\/en\/wp-json\/wp\/v2\/product"}],"about":[{"href":"https:\/\/galerie-institut.com\/en\/wp-json\/wp\/v2\/types\/product"}],"replies":[{"embeddable":true,"href":"https:\/\/galerie-institut.com\/en\/wp-json\/wp\/v2\/comments?post=16934"}],"wp:featuredmedia":[{"embeddable":true,"href":"https:\/\/galerie-institut.com\/en\/wp-json\/wp\/v2\/media\/16936"}],"wp:attachment":[{"href":"https:\/\/galerie-institut.com\/en\/wp-json\/wp\/v2\/media?parent=16934"}],"wp:term":[{"taxonomy":"product_brand","embeddable":true,"href":"https:\/\/galerie-institut.com\/en\/wp-json\/wp\/v2\/product_brand?post=16934"},{"taxonomy":"product_cat","embeddable":true,"href":"https:\/\/galerie-institut.com\/en\/wp-json\/wp\/v2\/product_cat?post=16934"},{"taxonomy":"product_tag","embeddable":true,"href":"https:\/\/galerie-institut.com\/en\/wp-json\/wp\/v2\/product_tag?post=16934"}],"curies":[{"name":"wp","href":"https:\/\/api.w.org\/{rel}","templated":true}]}}