{"id":16925,"date":"2025-01-05T15:00:09","date_gmt":"2025-01-05T15:00:09","guid":{"rendered":"https:\/\/galerie-institut.com\/produit\/rouault-georges-christ-on-the-cross-1936\/"},"modified":"2025-11-21T11:17:36","modified_gmt":"2025-11-21T11:17:36","slug":"rouault-georges-christ-en-croix-1936","status":"publish","type":"product","link":"https:\/\/galerie-institut.com\/en\/produit\/rouault-georges-christ-en-croix-1936\/","title":{"rendered":"Rouault, Georges, Christ on the Cross, 1936"},"content":{"rendered":"<p>1936<\/p>\n<p>Original aquatint in color on Montval paper<\/p>\n<p>78 x 57.3 cm<\/p>\n<p>Signed and dated by the artist in the plate lower left, signed in ink by the artist lower right and numbered in pencil on 175<\/p>\n<p>Catalogue raisonn\u00e9 : 286<\/p>\n","protected":false},"excerpt":{"rendered":"<p>Christ on the Cross is part of a project to rework the <em>Miserere<\/em>. Initially printed in black and white, Georges Rouault softened the dramatic austerity by adding bright colors. Like a Gothic stained-glass window flooded with light, Christ&#8217;s passion illuminates the exalted viewer.  <\/p>\n","protected":false},"featured_media":16928,"comment_status":"open","ping_status":"closed","template":"","meta":{"_et_pb_use_builder":"","_et_pb_old_content":"","_et_gb_content_width":""},"product_brand":[],"product_cat":[267,285],"product_tag":[159,268],"class_list":{"0":"post-16925","1":"product","2":"type-product","3":"status-publish","4":"has-post-thumbnail","6":"product_cat-estampes","7":"product_cat-rouault","8":"product_tag-aquatint","9":"product_tag-print","11":"first","12":"instock","13":"shipping-taxable","14":"product-type-simple"},"yoast_head":"<!-- This site is optimized with the Yoast SEO plugin v27.4 - https:\/\/yoast.com\/product\/yoast-seo-wordpress\/ -->\n<title>Rouault, Georges, Christ on the Cross, 1936 - Galerie Institut<\/title>\n<meta name=\"description\" content=\"D\u00e9couvrez l&#039;oeuvre Rouault, Georges, Christ on the Cross, 1936 disponible \u00e0 la Galerie de l&#039;Institut. Si vous \u00eates int\u00e9ress\u00e9.e.s par Rouault, Georges, Christ on the Cross, 1936 merci de nous contacter \u00e0 contact@galerie-institut.com\" \/>\n<meta name=\"robots\" content=\"index, follow, max-snippet:-1, max-image-preview:large, max-video-preview:-1\" \/>\n<link rel=\"canonical\" href=\"https:\/\/galerie-institut.com\/en\/produit\/rouault-georges-christ-en-croix-1936\/\" \/>\n<meta property=\"og:locale\" content=\"en_US\" \/>\n<meta property=\"og:type\" content=\"article\" \/>\n<meta property=\"og:title\" content=\"Rouault, Georges, Christ on the Cross, 1936 - Galerie Institut\" \/>\n<meta property=\"og:description\" content=\"D\u00e9couvrez l&#039;oeuvre Rouault, Georges, Christ on the Cross, 1936 disponible \u00e0 la Galerie de l&#039;Institut. Si vous \u00eates int\u00e9ress\u00e9.e.s par Rouault, Georges, Christ on the Cross, 1936 merci de nous contacter \u00e0 contact@galerie-institut.com\" \/>\n<meta property=\"og:url\" content=\"https:\/\/galerie-institut.com\/en\/produit\/rouault-georges-christ-en-croix-1936\/\" \/>\n<meta property=\"og:site_name\" content=\"Galerie Institut\" \/>\n<meta property=\"article:modified_time\" content=\"2025-11-21T11:17:36+00:00\" \/>\n<meta property=\"og:image\" content=\"https:\/\/galerie-institut.com\/wp-content\/uploads\/2021\/11\/rouault-georges-1936-christ-en-croix.jpg\" \/>\n\t<meta property=\"og:image:width\" content=\"1000\" \/>\n\t<meta property=\"og:image:height\" content=\"1000\" \/>\n\t<meta property=\"og:image:type\" content=\"image\/jpeg\" \/>\n<meta name=\"twitter:card\" content=\"summary_large_image\" \/>\n<script type=\"application\/ld+json\" class=\"yoast-schema-graph\">{\"@context\":\"https:\\\/\\\/schema.org\",\"@graph\":[{\"@type\":\"WebPage\",\"@id\":\"https:\\\/\\\/galerie-institut.com\\\/en\\\/produit\\\/rouault-georges-christ-en-croix-1936\\\/\",\"url\":\"https:\\\/\\\/galerie-institut.com\\\/en\\\/produit\\\/rouault-georges-christ-en-croix-1936\\\/\",\"name\":\"Rouault, Georges, Christ on the Cross, 1936 - Galerie Institut\",\"isPartOf\":{\"@id\":\"https:\\\/\\\/galerie-institut.com\\\/en\\\/#website\"},\"primaryImageOfPage\":{\"@id\":\"https:\\\/\\\/galerie-institut.com\\\/en\\\/produit\\\/rouault-georges-christ-en-croix-1936\\\/#primaryimage\"},\"image\":{\"@id\":\"https:\\\/\\\/galerie-institut.com\\\/en\\\/produit\\\/rouault-georges-christ-en-croix-1936\\\/#primaryimage\"},\"thumbnailUrl\":\"https:\\\/\\\/galerie-institut.com\\\/wp-content\\\/uploads\\\/2021\\\/11\\\/rouault-georges-1936-christ-en-croix.jpg\",\"datePublished\":\"2025-01-05T15:00:09+00:00\",\"dateModified\":\"2025-11-21T11:17:36+00:00\",\"description\":\"D\u00e9couvrez l'oeuvre Rouault, Georges, Christ on the Cross, 1936 disponible \u00e0 la Galerie de l'Institut. Si vous \u00eates int\u00e9ress\u00e9.e.s par Rouault, Georges, Christ on the Cross, 1936 merci de nous contacter \u00e0 contact@galerie-institut.com\",\"breadcrumb\":{\"@id\":\"https:\\\/\\\/galerie-institut.com\\\/en\\\/produit\\\/rouault-georges-christ-en-croix-1936\\\/#breadcrumb\"},\"inLanguage\":\"en-US\",\"potentialAction\":[{\"@type\":\"ReadAction\",\"target\":[\"https:\\\/\\\/galerie-institut.com\\\/en\\\/produit\\\/rouault-georges-christ-en-croix-1936\\\/\"]}]},{\"@type\":\"ImageObject\",\"inLanguage\":\"en-US\",\"@id\":\"https:\\\/\\\/galerie-institut.com\\\/en\\\/produit\\\/rouault-georges-christ-en-croix-1936\\\/#primaryimage\",\"url\":\"https:\\\/\\\/galerie-institut.com\\\/wp-content\\\/uploads\\\/2021\\\/11\\\/rouault-georges-1936-christ-en-croix.jpg\",\"contentUrl\":\"https:\\\/\\\/galerie-institut.com\\\/wp-content\\\/uploads\\\/2021\\\/11\\\/rouault-georges-1936-christ-en-croix.jpg\",\"width\":1000,\"height\":1000,\"caption\":\"Christ en choix entour\u00e9 de pleureuses\"},{\"@type\":\"BreadcrumbList\",\"@id\":\"https:\\\/\\\/galerie-institut.com\\\/en\\\/produit\\\/rouault-georges-christ-en-croix-1936\\\/#breadcrumb\",\"itemListElement\":[{\"@type\":\"ListItem\",\"position\":1,\"name\":\"Accueil\",\"item\":\"https:\\\/\\\/galerie-institut.com\\\/en\\\/accueil\\\/\"},{\"@type\":\"ListItem\",\"position\":2,\"name\":\"Boutique\",\"item\":\"https:\\\/\\\/galerie-institut.com\\\/?page_id=8607\"},{\"@type\":\"ListItem\",\"position\":3,\"name\":\"Rouault, Georges, Christ on the Cross, 1936\"}]},{\"@type\":\"WebSite\",\"@id\":\"https:\\\/\\\/galerie-institut.com\\\/en\\\/#website\",\"url\":\"https:\\\/\\\/galerie-institut.com\\\/en\\\/\",\"name\":\"Galerie Institut\",\"description\":\"\",\"potentialAction\":[{\"@type\":\"SearchAction\",\"target\":{\"@type\":\"EntryPoint\",\"urlTemplate\":\"https:\\\/\\\/galerie-institut.com\\\/en\\\/?s={search_term_string}\"},\"query-input\":{\"@type\":\"PropertyValueSpecification\",\"valueRequired\":true,\"valueName\":\"search_term_string\"}}],\"inLanguage\":\"en-US\"}]}<\/script>\n<!-- \/ Yoast SEO plugin. -->","yoast_head_json":{"title":"Rouault, Georges, Christ on the Cross, 1936 - Galerie Institut","description":"D\u00e9couvrez l'oeuvre Rouault, Georges, Christ on the Cross, 1936 disponible \u00e0 la Galerie de l'Institut. Si vous \u00eates int\u00e9ress\u00e9.e.s par Rouault, Georges, Christ on the Cross, 1936 merci de nous contacter \u00e0 contact@galerie-institut.com","robots":{"index":"index","follow":"follow","max-snippet":"max-snippet:-1","max-image-preview":"max-image-preview:large","max-video-preview":"max-video-preview:-1"},"canonical":"https:\/\/galerie-institut.com\/en\/produit\/rouault-georges-christ-en-croix-1936\/","og_locale":"en_US","og_type":"article","og_title":"Rouault, Georges, Christ on the Cross, 1936 - Galerie Institut","og_description":"D\u00e9couvrez l'oeuvre Rouault, Georges, Christ on the Cross, 1936 disponible \u00e0 la Galerie de l'Institut. Si vous \u00eates int\u00e9ress\u00e9.e.s par Rouault, Georges, Christ on the Cross, 1936 merci de nous contacter \u00e0 contact@galerie-institut.com","og_url":"https:\/\/galerie-institut.com\/en\/produit\/rouault-georges-christ-en-croix-1936\/","og_site_name":"Galerie Institut","article_modified_time":"2025-11-21T11:17:36+00:00","og_image":[{"width":1000,"height":1000,"url":"https:\/\/galerie-institut.com\/wp-content\/uploads\/2021\/11\/rouault-georges-1936-christ-en-croix.jpg","type":"image\/jpeg"}],"twitter_card":"summary_large_image","schema":{"@context":"https:\/\/schema.org","@graph":[{"@type":"WebPage","@id":"https:\/\/galerie-institut.com\/en\/produit\/rouault-georges-christ-en-croix-1936\/","url":"https:\/\/galerie-institut.com\/en\/produit\/rouault-georges-christ-en-croix-1936\/","name":"Rouault, Georges, Christ on the Cross, 1936 - Galerie Institut","isPartOf":{"@id":"https:\/\/galerie-institut.com\/en\/#website"},"primaryImageOfPage":{"@id":"https:\/\/galerie-institut.com\/en\/produit\/rouault-georges-christ-en-croix-1936\/#primaryimage"},"image":{"@id":"https:\/\/galerie-institut.com\/en\/produit\/rouault-georges-christ-en-croix-1936\/#primaryimage"},"thumbnailUrl":"https:\/\/galerie-institut.com\/wp-content\/uploads\/2021\/11\/rouault-georges-1936-christ-en-croix.jpg","datePublished":"2025-01-05T15:00:09+00:00","dateModified":"2025-11-21T11:17:36+00:00","description":"D\u00e9couvrez l'oeuvre Rouault, Georges, Christ on the Cross, 1936 disponible \u00e0 la Galerie de l'Institut. Si vous \u00eates int\u00e9ress\u00e9.e.s par Rouault, Georges, Christ on the Cross, 1936 merci de nous contacter \u00e0 contact@galerie-institut.com","breadcrumb":{"@id":"https:\/\/galerie-institut.com\/en\/produit\/rouault-georges-christ-en-croix-1936\/#breadcrumb"},"inLanguage":"en-US","potentialAction":[{"@type":"ReadAction","target":["https:\/\/galerie-institut.com\/en\/produit\/rouault-georges-christ-en-croix-1936\/"]}]},{"@type":"ImageObject","inLanguage":"en-US","@id":"https:\/\/galerie-institut.com\/en\/produit\/rouault-georges-christ-en-croix-1936\/#primaryimage","url":"https:\/\/galerie-institut.com\/wp-content\/uploads\/2021\/11\/rouault-georges-1936-christ-en-croix.jpg","contentUrl":"https:\/\/galerie-institut.com\/wp-content\/uploads\/2021\/11\/rouault-georges-1936-christ-en-croix.jpg","width":1000,"height":1000,"caption":"Christ en choix entour\u00e9 de pleureuses"},{"@type":"BreadcrumbList","@id":"https:\/\/galerie-institut.com\/en\/produit\/rouault-georges-christ-en-croix-1936\/#breadcrumb","itemListElement":[{"@type":"ListItem","position":1,"name":"Accueil","item":"https:\/\/galerie-institut.com\/en\/accueil\/"},{"@type":"ListItem","position":2,"name":"Boutique","item":"https:\/\/galerie-institut.com\/?page_id=8607"},{"@type":"ListItem","position":3,"name":"Rouault, Georges, Christ on the Cross, 1936"}]},{"@type":"WebSite","@id":"https:\/\/galerie-institut.com\/en\/#website","url":"https:\/\/galerie-institut.com\/en\/","name":"Galerie Institut","description":"","potentialAction":[{"@type":"SearchAction","target":{"@type":"EntryPoint","urlTemplate":"https:\/\/galerie-institut.com\/en\/?s={search_term_string}"},"query-input":{"@type":"PropertyValueSpecification","valueRequired":true,"valueName":"search_term_string"}}],"inLanguage":"en-US"}]}},"_links":{"self":[{"href":"https:\/\/galerie-institut.com\/en\/wp-json\/wp\/v2\/product\/16925","targetHints":{"allow":["GET"]}}],"collection":[{"href":"https:\/\/galerie-institut.com\/en\/wp-json\/wp\/v2\/product"}],"about":[{"href":"https:\/\/galerie-institut.com\/en\/wp-json\/wp\/v2\/types\/product"}],"replies":[{"embeddable":true,"href":"https:\/\/galerie-institut.com\/en\/wp-json\/wp\/v2\/comments?post=16925"}],"wp:featuredmedia":[{"embeddable":true,"href":"https:\/\/galerie-institut.com\/en\/wp-json\/wp\/v2\/media\/16928"}],"wp:attachment":[{"href":"https:\/\/galerie-institut.com\/en\/wp-json\/wp\/v2\/media?parent=16925"}],"wp:term":[{"taxonomy":"product_brand","embeddable":true,"href":"https:\/\/galerie-institut.com\/en\/wp-json\/wp\/v2\/product_brand?post=16925"},{"taxonomy":"product_cat","embeddable":true,"href":"https:\/\/galerie-institut.com\/en\/wp-json\/wp\/v2\/product_cat?post=16925"},{"taxonomy":"product_tag","embeddable":true,"href":"https:\/\/galerie-institut.com\/en\/wp-json\/wp\/v2\/product_tag?post=16925"}],"curies":[{"name":"wp","href":"https:\/\/api.w.org\/{rel}","templated":true}]}}