{"id":16908,"date":"2025-03-04T16:52:38","date_gmt":"2025-03-04T16:52:38","guid":{"rendered":"https:\/\/galerie-institut.com\/produit\/buffet-bernard-dinghies-on-the-graniers-beach-1979\/"},"modified":"2025-11-21T11:05:46","modified_gmt":"2025-11-21T11:05:46","slug":"buffet-bernard-deriveurs-sur-la-plage-des-graviers-1979","status":"publish","type":"product","link":"https:\/\/galerie-institut.com\/en\/produit\/buffet-bernard-deriveurs-sur-la-plage-des-graviers-1979\/","title":{"rendered":"Buffet, Bernard, Dinghies on the Graniers beach, 1979"},"content":{"rendered":"<p>1979<\/p>\n<p>Original color lithograph.<\/p>\n<p>54 x 39.5 cm.<\/p>\n<p>Print annotated E.A. lower left, signed by the artist in pencil lower right.<br \/>\nEdition of 80 signed and numbered copies.<\/p>\n<p>Sheet 11 from the album Saint-Tropez. \u00c9ditions A.C. Mazo et Cie, Paris. <\/p>\n<p>Catalog raisonn\u00e9: Sorlier 285.<\/p>\n","protected":false},"excerpt":{"rendered":"<p>1979 Original color lithograph. 54 x 39.5 cm. Print annotated E.A. lower left, signed by the artist in pencil lower right. Edition of 80 signed and numbered copies. Sheet 11 from the album Saint-Tropez. \u00c9ditions A.C. Mazo et Cie, Paris. Catalog raisonn\u00e9: Sorlier 285.<\/p>\n","protected":false},"featured_media":16901,"comment_status":"open","ping_status":"closed","template":"","meta":{"_et_pb_use_builder":"","_et_pb_old_content":"","_et_gb_content_width":""},"product_brand":[],"product_cat":[273,267],"product_tag":[177,274],"class_list":{"0":"post-16908","1":"product","2":"type-product","3":"status-publish","4":"has-post-thumbnail","6":"product_cat-buffet","7":"product_cat-estampes","8":"product_tag-gouache-en","9":"product_tag-table","11":"first","12":"instock","13":"shipping-taxable","14":"product-type-simple"},"yoast_head":"<!-- This site is optimized with the Yoast SEO plugin v27.4 - https:\/\/yoast.com\/product\/yoast-seo-wordpress\/ -->\n<title>Buffet, Bernard, Dinghies on the Graniers beach, 1979 - Galerie Institut<\/title>\n<meta name=\"description\" content=\"D\u00e9couvrez l&#039;oeuvre Buffet, Bernard, Dinghies on the Graniers beach, 1979 disponible \u00e0 la Galerie de l&#039;Institut. Si vous \u00eates int\u00e9ress\u00e9.e.s par Buffet, Bernard, Dinghies on the Graniers beach, 1979 merci de nous contacter \u00e0 contact@galerie-institut.com\" \/>\n<meta name=\"robots\" content=\"index, follow, max-snippet:-1, max-image-preview:large, max-video-preview:-1\" \/>\n<link rel=\"canonical\" href=\"https:\/\/galerie-institut.com\/en\/produit\/buffet-bernard-deriveurs-sur-la-plage-des-graviers-1979\/\" \/>\n<meta property=\"og:locale\" content=\"en_US\" \/>\n<meta property=\"og:type\" content=\"article\" \/>\n<meta property=\"og:title\" content=\"Buffet, Bernard, Dinghies on the Graniers beach, 1979 - Galerie Institut\" \/>\n<meta property=\"og:description\" content=\"D\u00e9couvrez l&#039;oeuvre Buffet, Bernard, Dinghies on the Graniers beach, 1979 disponible \u00e0 la Galerie de l&#039;Institut. Si vous \u00eates int\u00e9ress\u00e9.e.s par Buffet, Bernard, Dinghies on the Graniers beach, 1979 merci de nous contacter \u00e0 contact@galerie-institut.com\" \/>\n<meta property=\"og:url\" content=\"https:\/\/galerie-institut.com\/en\/produit\/buffet-bernard-deriveurs-sur-la-plage-des-graviers-1979\/\" \/>\n<meta property=\"og:site_name\" content=\"Galerie Institut\" \/>\n<meta property=\"article:modified_time\" content=\"2025-11-21T11:05:46+00:00\" \/>\n<meta property=\"og:image\" content=\"https:\/\/galerie-institut.com\/wp-content\/uploads\/2025\/03\/54068-800x800.webp\" \/>\n\t<meta property=\"og:image:width\" content=\"800\" \/>\n\t<meta property=\"og:image:height\" content=\"800\" \/>\n\t<meta property=\"og:image:type\" content=\"image\/webp\" \/>\n<meta name=\"twitter:card\" content=\"summary_large_image\" \/>\n<script type=\"application\/ld+json\" class=\"yoast-schema-graph\">{\"@context\":\"https:\\\/\\\/schema.org\",\"@graph\":[{\"@type\":\"WebPage\",\"@id\":\"https:\\\/\\\/galerie-institut.com\\\/en\\\/produit\\\/buffet-bernard-deriveurs-sur-la-plage-des-graviers-1979\\\/\",\"url\":\"https:\\\/\\\/galerie-institut.com\\\/en\\\/produit\\\/buffet-bernard-deriveurs-sur-la-plage-des-graviers-1979\\\/\",\"name\":\"Buffet, Bernard, Dinghies on the Graniers beach, 1979 - Galerie Institut\",\"isPartOf\":{\"@id\":\"https:\\\/\\\/galerie-institut.com\\\/en\\\/#website\"},\"primaryImageOfPage\":{\"@id\":\"https:\\\/\\\/galerie-institut.com\\\/en\\\/produit\\\/buffet-bernard-deriveurs-sur-la-plage-des-graviers-1979\\\/#primaryimage\"},\"image\":{\"@id\":\"https:\\\/\\\/galerie-institut.com\\\/en\\\/produit\\\/buffet-bernard-deriveurs-sur-la-plage-des-graviers-1979\\\/#primaryimage\"},\"thumbnailUrl\":\"https:\\\/\\\/galerie-institut.com\\\/wp-content\\\/uploads\\\/2025\\\/03\\\/54068-scaled.webp\",\"datePublished\":\"2025-03-04T16:52:38+00:00\",\"dateModified\":\"2025-11-21T11:05:46+00:00\",\"description\":\"D\u00e9couvrez l'oeuvre Buffet, Bernard, Dinghies on the Graniers beach, 1979 disponible \u00e0 la Galerie de l'Institut. Si vous \u00eates int\u00e9ress\u00e9.e.s par Buffet, Bernard, Dinghies on the Graniers beach, 1979 merci de nous contacter \u00e0 contact@galerie-institut.com\",\"breadcrumb\":{\"@id\":\"https:\\\/\\\/galerie-institut.com\\\/en\\\/produit\\\/buffet-bernard-deriveurs-sur-la-plage-des-graviers-1979\\\/#breadcrumb\"},\"inLanguage\":\"en-US\",\"potentialAction\":[{\"@type\":\"ReadAction\",\"target\":[\"https:\\\/\\\/galerie-institut.com\\\/en\\\/produit\\\/buffet-bernard-deriveurs-sur-la-plage-des-graviers-1979\\\/\"]}]},{\"@type\":\"ImageObject\",\"inLanguage\":\"en-US\",\"@id\":\"https:\\\/\\\/galerie-institut.com\\\/en\\\/produit\\\/buffet-bernard-deriveurs-sur-la-plage-des-graviers-1979\\\/#primaryimage\",\"url\":\"https:\\\/\\\/galerie-institut.com\\\/wp-content\\\/uploads\\\/2025\\\/03\\\/54068-scaled.webp\",\"contentUrl\":\"https:\\\/\\\/galerie-institut.com\\\/wp-content\\\/uploads\\\/2025\\\/03\\\/54068-scaled.webp\",\"width\":2000,\"height\":2000,\"caption\":\"54068\"},{\"@type\":\"BreadcrumbList\",\"@id\":\"https:\\\/\\\/galerie-institut.com\\\/en\\\/produit\\\/buffet-bernard-deriveurs-sur-la-plage-des-graviers-1979\\\/#breadcrumb\",\"itemListElement\":[{\"@type\":\"ListItem\",\"position\":1,\"name\":\"Accueil\",\"item\":\"https:\\\/\\\/galerie-institut.com\\\/en\\\/accueil\\\/\"},{\"@type\":\"ListItem\",\"position\":2,\"name\":\"Boutique\",\"item\":\"https:\\\/\\\/galerie-institut.com\\\/?page_id=8607\"},{\"@type\":\"ListItem\",\"position\":3,\"name\":\"Buffet, Bernard, Dinghies on the Graniers beach, 1979\"}]},{\"@type\":\"WebSite\",\"@id\":\"https:\\\/\\\/galerie-institut.com\\\/en\\\/#website\",\"url\":\"https:\\\/\\\/galerie-institut.com\\\/en\\\/\",\"name\":\"Galerie Institut\",\"description\":\"\",\"potentialAction\":[{\"@type\":\"SearchAction\",\"target\":{\"@type\":\"EntryPoint\",\"urlTemplate\":\"https:\\\/\\\/galerie-institut.com\\\/en\\\/?s={search_term_string}\"},\"query-input\":{\"@type\":\"PropertyValueSpecification\",\"valueRequired\":true,\"valueName\":\"search_term_string\"}}],\"inLanguage\":\"en-US\"}]}<\/script>\n<!-- \/ Yoast SEO plugin. -->","yoast_head_json":{"title":"Buffet, Bernard, Dinghies on the Graniers beach, 1979 - Galerie Institut","description":"D\u00e9couvrez l'oeuvre Buffet, Bernard, Dinghies on the Graniers beach, 1979 disponible \u00e0 la Galerie de l'Institut. Si vous \u00eates int\u00e9ress\u00e9.e.s par Buffet, Bernard, Dinghies on the Graniers beach, 1979 merci de nous contacter \u00e0 contact@galerie-institut.com","robots":{"index":"index","follow":"follow","max-snippet":"max-snippet:-1","max-image-preview":"max-image-preview:large","max-video-preview":"max-video-preview:-1"},"canonical":"https:\/\/galerie-institut.com\/en\/produit\/buffet-bernard-deriveurs-sur-la-plage-des-graviers-1979\/","og_locale":"en_US","og_type":"article","og_title":"Buffet, Bernard, Dinghies on the Graniers beach, 1979 - Galerie Institut","og_description":"D\u00e9couvrez l'oeuvre Buffet, Bernard, Dinghies on the Graniers beach, 1979 disponible \u00e0 la Galerie de l'Institut. Si vous \u00eates int\u00e9ress\u00e9.e.s par Buffet, Bernard, Dinghies on the Graniers beach, 1979 merci de nous contacter \u00e0 contact@galerie-institut.com","og_url":"https:\/\/galerie-institut.com\/en\/produit\/buffet-bernard-deriveurs-sur-la-plage-des-graviers-1979\/","og_site_name":"Galerie Institut","article_modified_time":"2025-11-21T11:05:46+00:00","og_image":[{"width":800,"height":800,"url":"https:\/\/galerie-institut.com\/wp-content\/uploads\/2025\/03\/54068-800x800.webp","type":"image\/webp"}],"twitter_card":"summary_large_image","schema":{"@context":"https:\/\/schema.org","@graph":[{"@type":"WebPage","@id":"https:\/\/galerie-institut.com\/en\/produit\/buffet-bernard-deriveurs-sur-la-plage-des-graviers-1979\/","url":"https:\/\/galerie-institut.com\/en\/produit\/buffet-bernard-deriveurs-sur-la-plage-des-graviers-1979\/","name":"Buffet, Bernard, Dinghies on the Graniers beach, 1979 - Galerie Institut","isPartOf":{"@id":"https:\/\/galerie-institut.com\/en\/#website"},"primaryImageOfPage":{"@id":"https:\/\/galerie-institut.com\/en\/produit\/buffet-bernard-deriveurs-sur-la-plage-des-graviers-1979\/#primaryimage"},"image":{"@id":"https:\/\/galerie-institut.com\/en\/produit\/buffet-bernard-deriveurs-sur-la-plage-des-graviers-1979\/#primaryimage"},"thumbnailUrl":"https:\/\/galerie-institut.com\/wp-content\/uploads\/2025\/03\/54068-scaled.webp","datePublished":"2025-03-04T16:52:38+00:00","dateModified":"2025-11-21T11:05:46+00:00","description":"D\u00e9couvrez l'oeuvre Buffet, Bernard, Dinghies on the Graniers beach, 1979 disponible \u00e0 la Galerie de l'Institut. Si vous \u00eates int\u00e9ress\u00e9.e.s par Buffet, Bernard, Dinghies on the Graniers beach, 1979 merci de nous contacter \u00e0 contact@galerie-institut.com","breadcrumb":{"@id":"https:\/\/galerie-institut.com\/en\/produit\/buffet-bernard-deriveurs-sur-la-plage-des-graviers-1979\/#breadcrumb"},"inLanguage":"en-US","potentialAction":[{"@type":"ReadAction","target":["https:\/\/galerie-institut.com\/en\/produit\/buffet-bernard-deriveurs-sur-la-plage-des-graviers-1979\/"]}]},{"@type":"ImageObject","inLanguage":"en-US","@id":"https:\/\/galerie-institut.com\/en\/produit\/buffet-bernard-deriveurs-sur-la-plage-des-graviers-1979\/#primaryimage","url":"https:\/\/galerie-institut.com\/wp-content\/uploads\/2025\/03\/54068-scaled.webp","contentUrl":"https:\/\/galerie-institut.com\/wp-content\/uploads\/2025\/03\/54068-scaled.webp","width":2000,"height":2000,"caption":"54068"},{"@type":"BreadcrumbList","@id":"https:\/\/galerie-institut.com\/en\/produit\/buffet-bernard-deriveurs-sur-la-plage-des-graviers-1979\/#breadcrumb","itemListElement":[{"@type":"ListItem","position":1,"name":"Accueil","item":"https:\/\/galerie-institut.com\/en\/accueil\/"},{"@type":"ListItem","position":2,"name":"Boutique","item":"https:\/\/galerie-institut.com\/?page_id=8607"},{"@type":"ListItem","position":3,"name":"Buffet, Bernard, Dinghies on the Graniers beach, 1979"}]},{"@type":"WebSite","@id":"https:\/\/galerie-institut.com\/en\/#website","url":"https:\/\/galerie-institut.com\/en\/","name":"Galerie Institut","description":"","potentialAction":[{"@type":"SearchAction","target":{"@type":"EntryPoint","urlTemplate":"https:\/\/galerie-institut.com\/en\/?s={search_term_string}"},"query-input":{"@type":"PropertyValueSpecification","valueRequired":true,"valueName":"search_term_string"}}],"inLanguage":"en-US"}]}},"_links":{"self":[{"href":"https:\/\/galerie-institut.com\/en\/wp-json\/wp\/v2\/product\/16908","targetHints":{"allow":["GET"]}}],"collection":[{"href":"https:\/\/galerie-institut.com\/en\/wp-json\/wp\/v2\/product"}],"about":[{"href":"https:\/\/galerie-institut.com\/en\/wp-json\/wp\/v2\/types\/product"}],"replies":[{"embeddable":true,"href":"https:\/\/galerie-institut.com\/en\/wp-json\/wp\/v2\/comments?post=16908"}],"wp:featuredmedia":[{"embeddable":true,"href":"https:\/\/galerie-institut.com\/en\/wp-json\/wp\/v2\/media\/16901"}],"wp:attachment":[{"href":"https:\/\/galerie-institut.com\/en\/wp-json\/wp\/v2\/media?parent=16908"}],"wp:term":[{"taxonomy":"product_brand","embeddable":true,"href":"https:\/\/galerie-institut.com\/en\/wp-json\/wp\/v2\/product_brand?post=16908"},{"taxonomy":"product_cat","embeddable":true,"href":"https:\/\/galerie-institut.com\/en\/wp-json\/wp\/v2\/product_cat?post=16908"},{"taxonomy":"product_tag","embeddable":true,"href":"https:\/\/galerie-institut.com\/en\/wp-json\/wp\/v2\/product_tag?post=16908"}],"curies":[{"name":"wp","href":"https:\/\/api.w.org\/{rel}","templated":true}]}}