{"id":16888,"date":"2025-05-10T09:38:19","date_gmt":"2025-05-10T09:38:19","guid":{"rendered":"https:\/\/galerie-institut.com\/produit\/miro-joan-a-toute-epreuve-1953\/"},"modified":"2025-11-21T11:04:54","modified_gmt":"2025-11-21T11:04:54","slug":"miro-joan-a-toute-epreuve-1953","status":"publish","type":"product","link":"https:\/\/galerie-institut.com\/en\/produit\/miro-joan-a-toute-epreuve-1953\/","title":{"rendered":"Mir\u00f3, Joan, \u00c0 toute \u00e9preuve, 1953"},"content":{"rendered":"<p>1958<\/p>\n<p>Illustrated book<\/p>\n<p>33.4 x 25.9 cm<\/p>\n<p>Illustrated first edition of Paul Eluard&#8217;s collection of three poems, published under the title &#8220;A toute \u00e9preuve&#8221; in 1930. Illustrated with 80 original color woodcuts by Miro, including one for the cover, some enhanced with collages. <\/p>\n<p>Signed by Miro,<\/p>\n<p>\u00c9d. G\u00e9rald Cramer, Geneva. <\/p>\n<p>Catalog raisonn\u00e9: Cramer 49<\/p>\n","protected":false},"excerpt":{"rendered":"<p>In 1942, Joan Miro and Paul \u00c9luard had formed the idea of publishing an illustrated book or album based on a poem by \u00c9luard. The opportunity arose in 1947 when, at the suggestion of Geneva publisher Gerald Cramer, the two artists began working with him on what was to be the most ambitious project of Miro&#8217;s entire bibliophile career: <em>A toute \u00e9preuve<\/em>. <\/p>\n<p>The conception of this work, which was to take just over a year, occupied Joan Miro for an entire decade. Sadly, \u00c9luard never saw it completed, dying six years before publication. <\/p>\n<p>In a letter to Cramer dated June 19, 1948, Joan Miro declares: &#8220;I did some tests that allowed me to see what it was like to <em>make<\/em> a book, not to illustrate it; illustration is always a secondary thing. The important thing is that a book should have all the dignity of a sculpture carved in marble&#8221;. <\/p>\n<p>The typography, handled by Fequet and Baudier, is the implementation of an &#8220;architecture&#8221; evoked by Miro to create absolute harmony between the text and the engravings. The engravings reflect the surrealist spirit of the Eluardesque stanzas, extending their visual and poetic imagination. <\/p>\n<p>&nbsp;<\/p>\n<p><em>Information from the catalog raisonn\u00e9 P. Cramer: Miro, Les Livres illustr\u00e9s<\/em><\/p>\n","protected":false},"featured_media":16891,"comment_status":"open","ping_status":"closed","template":"","meta":{"_et_pb_use_builder":"","_et_pb_old_content":"","_et_gb_content_width":""},"product_brand":[],"product_cat":[282,275],"product_tag":[159,276,268],"class_list":{"0":"post-16888","1":"product","2":"type-product","3":"status-publish","4":"has-post-thumbnail","6":"product_cat-illustrated-books","7":"product_cat-miro","8":"product_tag-aquatint","9":"product_tag-dry-point-2","10":"product_tag-print","12":"first","13":"instock","14":"shipping-taxable","15":"product-type-simple"},"yoast_head":"<!-- This site is optimized with the Yoast SEO plugin v27.4 - https:\/\/yoast.com\/product\/yoast-seo-wordpress\/ -->\n<title>Mir\u00f3, Joan, \u00c0 toute \u00e9preuve, 1953 - Galerie Institut<\/title>\n<meta name=\"description\" content=\"D\u00e9couvrez l&#039;oeuvre Mir\u00f3, Joan, \u00c0 toute \u00e9preuve, 1953 disponible \u00e0 la Galerie de l&#039;Institut. Si vous \u00eates int\u00e9ress\u00e9.e.s par Mir\u00f3, Joan, \u00c0 toute \u00e9preuve, 1953 merci de nous contacter \u00e0 contact@galerie-institut.com\" \/>\n<meta name=\"robots\" content=\"index, follow, max-snippet:-1, max-image-preview:large, max-video-preview:-1\" \/>\n<link rel=\"canonical\" href=\"https:\/\/galerie-institut.com\/en\/produit\/miro-joan-a-toute-epreuve-1953\/\" \/>\n<meta property=\"og:locale\" content=\"en_US\" \/>\n<meta property=\"og:type\" content=\"article\" \/>\n<meta property=\"og:title\" content=\"Mir\u00f3, Joan, \u00c0 toute \u00e9preuve, 1953 - Galerie Institut\" \/>\n<meta property=\"og:description\" content=\"D\u00e9couvrez l&#039;oeuvre Mir\u00f3, Joan, \u00c0 toute \u00e9preuve, 1953 disponible \u00e0 la Galerie de l&#039;Institut. Si vous \u00eates int\u00e9ress\u00e9.e.s par Mir\u00f3, Joan, \u00c0 toute \u00e9preuve, 1953 merci de nous contacter \u00e0 contact@galerie-institut.com\" \/>\n<meta property=\"og:url\" content=\"https:\/\/galerie-institut.com\/en\/produit\/miro-joan-a-toute-epreuve-1953\/\" \/>\n<meta property=\"og:site_name\" content=\"Galerie Institut\" \/>\n<meta property=\"article:modified_time\" content=\"2025-11-21T11:04:54+00:00\" \/>\n<meta property=\"og:image\" content=\"https:\/\/galerie-institut.com\/wp-content\/uploads\/2024\/06\/miro-scaled.webp\" \/>\n\t<meta property=\"og:image:width\" content=\"2000\" \/>\n\t<meta property=\"og:image:height\" content=\"2000\" \/>\n\t<meta property=\"og:image:type\" content=\"image\/webp\" \/>\n<meta name=\"twitter:card\" content=\"summary_large_image\" \/>\n<script type=\"application\/ld+json\" class=\"yoast-schema-graph\">{\"@context\":\"https:\\\/\\\/schema.org\",\"@graph\":[{\"@type\":\"WebPage\",\"@id\":\"https:\\\/\\\/galerie-institut.com\\\/en\\\/produit\\\/miro-joan-a-toute-epreuve-1953\\\/\",\"url\":\"https:\\\/\\\/galerie-institut.com\\\/en\\\/produit\\\/miro-joan-a-toute-epreuve-1953\\\/\",\"name\":\"Mir\u00f3, Joan, \u00c0 toute \u00e9preuve, 1953 - Galerie Institut\",\"isPartOf\":{\"@id\":\"https:\\\/\\\/galerie-institut.com\\\/en\\\/#website\"},\"primaryImageOfPage\":{\"@id\":\"https:\\\/\\\/galerie-institut.com\\\/en\\\/produit\\\/miro-joan-a-toute-epreuve-1953\\\/#primaryimage\"},\"image\":{\"@id\":\"https:\\\/\\\/galerie-institut.com\\\/en\\\/produit\\\/miro-joan-a-toute-epreuve-1953\\\/#primaryimage\"},\"thumbnailUrl\":\"https:\\\/\\\/galerie-institut.com\\\/wp-content\\\/uploads\\\/2024\\\/06\\\/miro-scaled.webp\",\"datePublished\":\"2025-05-10T09:38:19+00:00\",\"dateModified\":\"2025-11-21T11:04:54+00:00\",\"description\":\"D\u00e9couvrez l'oeuvre Mir\u00f3, Joan, \u00c0 toute \u00e9preuve, 1953 disponible \u00e0 la Galerie de l'Institut. Si vous \u00eates int\u00e9ress\u00e9.e.s par Mir\u00f3, Joan, \u00c0 toute \u00e9preuve, 1953 merci de nous contacter \u00e0 contact@galerie-institut.com\",\"breadcrumb\":{\"@id\":\"https:\\\/\\\/galerie-institut.com\\\/en\\\/produit\\\/miro-joan-a-toute-epreuve-1953\\\/#breadcrumb\"},\"inLanguage\":\"en-US\",\"potentialAction\":[{\"@type\":\"ReadAction\",\"target\":[\"https:\\\/\\\/galerie-institut.com\\\/en\\\/produit\\\/miro-joan-a-toute-epreuve-1953\\\/\"]}]},{\"@type\":\"ImageObject\",\"inLanguage\":\"en-US\",\"@id\":\"https:\\\/\\\/galerie-institut.com\\\/en\\\/produit\\\/miro-joan-a-toute-epreuve-1953\\\/#primaryimage\",\"url\":\"https:\\\/\\\/galerie-institut.com\\\/wp-content\\\/uploads\\\/2024\\\/06\\\/miro-scaled.webp\",\"contentUrl\":\"https:\\\/\\\/galerie-institut.com\\\/wp-content\\\/uploads\\\/2024\\\/06\\\/miro-scaled.webp\",\"width\":2000,\"height\":2000,\"caption\":\"Miro\"},{\"@type\":\"BreadcrumbList\",\"@id\":\"https:\\\/\\\/galerie-institut.com\\\/en\\\/produit\\\/miro-joan-a-toute-epreuve-1953\\\/#breadcrumb\",\"itemListElement\":[{\"@type\":\"ListItem\",\"position\":1,\"name\":\"Accueil\",\"item\":\"https:\\\/\\\/galerie-institut.com\\\/en\\\/accueil\\\/\"},{\"@type\":\"ListItem\",\"position\":2,\"name\":\"Boutique\",\"item\":\"https:\\\/\\\/galerie-institut.com\\\/?page_id=8607\"},{\"@type\":\"ListItem\",\"position\":3,\"name\":\"Mir\u00f3, Joan, \u00c0 toute \u00e9preuve, 1953\"}]},{\"@type\":\"WebSite\",\"@id\":\"https:\\\/\\\/galerie-institut.com\\\/en\\\/#website\",\"url\":\"https:\\\/\\\/galerie-institut.com\\\/en\\\/\",\"name\":\"Galerie Institut\",\"description\":\"\",\"potentialAction\":[{\"@type\":\"SearchAction\",\"target\":{\"@type\":\"EntryPoint\",\"urlTemplate\":\"https:\\\/\\\/galerie-institut.com\\\/en\\\/?s={search_term_string}\"},\"query-input\":{\"@type\":\"PropertyValueSpecification\",\"valueRequired\":true,\"valueName\":\"search_term_string\"}}],\"inLanguage\":\"en-US\"}]}<\/script>\n<!-- \/ Yoast SEO plugin. -->","yoast_head_json":{"title":"Mir\u00f3, Joan, \u00c0 toute \u00e9preuve, 1953 - Galerie Institut","description":"D\u00e9couvrez l'oeuvre Mir\u00f3, Joan, \u00c0 toute \u00e9preuve, 1953 disponible \u00e0 la Galerie de l'Institut. Si vous \u00eates int\u00e9ress\u00e9.e.s par Mir\u00f3, Joan, \u00c0 toute \u00e9preuve, 1953 merci de nous contacter \u00e0 contact@galerie-institut.com","robots":{"index":"index","follow":"follow","max-snippet":"max-snippet:-1","max-image-preview":"max-image-preview:large","max-video-preview":"max-video-preview:-1"},"canonical":"https:\/\/galerie-institut.com\/en\/produit\/miro-joan-a-toute-epreuve-1953\/","og_locale":"en_US","og_type":"article","og_title":"Mir\u00f3, Joan, \u00c0 toute \u00e9preuve, 1953 - Galerie Institut","og_description":"D\u00e9couvrez l'oeuvre Mir\u00f3, Joan, \u00c0 toute \u00e9preuve, 1953 disponible \u00e0 la Galerie de l'Institut. Si vous \u00eates int\u00e9ress\u00e9.e.s par Mir\u00f3, Joan, \u00c0 toute \u00e9preuve, 1953 merci de nous contacter \u00e0 contact@galerie-institut.com","og_url":"https:\/\/galerie-institut.com\/en\/produit\/miro-joan-a-toute-epreuve-1953\/","og_site_name":"Galerie Institut","article_modified_time":"2025-11-21T11:04:54+00:00","og_image":[{"width":2000,"height":2000,"url":"https:\/\/galerie-institut.com\/wp-content\/uploads\/2024\/06\/miro-scaled.webp","type":"image\/webp"}],"twitter_card":"summary_large_image","schema":{"@context":"https:\/\/schema.org","@graph":[{"@type":"WebPage","@id":"https:\/\/galerie-institut.com\/en\/produit\/miro-joan-a-toute-epreuve-1953\/","url":"https:\/\/galerie-institut.com\/en\/produit\/miro-joan-a-toute-epreuve-1953\/","name":"Mir\u00f3, Joan, \u00c0 toute \u00e9preuve, 1953 - Galerie Institut","isPartOf":{"@id":"https:\/\/galerie-institut.com\/en\/#website"},"primaryImageOfPage":{"@id":"https:\/\/galerie-institut.com\/en\/produit\/miro-joan-a-toute-epreuve-1953\/#primaryimage"},"image":{"@id":"https:\/\/galerie-institut.com\/en\/produit\/miro-joan-a-toute-epreuve-1953\/#primaryimage"},"thumbnailUrl":"https:\/\/galerie-institut.com\/wp-content\/uploads\/2024\/06\/miro-scaled.webp","datePublished":"2025-05-10T09:38:19+00:00","dateModified":"2025-11-21T11:04:54+00:00","description":"D\u00e9couvrez l'oeuvre Mir\u00f3, Joan, \u00c0 toute \u00e9preuve, 1953 disponible \u00e0 la Galerie de l'Institut. Si vous \u00eates int\u00e9ress\u00e9.e.s par Mir\u00f3, Joan, \u00c0 toute \u00e9preuve, 1953 merci de nous contacter \u00e0 contact@galerie-institut.com","breadcrumb":{"@id":"https:\/\/galerie-institut.com\/en\/produit\/miro-joan-a-toute-epreuve-1953\/#breadcrumb"},"inLanguage":"en-US","potentialAction":[{"@type":"ReadAction","target":["https:\/\/galerie-institut.com\/en\/produit\/miro-joan-a-toute-epreuve-1953\/"]}]},{"@type":"ImageObject","inLanguage":"en-US","@id":"https:\/\/galerie-institut.com\/en\/produit\/miro-joan-a-toute-epreuve-1953\/#primaryimage","url":"https:\/\/galerie-institut.com\/wp-content\/uploads\/2024\/06\/miro-scaled.webp","contentUrl":"https:\/\/galerie-institut.com\/wp-content\/uploads\/2024\/06\/miro-scaled.webp","width":2000,"height":2000,"caption":"Miro"},{"@type":"BreadcrumbList","@id":"https:\/\/galerie-institut.com\/en\/produit\/miro-joan-a-toute-epreuve-1953\/#breadcrumb","itemListElement":[{"@type":"ListItem","position":1,"name":"Accueil","item":"https:\/\/galerie-institut.com\/en\/accueil\/"},{"@type":"ListItem","position":2,"name":"Boutique","item":"https:\/\/galerie-institut.com\/?page_id=8607"},{"@type":"ListItem","position":3,"name":"Mir\u00f3, Joan, \u00c0 toute \u00e9preuve, 1953"}]},{"@type":"WebSite","@id":"https:\/\/galerie-institut.com\/en\/#website","url":"https:\/\/galerie-institut.com\/en\/","name":"Galerie Institut","description":"","potentialAction":[{"@type":"SearchAction","target":{"@type":"EntryPoint","urlTemplate":"https:\/\/galerie-institut.com\/en\/?s={search_term_string}"},"query-input":{"@type":"PropertyValueSpecification","valueRequired":true,"valueName":"search_term_string"}}],"inLanguage":"en-US"}]}},"_links":{"self":[{"href":"https:\/\/galerie-institut.com\/en\/wp-json\/wp\/v2\/product\/16888","targetHints":{"allow":["GET"]}}],"collection":[{"href":"https:\/\/galerie-institut.com\/en\/wp-json\/wp\/v2\/product"}],"about":[{"href":"https:\/\/galerie-institut.com\/en\/wp-json\/wp\/v2\/types\/product"}],"replies":[{"embeddable":true,"href":"https:\/\/galerie-institut.com\/en\/wp-json\/wp\/v2\/comments?post=16888"}],"wp:featuredmedia":[{"embeddable":true,"href":"https:\/\/galerie-institut.com\/en\/wp-json\/wp\/v2\/media\/16891"}],"wp:attachment":[{"href":"https:\/\/galerie-institut.com\/en\/wp-json\/wp\/v2\/media?parent=16888"}],"wp:term":[{"taxonomy":"product_brand","embeddable":true,"href":"https:\/\/galerie-institut.com\/en\/wp-json\/wp\/v2\/product_brand?post=16888"},{"taxonomy":"product_cat","embeddable":true,"href":"https:\/\/galerie-institut.com\/en\/wp-json\/wp\/v2\/product_cat?post=16888"},{"taxonomy":"product_tag","embeddable":true,"href":"https:\/\/galerie-institut.com\/en\/wp-json\/wp\/v2\/product_tag?post=16888"}],"curies":[{"name":"wp","href":"https:\/\/api.w.org\/{rel}","templated":true}]}}