{"id":16877,"date":"2025-05-04T13:10:24","date_gmt":"2025-05-04T13:10:24","guid":{"rendered":"https:\/\/galerie-institut.com\/produit\/matisse-henri-florilege-des-amours-1948\/"},"modified":"2025-11-21T11:05:27","modified_gmt":"2025-11-21T11:05:27","slug":"matisse-henri-florilege-des-amours-1948-2","status":"publish","type":"product","link":"https:\/\/galerie-institut.com\/en\/produit\/matisse-henri-florilege-des-amours-1948-2\/","title":{"rendered":"MATISSE, HENRI, Floril\u00e8ge des Amours, 1948"},"content":{"rendered":"<p>1948<\/p>\n<p>Illustrated book<\/p>\n<p>38.5 x 29.5 cm<\/p>\n<p>Ronsard Pierre , Floril\u00e8ge des Amours, Paris, Albert Skira, 1948.<\/p>\n<p>Covered in white paper with decorative foliage motifs designed by the artist<\/p>\n<p>128 original lithographs, including 2 on the cover, 27 off-text, including one double-page spread.<\/p>\n<p>One of 250 copies on Arches pure rag tinted vellum.<\/p>\n<p>Signed by the artist and publisher.<\/p>\n<p>Catalog raisonn\u00e9 : Duthuit 25<\/p>\n","protected":false},"excerpt":{"rendered":"<p>1948 Illustrated book 38.5 x 29.5 cm Ronsard Pierre , Floril\u00e8ge des Amours, Paris, Albert Skira, 1948. Covered in white paper with decorative foliage motifs designed by the artist 128 original lithographs, including 2 on the cover, 27 off-text, including one double-page spread. One of 250 copies on Arches pure rag tinted vellum. Signed by [&hellip;]<\/p>\n","protected":false},"featured_media":16878,"comment_status":"open","ping_status":"closed","template":"","meta":{"_et_pb_use_builder":"","_et_pb_old_content":"","_et_gb_content_width":""},"product_brand":[],"product_cat":[282,279],"product_tag":[283,162],"class_list":{"0":"post-16877","1":"product","2":"type-product","3":"status-publish","4":"has-post-thumbnail","6":"product_cat-illustrated-books","7":"product_cat-matisse","8":"product_tag-book","9":"product_tag-drawing","11":"first","12":"instock","13":"shipping-taxable","14":"product-type-simple"},"yoast_head":"<!-- This site is optimized with the Yoast SEO plugin v27.4 - https:\/\/yoast.com\/product\/yoast-seo-wordpress\/ -->\n<title>MATISSE, HENRI, Floril\u00e8ge des Amours, 1948 - Galerie Institut<\/title>\n<meta name=\"description\" content=\"D\u00e9couvrez l&#039;oeuvre MATISSE, HENRI, Floril\u00e8ge des Amours, 1948 disponible \u00e0 la Galerie de l&#039;Institut. Si vous \u00eates int\u00e9ress\u00e9.e.s par MATISSE, HENRI, Floril\u00e8ge des Amours, 1948 merci de nous contacter \u00e0 contact@galerie-institut.com\" \/>\n<meta name=\"robots\" content=\"index, follow, max-snippet:-1, max-image-preview:large, max-video-preview:-1\" \/>\n<link rel=\"canonical\" href=\"https:\/\/galerie-institut.com\/en\/produit\/matisse-henri-florilege-des-amours-1948-2\/\" \/>\n<meta property=\"og:locale\" content=\"en_US\" \/>\n<meta property=\"og:type\" content=\"article\" \/>\n<meta property=\"og:title\" content=\"MATISSE, HENRI, Floril\u00e8ge des Amours, 1948 - Galerie Institut\" \/>\n<meta property=\"og:description\" content=\"D\u00e9couvrez l&#039;oeuvre MATISSE, HENRI, Floril\u00e8ge des Amours, 1948 disponible \u00e0 la Galerie de l&#039;Institut. Si vous \u00eates int\u00e9ress\u00e9.e.s par MATISSE, HENRI, Floril\u00e8ge des Amours, 1948 merci de nous contacter \u00e0 contact@galerie-institut.com\" \/>\n<meta property=\"og:url\" content=\"https:\/\/galerie-institut.com\/en\/produit\/matisse-henri-florilege-des-amours-1948-2\/\" \/>\n<meta property=\"og:site_name\" content=\"Galerie Institut\" \/>\n<meta property=\"article:modified_time\" content=\"2025-11-21T11:05:27+00:00\" \/>\n<meta property=\"og:image\" content=\"https:\/\/galerie-institut.com\/wp-content\/uploads\/2024\/06\/2y6a7742-1-scaled.webp\" \/>\n\t<meta property=\"og:image:width\" content=\"2000\" \/>\n\t<meta property=\"og:image:height\" content=\"2000\" \/>\n\t<meta property=\"og:image:type\" content=\"image\/webp\" \/>\n<meta name=\"twitter:card\" content=\"summary_large_image\" \/>\n<script type=\"application\/ld+json\" class=\"yoast-schema-graph\">{\"@context\":\"https:\\\/\\\/schema.org\",\"@graph\":[{\"@type\":\"WebPage\",\"@id\":\"https:\\\/\\\/galerie-institut.com\\\/en\\\/produit\\\/matisse-henri-florilege-des-amours-1948-2\\\/\",\"url\":\"https:\\\/\\\/galerie-institut.com\\\/en\\\/produit\\\/matisse-henri-florilege-des-amours-1948-2\\\/\",\"name\":\"MATISSE, HENRI, Floril\u00e8ge des Amours, 1948 - Galerie Institut\",\"isPartOf\":{\"@id\":\"https:\\\/\\\/galerie-institut.com\\\/en\\\/#website\"},\"primaryImageOfPage\":{\"@id\":\"https:\\\/\\\/galerie-institut.com\\\/en\\\/produit\\\/matisse-henri-florilege-des-amours-1948-2\\\/#primaryimage\"},\"image\":{\"@id\":\"https:\\\/\\\/galerie-institut.com\\\/en\\\/produit\\\/matisse-henri-florilege-des-amours-1948-2\\\/#primaryimage\"},\"thumbnailUrl\":\"https:\\\/\\\/galerie-institut.com\\\/wp-content\\\/uploads\\\/2024\\\/06\\\/2y6a7742-1-scaled.webp\",\"datePublished\":\"2025-05-04T13:10:24+00:00\",\"dateModified\":\"2025-11-21T11:05:27+00:00\",\"description\":\"D\u00e9couvrez l'oeuvre MATISSE, HENRI, Floril\u00e8ge des Amours, 1948 disponible \u00e0 la Galerie de l'Institut. Si vous \u00eates int\u00e9ress\u00e9.e.s par MATISSE, HENRI, Floril\u00e8ge des Amours, 1948 merci de nous contacter \u00e0 contact@galerie-institut.com\",\"breadcrumb\":{\"@id\":\"https:\\\/\\\/galerie-institut.com\\\/en\\\/produit\\\/matisse-henri-florilege-des-amours-1948-2\\\/#breadcrumb\"},\"inLanguage\":\"en-US\",\"potentialAction\":[{\"@type\":\"ReadAction\",\"target\":[\"https:\\\/\\\/galerie-institut.com\\\/en\\\/produit\\\/matisse-henri-florilege-des-amours-1948-2\\\/\"]}]},{\"@type\":\"ImageObject\",\"inLanguage\":\"en-US\",\"@id\":\"https:\\\/\\\/galerie-institut.com\\\/en\\\/produit\\\/matisse-henri-florilege-des-amours-1948-2\\\/#primaryimage\",\"url\":\"https:\\\/\\\/galerie-institut.com\\\/wp-content\\\/uploads\\\/2024\\\/06\\\/2y6a7742-1-scaled.webp\",\"contentUrl\":\"https:\\\/\\\/galerie-institut.com\\\/wp-content\\\/uploads\\\/2024\\\/06\\\/2y6a7742-1-scaled.webp\",\"width\":2000,\"height\":2000,\"caption\":\"2Y6A7742\"},{\"@type\":\"BreadcrumbList\",\"@id\":\"https:\\\/\\\/galerie-institut.com\\\/en\\\/produit\\\/matisse-henri-florilege-des-amours-1948-2\\\/#breadcrumb\",\"itemListElement\":[{\"@type\":\"ListItem\",\"position\":1,\"name\":\"Accueil\",\"item\":\"https:\\\/\\\/galerie-institut.com\\\/en\\\/accueil\\\/\"},{\"@type\":\"ListItem\",\"position\":2,\"name\":\"Boutique\",\"item\":\"https:\\\/\\\/galerie-institut.com\\\/?page_id=8607\"},{\"@type\":\"ListItem\",\"position\":3,\"name\":\"MATISSE, HENRI, Floril\u00e8ge des Amours, 1948\"}]},{\"@type\":\"WebSite\",\"@id\":\"https:\\\/\\\/galerie-institut.com\\\/en\\\/#website\",\"url\":\"https:\\\/\\\/galerie-institut.com\\\/en\\\/\",\"name\":\"Galerie Institut\",\"description\":\"\",\"potentialAction\":[{\"@type\":\"SearchAction\",\"target\":{\"@type\":\"EntryPoint\",\"urlTemplate\":\"https:\\\/\\\/galerie-institut.com\\\/en\\\/?s={search_term_string}\"},\"query-input\":{\"@type\":\"PropertyValueSpecification\",\"valueRequired\":true,\"valueName\":\"search_term_string\"}}],\"inLanguage\":\"en-US\"}]}<\/script>\n<!-- \/ Yoast SEO plugin. -->","yoast_head_json":{"title":"MATISSE, HENRI, Floril\u00e8ge des Amours, 1948 - Galerie Institut","description":"D\u00e9couvrez l'oeuvre MATISSE, HENRI, Floril\u00e8ge des Amours, 1948 disponible \u00e0 la Galerie de l'Institut. Si vous \u00eates int\u00e9ress\u00e9.e.s par MATISSE, HENRI, Floril\u00e8ge des Amours, 1948 merci de nous contacter \u00e0 contact@galerie-institut.com","robots":{"index":"index","follow":"follow","max-snippet":"max-snippet:-1","max-image-preview":"max-image-preview:large","max-video-preview":"max-video-preview:-1"},"canonical":"https:\/\/galerie-institut.com\/en\/produit\/matisse-henri-florilege-des-amours-1948-2\/","og_locale":"en_US","og_type":"article","og_title":"MATISSE, HENRI, Floril\u00e8ge des Amours, 1948 - Galerie Institut","og_description":"D\u00e9couvrez l'oeuvre MATISSE, HENRI, Floril\u00e8ge des Amours, 1948 disponible \u00e0 la Galerie de l'Institut. Si vous \u00eates int\u00e9ress\u00e9.e.s par MATISSE, HENRI, Floril\u00e8ge des Amours, 1948 merci de nous contacter \u00e0 contact@galerie-institut.com","og_url":"https:\/\/galerie-institut.com\/en\/produit\/matisse-henri-florilege-des-amours-1948-2\/","og_site_name":"Galerie Institut","article_modified_time":"2025-11-21T11:05:27+00:00","og_image":[{"width":2000,"height":2000,"url":"https:\/\/galerie-institut.com\/wp-content\/uploads\/2024\/06\/2y6a7742-1-scaled.webp","type":"image\/webp"}],"twitter_card":"summary_large_image","schema":{"@context":"https:\/\/schema.org","@graph":[{"@type":"WebPage","@id":"https:\/\/galerie-institut.com\/en\/produit\/matisse-henri-florilege-des-amours-1948-2\/","url":"https:\/\/galerie-institut.com\/en\/produit\/matisse-henri-florilege-des-amours-1948-2\/","name":"MATISSE, HENRI, Floril\u00e8ge des Amours, 1948 - Galerie Institut","isPartOf":{"@id":"https:\/\/galerie-institut.com\/en\/#website"},"primaryImageOfPage":{"@id":"https:\/\/galerie-institut.com\/en\/produit\/matisse-henri-florilege-des-amours-1948-2\/#primaryimage"},"image":{"@id":"https:\/\/galerie-institut.com\/en\/produit\/matisse-henri-florilege-des-amours-1948-2\/#primaryimage"},"thumbnailUrl":"https:\/\/galerie-institut.com\/wp-content\/uploads\/2024\/06\/2y6a7742-1-scaled.webp","datePublished":"2025-05-04T13:10:24+00:00","dateModified":"2025-11-21T11:05:27+00:00","description":"D\u00e9couvrez l'oeuvre MATISSE, HENRI, Floril\u00e8ge des Amours, 1948 disponible \u00e0 la Galerie de l'Institut. Si vous \u00eates int\u00e9ress\u00e9.e.s par MATISSE, HENRI, Floril\u00e8ge des Amours, 1948 merci de nous contacter \u00e0 contact@galerie-institut.com","breadcrumb":{"@id":"https:\/\/galerie-institut.com\/en\/produit\/matisse-henri-florilege-des-amours-1948-2\/#breadcrumb"},"inLanguage":"en-US","potentialAction":[{"@type":"ReadAction","target":["https:\/\/galerie-institut.com\/en\/produit\/matisse-henri-florilege-des-amours-1948-2\/"]}]},{"@type":"ImageObject","inLanguage":"en-US","@id":"https:\/\/galerie-institut.com\/en\/produit\/matisse-henri-florilege-des-amours-1948-2\/#primaryimage","url":"https:\/\/galerie-institut.com\/wp-content\/uploads\/2024\/06\/2y6a7742-1-scaled.webp","contentUrl":"https:\/\/galerie-institut.com\/wp-content\/uploads\/2024\/06\/2y6a7742-1-scaled.webp","width":2000,"height":2000,"caption":"2Y6A7742"},{"@type":"BreadcrumbList","@id":"https:\/\/galerie-institut.com\/en\/produit\/matisse-henri-florilege-des-amours-1948-2\/#breadcrumb","itemListElement":[{"@type":"ListItem","position":1,"name":"Accueil","item":"https:\/\/galerie-institut.com\/en\/accueil\/"},{"@type":"ListItem","position":2,"name":"Boutique","item":"https:\/\/galerie-institut.com\/?page_id=8607"},{"@type":"ListItem","position":3,"name":"MATISSE, HENRI, Floril\u00e8ge des Amours, 1948"}]},{"@type":"WebSite","@id":"https:\/\/galerie-institut.com\/en\/#website","url":"https:\/\/galerie-institut.com\/en\/","name":"Galerie Institut","description":"","potentialAction":[{"@type":"SearchAction","target":{"@type":"EntryPoint","urlTemplate":"https:\/\/galerie-institut.com\/en\/?s={search_term_string}"},"query-input":{"@type":"PropertyValueSpecification","valueRequired":true,"valueName":"search_term_string"}}],"inLanguage":"en-US"}]}},"_links":{"self":[{"href":"https:\/\/galerie-institut.com\/en\/wp-json\/wp\/v2\/product\/16877","targetHints":{"allow":["GET"]}}],"collection":[{"href":"https:\/\/galerie-institut.com\/en\/wp-json\/wp\/v2\/product"}],"about":[{"href":"https:\/\/galerie-institut.com\/en\/wp-json\/wp\/v2\/types\/product"}],"replies":[{"embeddable":true,"href":"https:\/\/galerie-institut.com\/en\/wp-json\/wp\/v2\/comments?post=16877"}],"wp:featuredmedia":[{"embeddable":true,"href":"https:\/\/galerie-institut.com\/en\/wp-json\/wp\/v2\/media\/16878"}],"wp:attachment":[{"href":"https:\/\/galerie-institut.com\/en\/wp-json\/wp\/v2\/media?parent=16877"}],"wp:term":[{"taxonomy":"product_brand","embeddable":true,"href":"https:\/\/galerie-institut.com\/en\/wp-json\/wp\/v2\/product_brand?post=16877"},{"taxonomy":"product_cat","embeddable":true,"href":"https:\/\/galerie-institut.com\/en\/wp-json\/wp\/v2\/product_cat?post=16877"},{"taxonomy":"product_tag","embeddable":true,"href":"https:\/\/galerie-institut.com\/en\/wp-json\/wp\/v2\/product_tag?post=16877"}],"curies":[{"name":"wp","href":"https:\/\/api.w.org\/{rel}","templated":true}]}}