{"id":16875,"date":"2025-05-05T14:49:17","date_gmt":"2025-05-05T14:49:17","guid":{"rendered":"https:\/\/galerie-institut.com\/produit\/matisse-henri-portrait-of-claude-d-mourlot-centenaire-1946\/"},"modified":"2025-11-21T11:05:21","modified_gmt":"2025-11-21T11:05:21","slug":"matisse-henri-portrait-de-claude-d-mourlot-centenaire-1946","status":"publish","type":"product","link":"https:\/\/galerie-institut.com\/en\/produit\/matisse-henri-portrait-de-claude-d-mourlot-centenaire-1946\/","title":{"rendered":"Matisse, Henri, Portrait of Claude D. (Mourlot Centenaire), 1946"},"content":{"rendered":"<p>1946<\/p>\n<p>Original lithograph in black, on annam applied to wove paper<\/p>\n<p>61.5 x 48.8 cm<\/p>\n<p>Numbered in pencil lower left of 75, signed by the artist in pencil lower right<\/p>\n<p>Catalogue raisonn\u00e9 : Duthuit 585<\/p>\n","protected":false},"excerpt":{"rendered":"<p><em>Portrait of Claude D.<\/em>, as well as his two other parents (D.583 and D.584), were executed by Matisse for the frontispiece of the collection of poems written by Tristan Tzara during the war, <em>Le Signe de vie<\/em>, published by Pierre Bordas in 1946. Six drawings by Matisse accompany the poems. This <em>Portrait de Claude D.<\/em> is also Matisse&#8217;s contribution to the portefolio published by Fernand Mourlot in 1952 to mark the centenary of his activity.  <\/p>\n","protected":false},"featured_media":16876,"comment_status":"open","ping_status":"closed","template":"","meta":{"_et_pb_use_builder":"","_et_pb_old_content":"","_et_gb_content_width":""},"product_brand":[],"product_cat":[279,267],"product_tag":[180,268],"class_list":{"0":"post-16875","1":"product","2":"type-product","3":"status-publish","4":"has-post-thumbnail","6":"product_cat-matisse","7":"product_cat-estampes","8":"product_tag-lithography","9":"product_tag-print","11":"first","12":"instock","13":"shipping-taxable","14":"product-type-simple"},"yoast_head":"<!-- This site is optimized with the Yoast SEO plugin v27.3 - https:\/\/yoast.com\/product\/yoast-seo-wordpress\/ -->\n<title>Matisse, Henri, Portrait of Claude D. (Mourlot Centenaire), 1946 - Galerie Institut<\/title>\n<meta name=\"description\" content=\"D\u00e9couvrez l&#039;oeuvre Matisse, Henri, Portrait of Claude D. (Mourlot Centenaire), 1946 disponible \u00e0 la Galerie de l&#039;Institut. Si vous \u00eates int\u00e9ress\u00e9.e.s par Matisse, Henri, Portrait of Claude D. (Mourlot Centenaire), 1946 merci de nous contacter \u00e0 contact@galerie-institut.com\" \/>\n<meta name=\"robots\" content=\"index, follow, max-snippet:-1, max-image-preview:large, max-video-preview:-1\" \/>\n<link rel=\"canonical\" href=\"https:\/\/galerie-institut.com\/en\/produit\/matisse-henri-portrait-de-claude-d-mourlot-centenaire-1946\/\" \/>\n<meta property=\"og:locale\" content=\"en_US\" \/>\n<meta property=\"og:type\" content=\"article\" \/>\n<meta property=\"og:title\" content=\"Matisse, Henri, Portrait of Claude D. (Mourlot Centenaire), 1946 - Galerie Institut\" \/>\n<meta property=\"og:description\" content=\"D\u00e9couvrez l&#039;oeuvre Matisse, Henri, Portrait of Claude D. (Mourlot Centenaire), 1946 disponible \u00e0 la Galerie de l&#039;Institut. Si vous \u00eates int\u00e9ress\u00e9.e.s par Matisse, Henri, Portrait of Claude D. (Mourlot Centenaire), 1946 merci de nous contacter \u00e0 contact@galerie-institut.com\" \/>\n<meta property=\"og:url\" content=\"https:\/\/galerie-institut.com\/en\/produit\/matisse-henri-portrait-de-claude-d-mourlot-centenaire-1946\/\" \/>\n<meta property=\"og:site_name\" content=\"Galerie Institut\" \/>\n<meta property=\"article:modified_time\" content=\"2025-11-21T11:05:21+00:00\" \/>\n<meta property=\"og:image\" content=\"https:\/\/galerie-institut.com\/wp-content\/uploads\/2021\/11\/matisse-henri-1946-portrait-de-claude-d-mourlot-centenaire.jpg\" \/>\n\t<meta property=\"og:image:width\" content=\"1000\" \/>\n\t<meta property=\"og:image:height\" content=\"1000\" \/>\n\t<meta property=\"og:image:type\" content=\"image\/jpeg\" \/>\n<meta name=\"twitter:card\" content=\"summary_large_image\" \/>\n<script type=\"application\/ld+json\" class=\"yoast-schema-graph\">{\"@context\":\"https:\\\/\\\/schema.org\",\"@graph\":[{\"@type\":\"WebPage\",\"@id\":\"https:\\\/\\\/galerie-institut.com\\\/en\\\/produit\\\/matisse-henri-portrait-de-claude-d-mourlot-centenaire-1946\\\/\",\"url\":\"https:\\\/\\\/galerie-institut.com\\\/en\\\/produit\\\/matisse-henri-portrait-de-claude-d-mourlot-centenaire-1946\\\/\",\"name\":\"Matisse, Henri, Portrait of Claude D. (Mourlot Centenaire), 1946 - Galerie Institut\",\"isPartOf\":{\"@id\":\"https:\\\/\\\/galerie-institut.com\\\/en\\\/#website\"},\"primaryImageOfPage\":{\"@id\":\"https:\\\/\\\/galerie-institut.com\\\/en\\\/produit\\\/matisse-henri-portrait-de-claude-d-mourlot-centenaire-1946\\\/#primaryimage\"},\"image\":{\"@id\":\"https:\\\/\\\/galerie-institut.com\\\/en\\\/produit\\\/matisse-henri-portrait-de-claude-d-mourlot-centenaire-1946\\\/#primaryimage\"},\"thumbnailUrl\":\"https:\\\/\\\/galerie-institut.com\\\/wp-content\\\/uploads\\\/2021\\\/11\\\/matisse-henri-1946-portrait-de-claude-d-mourlot-centenaire.jpg\",\"datePublished\":\"2025-05-05T14:49:17+00:00\",\"dateModified\":\"2025-11-21T11:05:21+00:00\",\"description\":\"D\u00e9couvrez l'oeuvre Matisse, Henri, Portrait of Claude D. (Mourlot Centenaire), 1946 disponible \u00e0 la Galerie de l'Institut. Si vous \u00eates int\u00e9ress\u00e9.e.s par Matisse, Henri, Portrait of Claude D. (Mourlot Centenaire), 1946 merci de nous contacter \u00e0 contact@galerie-institut.com\",\"breadcrumb\":{\"@id\":\"https:\\\/\\\/galerie-institut.com\\\/en\\\/produit\\\/matisse-henri-portrait-de-claude-d-mourlot-centenaire-1946\\\/#breadcrumb\"},\"inLanguage\":\"en-US\",\"potentialAction\":[{\"@type\":\"ReadAction\",\"target\":[\"https:\\\/\\\/galerie-institut.com\\\/en\\\/produit\\\/matisse-henri-portrait-de-claude-d-mourlot-centenaire-1946\\\/\"]}]},{\"@type\":\"ImageObject\",\"inLanguage\":\"en-US\",\"@id\":\"https:\\\/\\\/galerie-institut.com\\\/en\\\/produit\\\/matisse-henri-portrait-de-claude-d-mourlot-centenaire-1946\\\/#primaryimage\",\"url\":\"https:\\\/\\\/galerie-institut.com\\\/wp-content\\\/uploads\\\/2021\\\/11\\\/matisse-henri-1946-portrait-de-claude-d-mourlot-centenaire.jpg\",\"contentUrl\":\"https:\\\/\\\/galerie-institut.com\\\/wp-content\\\/uploads\\\/2021\\\/11\\\/matisse-henri-1946-portrait-de-claude-d-mourlot-centenaire.jpg\",\"width\":1000,\"height\":1000},{\"@type\":\"BreadcrumbList\",\"@id\":\"https:\\\/\\\/galerie-institut.com\\\/en\\\/produit\\\/matisse-henri-portrait-de-claude-d-mourlot-centenaire-1946\\\/#breadcrumb\",\"itemListElement\":[{\"@type\":\"ListItem\",\"position\":1,\"name\":\"Accueil\",\"item\":\"https:\\\/\\\/galerie-institut.com\\\/en\\\/accueil\\\/\"},{\"@type\":\"ListItem\",\"position\":2,\"name\":\"Boutique\",\"item\":\"https:\\\/\\\/galerie-institut.com\\\/?page_id=8607\"},{\"@type\":\"ListItem\",\"position\":3,\"name\":\"Matisse, Henri, Portrait of Claude D. (Mourlot Centenaire), 1946\"}]},{\"@type\":\"WebSite\",\"@id\":\"https:\\\/\\\/galerie-institut.com\\\/en\\\/#website\",\"url\":\"https:\\\/\\\/galerie-institut.com\\\/en\\\/\",\"name\":\"Galerie Institut\",\"description\":\"\",\"potentialAction\":[{\"@type\":\"SearchAction\",\"target\":{\"@type\":\"EntryPoint\",\"urlTemplate\":\"https:\\\/\\\/galerie-institut.com\\\/en\\\/?s={search_term_string}\"},\"query-input\":{\"@type\":\"PropertyValueSpecification\",\"valueRequired\":true,\"valueName\":\"search_term_string\"}}],\"inLanguage\":\"en-US\"}]}<\/script>\n<!-- \/ Yoast SEO plugin. -->","yoast_head_json":{"title":"Matisse, Henri, Portrait of Claude D. (Mourlot Centenaire), 1946 - Galerie Institut","description":"D\u00e9couvrez l'oeuvre Matisse, Henri, Portrait of Claude D. (Mourlot Centenaire), 1946 disponible \u00e0 la Galerie de l'Institut. Si vous \u00eates int\u00e9ress\u00e9.e.s par Matisse, Henri, Portrait of Claude D. (Mourlot Centenaire), 1946 merci de nous contacter \u00e0 contact@galerie-institut.com","robots":{"index":"index","follow":"follow","max-snippet":"max-snippet:-1","max-image-preview":"max-image-preview:large","max-video-preview":"max-video-preview:-1"},"canonical":"https:\/\/galerie-institut.com\/en\/produit\/matisse-henri-portrait-de-claude-d-mourlot-centenaire-1946\/","og_locale":"en_US","og_type":"article","og_title":"Matisse, Henri, Portrait of Claude D. (Mourlot Centenaire), 1946 - Galerie Institut","og_description":"D\u00e9couvrez l'oeuvre Matisse, Henri, Portrait of Claude D. (Mourlot Centenaire), 1946 disponible \u00e0 la Galerie de l'Institut. Si vous \u00eates int\u00e9ress\u00e9.e.s par Matisse, Henri, Portrait of Claude D. (Mourlot Centenaire), 1946 merci de nous contacter \u00e0 contact@galerie-institut.com","og_url":"https:\/\/galerie-institut.com\/en\/produit\/matisse-henri-portrait-de-claude-d-mourlot-centenaire-1946\/","og_site_name":"Galerie Institut","article_modified_time":"2025-11-21T11:05:21+00:00","og_image":[{"width":1000,"height":1000,"url":"https:\/\/galerie-institut.com\/wp-content\/uploads\/2021\/11\/matisse-henri-1946-portrait-de-claude-d-mourlot-centenaire.jpg","type":"image\/jpeg"}],"twitter_card":"summary_large_image","schema":{"@context":"https:\/\/schema.org","@graph":[{"@type":"WebPage","@id":"https:\/\/galerie-institut.com\/en\/produit\/matisse-henri-portrait-de-claude-d-mourlot-centenaire-1946\/","url":"https:\/\/galerie-institut.com\/en\/produit\/matisse-henri-portrait-de-claude-d-mourlot-centenaire-1946\/","name":"Matisse, Henri, Portrait of Claude D. (Mourlot Centenaire), 1946 - Galerie Institut","isPartOf":{"@id":"https:\/\/galerie-institut.com\/en\/#website"},"primaryImageOfPage":{"@id":"https:\/\/galerie-institut.com\/en\/produit\/matisse-henri-portrait-de-claude-d-mourlot-centenaire-1946\/#primaryimage"},"image":{"@id":"https:\/\/galerie-institut.com\/en\/produit\/matisse-henri-portrait-de-claude-d-mourlot-centenaire-1946\/#primaryimage"},"thumbnailUrl":"https:\/\/galerie-institut.com\/wp-content\/uploads\/2021\/11\/matisse-henri-1946-portrait-de-claude-d-mourlot-centenaire.jpg","datePublished":"2025-05-05T14:49:17+00:00","dateModified":"2025-11-21T11:05:21+00:00","description":"D\u00e9couvrez l'oeuvre Matisse, Henri, Portrait of Claude D. (Mourlot Centenaire), 1946 disponible \u00e0 la Galerie de l'Institut. Si vous \u00eates int\u00e9ress\u00e9.e.s par Matisse, Henri, Portrait of Claude D. (Mourlot Centenaire), 1946 merci de nous contacter \u00e0 contact@galerie-institut.com","breadcrumb":{"@id":"https:\/\/galerie-institut.com\/en\/produit\/matisse-henri-portrait-de-claude-d-mourlot-centenaire-1946\/#breadcrumb"},"inLanguage":"en-US","potentialAction":[{"@type":"ReadAction","target":["https:\/\/galerie-institut.com\/en\/produit\/matisse-henri-portrait-de-claude-d-mourlot-centenaire-1946\/"]}]},{"@type":"ImageObject","inLanguage":"en-US","@id":"https:\/\/galerie-institut.com\/en\/produit\/matisse-henri-portrait-de-claude-d-mourlot-centenaire-1946\/#primaryimage","url":"https:\/\/galerie-institut.com\/wp-content\/uploads\/2021\/11\/matisse-henri-1946-portrait-de-claude-d-mourlot-centenaire.jpg","contentUrl":"https:\/\/galerie-institut.com\/wp-content\/uploads\/2021\/11\/matisse-henri-1946-portrait-de-claude-d-mourlot-centenaire.jpg","width":1000,"height":1000},{"@type":"BreadcrumbList","@id":"https:\/\/galerie-institut.com\/en\/produit\/matisse-henri-portrait-de-claude-d-mourlot-centenaire-1946\/#breadcrumb","itemListElement":[{"@type":"ListItem","position":1,"name":"Accueil","item":"https:\/\/galerie-institut.com\/en\/accueil\/"},{"@type":"ListItem","position":2,"name":"Boutique","item":"https:\/\/galerie-institut.com\/?page_id=8607"},{"@type":"ListItem","position":3,"name":"Matisse, Henri, Portrait of Claude D. (Mourlot Centenaire), 1946"}]},{"@type":"WebSite","@id":"https:\/\/galerie-institut.com\/en\/#website","url":"https:\/\/galerie-institut.com\/en\/","name":"Galerie Institut","description":"","potentialAction":[{"@type":"SearchAction","target":{"@type":"EntryPoint","urlTemplate":"https:\/\/galerie-institut.com\/en\/?s={search_term_string}"},"query-input":{"@type":"PropertyValueSpecification","valueRequired":true,"valueName":"search_term_string"}}],"inLanguage":"en-US"}]}},"_links":{"self":[{"href":"https:\/\/galerie-institut.com\/en\/wp-json\/wp\/v2\/product\/16875","targetHints":{"allow":["GET"]}}],"collection":[{"href":"https:\/\/galerie-institut.com\/en\/wp-json\/wp\/v2\/product"}],"about":[{"href":"https:\/\/galerie-institut.com\/en\/wp-json\/wp\/v2\/types\/product"}],"replies":[{"embeddable":true,"href":"https:\/\/galerie-institut.com\/en\/wp-json\/wp\/v2\/comments?post=16875"}],"wp:featuredmedia":[{"embeddable":true,"href":"https:\/\/galerie-institut.com\/en\/wp-json\/wp\/v2\/media\/16876"}],"wp:attachment":[{"href":"https:\/\/galerie-institut.com\/en\/wp-json\/wp\/v2\/media?parent=16875"}],"wp:term":[{"taxonomy":"product_brand","embeddable":true,"href":"https:\/\/galerie-institut.com\/en\/wp-json\/wp\/v2\/product_brand?post=16875"},{"taxonomy":"product_cat","embeddable":true,"href":"https:\/\/galerie-institut.com\/en\/wp-json\/wp\/v2\/product_cat?post=16875"},{"taxonomy":"product_tag","embeddable":true,"href":"https:\/\/galerie-institut.com\/en\/wp-json\/wp\/v2\/product_tag?post=16875"}],"curies":[{"name":"wp","href":"https:\/\/api.w.org\/{rel}","templated":true}]}}