{"id":16850,"date":"2025-10-10T10:41:19","date_gmt":"2025-10-10T10:41:19","guid":{"rendered":"https:\/\/galerie-institut.com\/produit\/miro-joan-suite-for-ubu-roi-1966\/"},"modified":"2025-11-21T11:03:53","modified_gmt":"2025-11-21T11:03:53","slug":"miro-joan-suite-pour-ubu-roi-1966","status":"publish","type":"product","link":"https:\/\/galerie-institut.com\/en\/produit\/miro-joan-suite-pour-ubu-roi-1966\/","title":{"rendered":"Mir\u00f3, Joan, Suite for Ubu Roi, 1966"},"content":{"rendered":"<p>1966<\/p>\n<p>Suite of 13 original color lithographs on Arches<\/p>\n<p>43.5 x 33 cm<\/p>\n<p>Large-margin suite, numbered 3\/75 lower left, signed by the artist in pencil lower right<\/p>\n<p>Mourlot imprimeur.<\/p>\n<p>Catalogue raisonn\u00e9 : Cramer 108<\/p>\n","protected":false},"excerpt":{"rendered":"<p>In 1948, Joan Mir\u00f3 and Efstratios Eleftheriades (publisher and art critic) embarked on a project to illustrate <em>Ubu roi<\/em>, Alfred Jarry&#8217;s famous play. The book was published almost twenty years later. If the painter was so sensitive to the discovery of this comedy, it was because it echoed for him the Franco dictatorship he had rejected all his life.  <\/p>\n<p>&#8220;The result is quite surprising, in that each of the thirteen plates is treated as if it were a small puppet theater, i.e. a space in which volumes &#8211; in this case, the play&#8217;s characters &#8211; are inscribed, rather than as a drawing. The grotesque, rounded forms of the characters &#8211; they seem inflated &#8211; reveal a profound reading of Jarry&#8217;s text, which had so impressed Mir\u00f3. In this case, contrary to what he had done before, the artist has illustrated the text by following it to the letter, as if he had performed the play in the theater&#8221;.<br \/>\n<em>Catalog raisonn\u00e9 P. Cramer: Mir\u00f3<\/em><em>, The Illustrated Books<\/em><\/p>\n","protected":false},"featured_media":16851,"comment_status":"open","ping_status":"closed","template":"","meta":{"_et_pb_use_builder":"","_et_pb_old_content":"","_et_gb_content_width":""},"product_brand":[],"product_cat":[275,267],"product_tag":[159,276,268],"class_list":{"0":"post-16850","1":"product","2":"type-product","3":"status-publish","4":"has-post-thumbnail","6":"product_cat-miro","7":"product_cat-estampes","8":"product_tag-aquatint","9":"product_tag-dry-point-2","10":"product_tag-print","12":"first","13":"instock","14":"shipping-taxable","15":"product-type-simple"},"yoast_head":"<!-- This site is optimized with the Yoast SEO plugin v27.4 - https:\/\/yoast.com\/product\/yoast-seo-wordpress\/ -->\n<title>Mir\u00f3, Joan, Suite for Ubu Roi, 1966 - Galerie Institut<\/title>\n<meta name=\"description\" content=\"D\u00e9couvrez l&#039;oeuvre Mir\u00f3, Joan, Suite for Ubu Roi, 1966 disponible \u00e0 la Galerie de l&#039;Institut. Si vous \u00eates int\u00e9ress\u00e9.e.s par Mir\u00f3, Joan, Suite for Ubu Roi, 1966 merci de nous contacter \u00e0 contact@galerie-institut.com\" \/>\n<meta name=\"robots\" content=\"index, follow, max-snippet:-1, max-image-preview:large, max-video-preview:-1\" \/>\n<link rel=\"canonical\" href=\"https:\/\/galerie-institut.com\/en\/produit\/miro-joan-suite-pour-ubu-roi-1966\/\" \/>\n<meta property=\"og:locale\" content=\"en_US\" \/>\n<meta property=\"og:type\" content=\"article\" \/>\n<meta property=\"og:title\" content=\"Mir\u00f3, Joan, Suite for Ubu Roi, 1966 - Galerie Institut\" \/>\n<meta property=\"og:description\" content=\"D\u00e9couvrez l&#039;oeuvre Mir\u00f3, Joan, Suite for Ubu Roi, 1966 disponible \u00e0 la Galerie de l&#039;Institut. Si vous \u00eates int\u00e9ress\u00e9.e.s par Mir\u00f3, Joan, Suite for Ubu Roi, 1966 merci de nous contacter \u00e0 contact@galerie-institut.com\" \/>\n<meta property=\"og:url\" content=\"https:\/\/galerie-institut.com\/en\/produit\/miro-joan-suite-pour-ubu-roi-1966\/\" \/>\n<meta property=\"og:site_name\" content=\"Galerie Institut\" \/>\n<meta property=\"article:modified_time\" content=\"2025-11-21T11:03:53+00:00\" \/>\n<meta property=\"og:image\" content=\"https:\/\/galerie-institut.com\/wp-content\/uploads\/2024\/07\/miro-joan-suite-pour-ubu-roi.webp\" \/>\n\t<meta property=\"og:image:width\" content=\"1000\" \/>\n\t<meta property=\"og:image:height\" content=\"1000\" \/>\n\t<meta property=\"og:image:type\" content=\"image\/webp\" \/>\n<meta name=\"twitter:card\" content=\"summary_large_image\" \/>\n<script type=\"application\/ld+json\" class=\"yoast-schema-graph\">{\"@context\":\"https:\\\/\\\/schema.org\",\"@graph\":[{\"@type\":\"WebPage\",\"@id\":\"https:\\\/\\\/galerie-institut.com\\\/en\\\/produit\\\/miro-joan-suite-pour-ubu-roi-1966\\\/\",\"url\":\"https:\\\/\\\/galerie-institut.com\\\/en\\\/produit\\\/miro-joan-suite-pour-ubu-roi-1966\\\/\",\"name\":\"Mir\u00f3, Joan, Suite for Ubu Roi, 1966 - Galerie Institut\",\"isPartOf\":{\"@id\":\"https:\\\/\\\/galerie-institut.com\\\/en\\\/#website\"},\"primaryImageOfPage\":{\"@id\":\"https:\\\/\\\/galerie-institut.com\\\/en\\\/produit\\\/miro-joan-suite-pour-ubu-roi-1966\\\/#primaryimage\"},\"image\":{\"@id\":\"https:\\\/\\\/galerie-institut.com\\\/en\\\/produit\\\/miro-joan-suite-pour-ubu-roi-1966\\\/#primaryimage\"},\"thumbnailUrl\":\"https:\\\/\\\/galerie-institut.com\\\/wp-content\\\/uploads\\\/2024\\\/07\\\/miro-joan-suite-pour-ubu-roi.webp\",\"datePublished\":\"2025-10-10T10:41:19+00:00\",\"dateModified\":\"2025-11-21T11:03:53+00:00\",\"description\":\"D\u00e9couvrez l'oeuvre Mir\u00f3, Joan, Suite for Ubu Roi, 1966 disponible \u00e0 la Galerie de l'Institut. Si vous \u00eates int\u00e9ress\u00e9.e.s par Mir\u00f3, Joan, Suite for Ubu Roi, 1966 merci de nous contacter \u00e0 contact@galerie-institut.com\",\"breadcrumb\":{\"@id\":\"https:\\\/\\\/galerie-institut.com\\\/en\\\/produit\\\/miro-joan-suite-pour-ubu-roi-1966\\\/#breadcrumb\"},\"inLanguage\":\"en-US\",\"potentialAction\":[{\"@type\":\"ReadAction\",\"target\":[\"https:\\\/\\\/galerie-institut.com\\\/en\\\/produit\\\/miro-joan-suite-pour-ubu-roi-1966\\\/\"]}]},{\"@type\":\"ImageObject\",\"inLanguage\":\"en-US\",\"@id\":\"https:\\\/\\\/galerie-institut.com\\\/en\\\/produit\\\/miro-joan-suite-pour-ubu-roi-1966\\\/#primaryimage\",\"url\":\"https:\\\/\\\/galerie-institut.com\\\/wp-content\\\/uploads\\\/2024\\\/07\\\/miro-joan-suite-pour-ubu-roi.webp\",\"contentUrl\":\"https:\\\/\\\/galerie-institut.com\\\/wp-content\\\/uploads\\\/2024\\\/07\\\/miro-joan-suite-pour-ubu-roi.webp\",\"width\":1000,\"height\":1000,\"caption\":\"miro-joan-suite-for-ubu-roi\"},{\"@type\":\"BreadcrumbList\",\"@id\":\"https:\\\/\\\/galerie-institut.com\\\/en\\\/produit\\\/miro-joan-suite-pour-ubu-roi-1966\\\/#breadcrumb\",\"itemListElement\":[{\"@type\":\"ListItem\",\"position\":1,\"name\":\"Accueil\",\"item\":\"https:\\\/\\\/galerie-institut.com\\\/en\\\/accueil\\\/\"},{\"@type\":\"ListItem\",\"position\":2,\"name\":\"Boutique\",\"item\":\"https:\\\/\\\/galerie-institut.com\\\/?page_id=8607\"},{\"@type\":\"ListItem\",\"position\":3,\"name\":\"Mir\u00f3, Joan, Suite for Ubu Roi, 1966\"}]},{\"@type\":\"WebSite\",\"@id\":\"https:\\\/\\\/galerie-institut.com\\\/en\\\/#website\",\"url\":\"https:\\\/\\\/galerie-institut.com\\\/en\\\/\",\"name\":\"Galerie Institut\",\"description\":\"\",\"potentialAction\":[{\"@type\":\"SearchAction\",\"target\":{\"@type\":\"EntryPoint\",\"urlTemplate\":\"https:\\\/\\\/galerie-institut.com\\\/en\\\/?s={search_term_string}\"},\"query-input\":{\"@type\":\"PropertyValueSpecification\",\"valueRequired\":true,\"valueName\":\"search_term_string\"}}],\"inLanguage\":\"en-US\"}]}<\/script>\n<!-- \/ Yoast SEO plugin. -->","yoast_head_json":{"title":"Mir\u00f3, Joan, Suite for Ubu Roi, 1966 - Galerie Institut","description":"D\u00e9couvrez l'oeuvre Mir\u00f3, Joan, Suite for Ubu Roi, 1966 disponible \u00e0 la Galerie de l'Institut. Si vous \u00eates int\u00e9ress\u00e9.e.s par Mir\u00f3, Joan, Suite for Ubu Roi, 1966 merci de nous contacter \u00e0 contact@galerie-institut.com","robots":{"index":"index","follow":"follow","max-snippet":"max-snippet:-1","max-image-preview":"max-image-preview:large","max-video-preview":"max-video-preview:-1"},"canonical":"https:\/\/galerie-institut.com\/en\/produit\/miro-joan-suite-pour-ubu-roi-1966\/","og_locale":"en_US","og_type":"article","og_title":"Mir\u00f3, Joan, Suite for Ubu Roi, 1966 - Galerie Institut","og_description":"D\u00e9couvrez l'oeuvre Mir\u00f3, Joan, Suite for Ubu Roi, 1966 disponible \u00e0 la Galerie de l'Institut. Si vous \u00eates int\u00e9ress\u00e9.e.s par Mir\u00f3, Joan, Suite for Ubu Roi, 1966 merci de nous contacter \u00e0 contact@galerie-institut.com","og_url":"https:\/\/galerie-institut.com\/en\/produit\/miro-joan-suite-pour-ubu-roi-1966\/","og_site_name":"Galerie Institut","article_modified_time":"2025-11-21T11:03:53+00:00","og_image":[{"width":1000,"height":1000,"url":"https:\/\/galerie-institut.com\/wp-content\/uploads\/2024\/07\/miro-joan-suite-pour-ubu-roi.webp","type":"image\/webp"}],"twitter_card":"summary_large_image","schema":{"@context":"https:\/\/schema.org","@graph":[{"@type":"WebPage","@id":"https:\/\/galerie-institut.com\/en\/produit\/miro-joan-suite-pour-ubu-roi-1966\/","url":"https:\/\/galerie-institut.com\/en\/produit\/miro-joan-suite-pour-ubu-roi-1966\/","name":"Mir\u00f3, Joan, Suite for Ubu Roi, 1966 - Galerie Institut","isPartOf":{"@id":"https:\/\/galerie-institut.com\/en\/#website"},"primaryImageOfPage":{"@id":"https:\/\/galerie-institut.com\/en\/produit\/miro-joan-suite-pour-ubu-roi-1966\/#primaryimage"},"image":{"@id":"https:\/\/galerie-institut.com\/en\/produit\/miro-joan-suite-pour-ubu-roi-1966\/#primaryimage"},"thumbnailUrl":"https:\/\/galerie-institut.com\/wp-content\/uploads\/2024\/07\/miro-joan-suite-pour-ubu-roi.webp","datePublished":"2025-10-10T10:41:19+00:00","dateModified":"2025-11-21T11:03:53+00:00","description":"D\u00e9couvrez l'oeuvre Mir\u00f3, Joan, Suite for Ubu Roi, 1966 disponible \u00e0 la Galerie de l'Institut. Si vous \u00eates int\u00e9ress\u00e9.e.s par Mir\u00f3, Joan, Suite for Ubu Roi, 1966 merci de nous contacter \u00e0 contact@galerie-institut.com","breadcrumb":{"@id":"https:\/\/galerie-institut.com\/en\/produit\/miro-joan-suite-pour-ubu-roi-1966\/#breadcrumb"},"inLanguage":"en-US","potentialAction":[{"@type":"ReadAction","target":["https:\/\/galerie-institut.com\/en\/produit\/miro-joan-suite-pour-ubu-roi-1966\/"]}]},{"@type":"ImageObject","inLanguage":"en-US","@id":"https:\/\/galerie-institut.com\/en\/produit\/miro-joan-suite-pour-ubu-roi-1966\/#primaryimage","url":"https:\/\/galerie-institut.com\/wp-content\/uploads\/2024\/07\/miro-joan-suite-pour-ubu-roi.webp","contentUrl":"https:\/\/galerie-institut.com\/wp-content\/uploads\/2024\/07\/miro-joan-suite-pour-ubu-roi.webp","width":1000,"height":1000,"caption":"miro-joan-suite-for-ubu-roi"},{"@type":"BreadcrumbList","@id":"https:\/\/galerie-institut.com\/en\/produit\/miro-joan-suite-pour-ubu-roi-1966\/#breadcrumb","itemListElement":[{"@type":"ListItem","position":1,"name":"Accueil","item":"https:\/\/galerie-institut.com\/en\/accueil\/"},{"@type":"ListItem","position":2,"name":"Boutique","item":"https:\/\/galerie-institut.com\/?page_id=8607"},{"@type":"ListItem","position":3,"name":"Mir\u00f3, Joan, Suite for Ubu Roi, 1966"}]},{"@type":"WebSite","@id":"https:\/\/galerie-institut.com\/en\/#website","url":"https:\/\/galerie-institut.com\/en\/","name":"Galerie Institut","description":"","potentialAction":[{"@type":"SearchAction","target":{"@type":"EntryPoint","urlTemplate":"https:\/\/galerie-institut.com\/en\/?s={search_term_string}"},"query-input":{"@type":"PropertyValueSpecification","valueRequired":true,"valueName":"search_term_string"}}],"inLanguage":"en-US"}]}},"_links":{"self":[{"href":"https:\/\/galerie-institut.com\/en\/wp-json\/wp\/v2\/product\/16850","targetHints":{"allow":["GET"]}}],"collection":[{"href":"https:\/\/galerie-institut.com\/en\/wp-json\/wp\/v2\/product"}],"about":[{"href":"https:\/\/galerie-institut.com\/en\/wp-json\/wp\/v2\/types\/product"}],"replies":[{"embeddable":true,"href":"https:\/\/galerie-institut.com\/en\/wp-json\/wp\/v2\/comments?post=16850"}],"wp:featuredmedia":[{"embeddable":true,"href":"https:\/\/galerie-institut.com\/en\/wp-json\/wp\/v2\/media\/16851"}],"wp:attachment":[{"href":"https:\/\/galerie-institut.com\/en\/wp-json\/wp\/v2\/media?parent=16850"}],"wp:term":[{"taxonomy":"product_brand","embeddable":true,"href":"https:\/\/galerie-institut.com\/en\/wp-json\/wp\/v2\/product_brand?post=16850"},{"taxonomy":"product_cat","embeddable":true,"href":"https:\/\/galerie-institut.com\/en\/wp-json\/wp\/v2\/product_cat?post=16850"},{"taxonomy":"product_tag","embeddable":true,"href":"https:\/\/galerie-institut.com\/en\/wp-json\/wp\/v2\/product_tag?post=16850"}],"curies":[{"name":"wp","href":"https:\/\/api.w.org\/{rel}","templated":true}]}}