{"id":16758,"date":"2025-11-21T10:45:30","date_gmt":"2025-11-21T10:45:30","guid":{"rendered":"https:\/\/galerie-institut.com\/joan-miro\/"},"modified":"2026-02-06T14:24:42","modified_gmt":"2026-02-06T14:24:42","slug":"joan-miro","status":"publish","type":"page","link":"https:\/\/galerie-institut.com\/en\/artistes\/joan-miro\/","title":{"rendered":"Joan Mir\u00f3"},"content":{"rendered":"<p>[et_pb_section fb_built=&#8221;1&#8243; _builder_version=&#8221;4.16&#8243; _module_preset=&#8221;default&#8221; global_colors_info=&#8221;{}&#8221;][et_pb_row column_structure=&#8221;1_2,1_2&#8243; _builder_version=&#8221;4.16&#8243; _module_preset=&#8221;default&#8221; max_width=&#8221;1400px&#8221; custom_margin=&#8221;||||false|false&#8221; global_colors_info=&#8221;{}&#8221;][et_pb_column type=&#8221;1_2&#8243; _builder_version=&#8221;4.16&#8243; _module_preset=&#8221;default&#8221; global_colors_info=&#8221;{}&#8221;][et_pb_text _builder_version=&#8221;4.16&#8243; _module_preset=&#8221;default&#8221; header_font_size=&#8221;26px&#8221; custom_margin=&#8221;50%||||false|false&#8221; custom_margin_tablet=&#8221;&#8221; custom_margin_phone=&#8221;1%||||false|false&#8221; custom_margin_last_edited=&#8221;on|phone&#8221; border_width_bottom=&#8221;1px&#8221; global_colors_info=&#8221;{}&#8221;]<\/p>\n<h1><span style=\"font-size: xx-large;\">Joan Mir\u00f3<\/span> <span style=\"font-size: x-large;\">(1893-1983)<\/span><\/h1>\n<p>[\/et_pb_text][et_pb_text _builder_version=&#8221;4.16&#8243; _module_preset=&#8221;default&#8221; global_colors_info=&#8221;{}&#8221;]<\/p>\n<p>His encounter with the early Dadaist and Surrealist poets when he arrived in Paris in 1920 was decisive for Miro&#8217;s work. The atmosphere of great freedom and intense creativity, the experimentation with chance, dreams and automatic writing had a profound effect on his creative process, abandoning all convention in favor of a dreamlike plastic space and reinvented signs, without ever breaking the link with reality. <\/p>\n<p>&nbsp;<\/p>\n<p>&nbsp;<\/p>\n<p><span> <\/span><\/p>\n<p>[\/et_pb_text][\/et_pb_column][et_pb_column type=&#8221;1_2&#8243; _builder_version=&#8221;4.16&#8243; _module_preset=&#8221;default&#8221; global_colors_info=&#8221;{}&#8221;][et_pb_image src=&#8221;https:\/\/galerie-institut.com\/wp-content\/uploads\/2021\/10\/miro-joan-1969-le-penseur-puissant.jpg&#8221; title_text=&#8221;miro-joan-1969-the-powerful-thinker&#8221; align=&#8221;center&#8221; force_fullwidth=&#8221;on&#8221; _builder_version=&#8221;4.16&#8243; _module_preset=&#8221;default&#8221; custom_padding=&#8221;30px||30px||true|false&#8221; global_colors_info=&#8221;{}&#8221;][\/et_pb_image][\/et_pb_column][\/et_pb_row][et_pb_row _builder_version=&#8221;4.16&#8243; _module_preset=&#8221;default&#8221; max_width=&#8221;1400px&#8221; custom_margin=&#8221;||||false|false&#8221; custom_padding=&#8221;||0px|||&#8221; global_colors_info=&#8221;{}&#8221;][et_pb_column type=&#8221;4_4&#8243; _builder_version=&#8221;4.16&#8243; _module_preset=&#8221;default&#8221; global_colors_info=&#8221;{}&#8221;][et_pb_text _builder_version=&#8221;4.16&#8243; _module_preset=&#8221;default&#8221; custom_margin=&#8221;||30px||false|false&#8221; custom_padding=&#8221;||||false|false&#8221; header_2_font_size_tablet=&#8221;&#8221; header_2_font_size_phone=&#8221;26px&#8221; header_2_font_size_last_edited=&#8221;on|phone&#8221; border_width_bottom=&#8221;1px&#8221; global_colors_info=&#8221;{}&#8221;]<\/p>\n<h2>Works of art by the artist <span style=\"font-size: xx-large;\">Joan Mir\u00f3<\/span><\/h2>\n<p>[\/et_pb_text][et_pb_shop type=&#8221;product_category&#8221; posts_number=&#8221;1000&#8243; include_categories=&#8221;275&#8243; columns_number=&#8221;4&#8243; icon_hover_color=&#8221;rgba(0,0,0,0)&#8221; hover_overlay_color=&#8221;rgba(0,0,0,0)&#8221; _builder_version=&#8221;4.16&#8243; _module_preset=&#8221;default&#8221; title_font=&#8221;Open Sans||||||||&#8221; title_font_size=&#8221;16px&#8221; price_font=&#8221;EB Garamond||||||||&#8221; price_text_color=&#8221;#515151&#8243; price_font_size=&#8221;17px&#8221; custom_padding=&#8221;||0px||false|false&#8221; global_colors_info=&#8221;{}&#8221;][\/et_pb_shop][\/et_pb_column][\/et_pb_row][et_pb_row column_structure=&#8221;2_5,3_5&#8243; _builder_version=&#8221;4.16&#8243; _module_preset=&#8221;default&#8221; max_width=&#8221;1400px&#8221; custom_margin=&#8221;5%||||false|false&#8221; global_colors_info=&#8221;{}&#8221;][et_pb_column type=&#8221;2_5&#8243; _builder_version=&#8221;4.16&#8243; _module_preset=&#8221;default&#8221; global_colors_info=&#8221;{}&#8221;][et_pb_image src=&#8221;https:\/\/galerie-institut.com\/wp-content\/uploads\/2022\/12\/Miro.jpg&#8221; title_text=&#8221;Miro&#8221; _builder_version=&#8221;4.18.0&#8243; _module_preset=&#8221;default&#8221; max_width=&#8221;70%&#8221; custom_padding=&#8221;30px||30px||true|false&#8221; global_colors_info=&#8221;{}&#8221;][\/et_pb_image][et_pb_text _builder_version=&#8221;4.18.0&#8243; _module_preset=&#8221;default&#8221; global_colors_info=&#8221;{}&#8221;]<\/p>\n<p>Sven Simon \/ Ullstein Bild \/ Roger-Viollet<\/p>\n<p>[\/et_pb_text][\/et_pb_column][et_pb_column type=&#8221;3_5&#8243; _builder_version=&#8221;4.16&#8243; _module_preset=&#8221;default&#8221; global_colors_info=&#8221;{}&#8221;][et_pb_text _builder_version=&#8221;4.16&#8243; _module_preset=&#8221;default&#8221; custom_margin=&#8221;||-2px||false|false&#8221; header_2_font_size_tablet=&#8221;&#8221; header_2_font_size_phone=&#8221;26px&#8221; header_2_font_size_last_edited=&#8221;on|phone&#8221; border_width_bottom=&#8221;1px&#8221; global_colors_info=&#8221;{}&#8221;]<\/p>\n<h2>Biography of the artist <span style=\"font-size: xx-large;\">Joan Mir\u00f3<\/span><\/h2>\n<p>[\/et_pb_text][et_pb_text _builder_version=&#8221;4.27.5&#8243; _module_preset=&#8221;default&#8221; text_line_height=&#8221;2em&#8221; header_2_line_height=&#8221;2em&#8221; custom_padding=&#8221;30px||30px||true|false&#8221; hover_enabled=&#8221;0&#8243; header_2_font_size_tablet=&#8221;&#8221; header_2_font_size_phone=&#8221;23px&#8221; header_2_font_size_last_edited=&#8221;on|phone&#8221; global_colors_info=&#8221;{}&#8221; sticky_enabled=&#8221;0&#8243;]<\/p>\n<p>&#8220;What I&#8217;m looking for is a motionless movement, something equivalent to what we call the eloquence of silence, or what Jean-de-la-Croix called, I think, silent music.<\/p>\n<p>Catalan artist Joan Mir\u00f3 was born in Barcelona in 1893. He studied at the \u00c9cole sup\u00e9rieure des arts industriels et des beaux-arts de la Lonja, then at the \u00c9cole d&#8217;art de Francesc Gal\u00ed, a private school open to all the arts and sensitive to the ideas of the European avant-garde. It was here that he discovered modern painting. Van Gogh, the Fauves and the Cubists made a strong impression on him. He also made lasting friendships with Joan Prats, Josep Francesc R\u00e0fols, Enric Crist\u00f2fol Ricart and Josep Llorens Artigas. In the autumn of the following year, he joins the Cercle artistique de Sant Lluc, where he takes drawing classes. In the summer of 1915, at Mon-troig, his family&#8217;s farm in the province of Tarragona, he painted his first landscapes, close to Cubism in their schematization of forms and to Fauvism in their use of color. The following year, he made the acquaintance of the art dealer Josep Dalmau, owner of the Dalmau gallery in Barcelona, a hub of avant-garde activity in the city, where foreign artists who had fled war-torn France gathered: Albert Gleizes, the couple Sonia and Robert Delaunay, and Francis Picabia, who published the journal <em>391<\/em> in Barcelona. During the summer of 1918 in Mont-roig (July-December), a new, highly detailed and meticulous style takes shape in his landscape paintings, notably <em>The Palm House<\/em> (Museo Reina Sof\u00eda, Madrid), <em>The Vegetable Garden with Donkey<\/em> (Moderna Museet, Stockholm) executed during this period. The<em>Self-portrait<\/em> from the Picasso collection (Mus\u00e9e national-Picasso, Paris) also dates from this period.<\/p>\n<p><a href=\"https:\/\/galerie-institut.com\/en\/joan-miro-1893-1983-biographie\/\">Read the full biography<\/a>.<\/p>\n<p>[\/et_pb_text][\/et_pb_column][\/et_pb_row][\/et_pb_section][et_pb_section fb_built=&#8221;1&#8243; _builder_version=&#8221;4.27.0&#8243; _module_preset=&#8221;default&#8221; z_index=&#8221;500&#8243; saved_tabs=&#8221;all&#8221; locked=&#8221;off&#8221; global_colors_info=&#8221;{}&#8221;][et_pb_row column_structure=&#8221;1_3,2_3&#8243; _builder_version=&#8221;4.27.0&#8243; _module_preset=&#8221;default&#8221; max_width=&#8221;1400px&#8221; custom_margin=&#8221;||||false|false&#8221; locked=&#8221;off&#8221; global_colors_info=&#8221;{}&#8221;][et_pb_column type=&#8221;1_3&#8243; _builder_version=&#8221;4.16&#8243; _module_preset=&#8221;default&#8221; global_colors_info=&#8221;{}&#8221;][et_pb_text _builder_version=&#8221;4.27.0&#8243; _module_preset=&#8221;default&#8221; custom_margin=&#8221;||0px||false|false&#8221; custom_padding=&#8221;||1px|||&#8221; header_2_text_align_tablet=&#8221;&#8221; header_2_text_align_phone=&#8221;center&#8221; header_2_text_align_last_edited=&#8221;on|phone&#8221; header_2_font_size_tablet=&#8221;&#8221; header_2_font_size_phone=&#8221;26px&#8221; header_2_font_size_last_edited=&#8221;on|phone&#8221; border_width_bottom=&#8221;1px&#8221; global_colors_info=&#8221;{}&#8221;]<\/p>\n<h2>Discover other artists<\/h2>\n<p>[\/et_pb_text][\/et_pb_column][et_pb_column type=&#8221;2_3&#8243; _builder_version=&#8221;4.16&#8243; _module_preset=&#8221;default&#8221; global_colors_info=&#8221;{}&#8221;][et_pb_menu menu_id=&#8221;264&#8243; menu_style=&#8221;centered&#8221; active_link_color=&#8221;#000000&#8243; dropdown_menu_bg_color=&#8221;#FFFFFF&#8221; dropdown_menu_line_color=&#8221;#FFFFFF&#8221; _builder_version=&#8221;4.27.0&#8243; _module_preset=&#8221;default&#8221; menu_font=&#8221;&#8211;et_global_body_font|300||on|||||&#8221; menu_text_color=&#8221;#000000&#8243; menu_font_size=&#8221;16px&#8221; menu_letter_spacing=&#8221;2px&#8221; background_enable_color=&#8221;off&#8221; text_orientation_tablet=&#8221;&#8221; text_orientation_phone=&#8221;center&#8221; text_orientation_last_edited=&#8221;on|phone&#8221; module_alignment_tablet=&#8221;&#8221; module_alignment_phone=&#8221;center&#8221; module_alignment_last_edited=&#8221;on|phone&#8221; global_colors_info=&#8221;{}&#8221;][\/et_pb_menu][\/et_pb_column][\/et_pb_row][\/et_pb_section][et_pb_section fb_built=&#8221;1&#8243; _builder_version=&#8221;4.7.4&#8243; _module_preset=&#8221;default&#8221; background_color=&#8221;rgba(216,216,216,0.11)&#8221; global_module=&#8221;8808&#8243; saved_tabs=&#8221;all&#8221; global_colors_info=&#8221;{}&#8221;][et_pb_row _builder_version=&#8221;4.16&#8243; _module_preset=&#8221;default&#8221; global_colors_info=&#8221;{}&#8221;][et_pb_column type=&#8221;4_4&#8243; _builder_version=&#8221;4.16&#8243; _module_preset=&#8221;default&#8221; global_colors_info=&#8221;{}&#8221;][et_pb_text _builder_version=&#8221;4.27.0&#8243; _module_preset=&#8221;default&#8221; header_2_line_height=&#8221;1.9em&#8221; header_2_font_size_tablet=&#8221;&#8221; header_2_font_size_phone=&#8221;23px&#8221; header_2_font_size_last_edited=&#8221;on|phone&#8221; global_colors_info=&#8221;{}&#8221;]<\/p>\n<h2 style=\"text-align: center;\"><a href=\"https:\/\/galerie-institut.com\/en\/contact\/\">Contact<\/a><\/h2>\n<p style=\"text-align: center;\">To find out more about our <a href=\"https:\/\/galerie-institut.com\/a-propos\/\">art gallery in Paris,<\/a> the works available, our appraisal service or our exhibitions:<\/p>\n<p>[\/et_pb_text][et_pb_button button_url=&#8221;@ET-DC@eyJkeW5hbWljIjp0cnVlLCJjb250ZW50IjoicG9zdF9saW5rX3VybF9wYWdlIiwic2V0dGluZ3MiOnsicG9zdF9pZCI6Ijg4NjYifX0=@&#8221; button_text=&#8221;contact us&#8221; button_alignment=&#8221;center&#8221; _builder_version=&#8221;4.16&#8243; _dynamic_attributes=&#8221;button_url&#8221; _module_preset=&#8221;default&#8221; global_colors_info=&#8221;{}&#8221;][\/et_pb_button][\/et_pb_column][\/et_pb_row][\/et_pb_section]<\/p>\n","protected":false},"excerpt":{"rendered":"<p>Joan Mir\u00f3 (1893-1983)His encounter with the early Dadaist and Surrealist poets when he arrived in Paris in 1920 was decisive for Miro&#8217;s work. The atmosphere of great freedom and intense creativity, the experimentation with chance, dreams and automatic writing had a profound effect on his creative process, abandoning all convention in favor of a dreamlike [&hellip;]<\/p>\n","protected":false},"author":8,"featured_media":0,"parent":18186,"menu_order":0,"comment_status":"closed","ping_status":"closed","template":"","meta":{"_et_pb_use_builder":"on","_et_pb_old_content":"","_et_gb_content_width":"","footnotes":""},"dipi_cpt_category":[],"class_list":["post-16758","page","type-page","status-publish","hentry"],"yoast_head":"<!-- This site is optimized with the Yoast SEO plugin v27.4 - https:\/\/yoast.com\/product\/yoast-seo-wordpress\/ -->\n<title>Joan Miro: biography, history and works of art<\/title>\n<meta name=\"description\" content=\"Discover the life of Joan Mir\u00f3, master of Surrealism, and explore his colorful, dreamlike works that revolutionized modern art.\" \/>\n<meta name=\"robots\" content=\"index, follow, max-snippet:-1, max-image-preview:large, max-video-preview:-1\" \/>\n<link rel=\"canonical\" href=\"https:\/\/galerie-institut.com\/en\/artistes\/joan-miro\/\" \/>\n<meta property=\"og:locale\" content=\"en_US\" \/>\n<meta property=\"og:type\" content=\"article\" \/>\n<meta property=\"og:title\" content=\"Joan Miro: biography, history and works of art\" \/>\n<meta property=\"og:description\" content=\"Discover the life of Joan Mir\u00f3, master of Surrealism, and explore his colorful, dreamlike works that revolutionized modern art.\" \/>\n<meta property=\"og:url\" content=\"https:\/\/galerie-institut.com\/en\/artistes\/joan-miro\/\" \/>\n<meta property=\"og:site_name\" content=\"Galerie Institut\" \/>\n<meta property=\"article:modified_time\" content=\"2026-02-06T14:24:42+00:00\" \/>\n<meta name=\"twitter:card\" content=\"summary_large_image\" \/>\n<meta name=\"twitter:label1\" content=\"Est. reading time\" \/>\n\t<meta name=\"twitter:data1\" content=\"6 minutes\" \/>\n<script type=\"application\/ld+json\" class=\"yoast-schema-graph\">{\"@context\":\"https:\\\/\\\/schema.org\",\"@graph\":[{\"@type\":\"WebPage\",\"@id\":\"https:\\\/\\\/galerie-institut.com\\\/en\\\/artistes\\\/joan-miro\\\/\",\"url\":\"https:\\\/\\\/galerie-institut.com\\\/en\\\/artistes\\\/joan-miro\\\/\",\"name\":\"Joan Miro: biography, history and works of art\",\"isPartOf\":{\"@id\":\"https:\\\/\\\/galerie-institut.com\\\/en\\\/#website\"},\"datePublished\":\"2025-11-21T10:45:30+00:00\",\"dateModified\":\"2026-02-06T14:24:42+00:00\",\"description\":\"Discover the life of Joan Mir\u00f3, master of Surrealism, and explore his colorful, dreamlike works that revolutionized modern art.\",\"breadcrumb\":{\"@id\":\"https:\\\/\\\/galerie-institut.com\\\/en\\\/artistes\\\/joan-miro\\\/#breadcrumb\"},\"inLanguage\":\"en-US\",\"potentialAction\":[{\"@type\":\"ReadAction\",\"target\":[\"https:\\\/\\\/galerie-institut.com\\\/en\\\/artistes\\\/joan-miro\\\/\"]}]},{\"@type\":\"BreadcrumbList\",\"@id\":\"https:\\\/\\\/galerie-institut.com\\\/en\\\/artistes\\\/joan-miro\\\/#breadcrumb\",\"itemListElement\":[{\"@type\":\"ListItem\",\"position\":1,\"name\":\"Accueil\",\"item\":\"https:\\\/\\\/galerie-institut.com\\\/en\\\/accueil\\\/\"},{\"@type\":\"ListItem\",\"position\":2,\"name\":\"Artists\",\"item\":\"https:\\\/\\\/galerie-institut.com\\\/en\\\/artistes\\\/\"},{\"@type\":\"ListItem\",\"position\":3,\"name\":\"Joan Mir\u00f3\"}]},{\"@type\":\"WebSite\",\"@id\":\"https:\\\/\\\/galerie-institut.com\\\/en\\\/#website\",\"url\":\"https:\\\/\\\/galerie-institut.com\\\/en\\\/\",\"name\":\"Galerie Institut\",\"description\":\"\",\"potentialAction\":[{\"@type\":\"SearchAction\",\"target\":{\"@type\":\"EntryPoint\",\"urlTemplate\":\"https:\\\/\\\/galerie-institut.com\\\/en\\\/?s={search_term_string}\"},\"query-input\":{\"@type\":\"PropertyValueSpecification\",\"valueRequired\":true,\"valueName\":\"search_term_string\"}}],\"inLanguage\":\"en-US\"}]}<\/script>\n<!-- \/ Yoast SEO plugin. -->","yoast_head_json":{"title":"Joan Miro: biography, history and works of art","description":"Discover the life of Joan Mir\u00f3, master of Surrealism, and explore his colorful, dreamlike works that revolutionized modern art.","robots":{"index":"index","follow":"follow","max-snippet":"max-snippet:-1","max-image-preview":"max-image-preview:large","max-video-preview":"max-video-preview:-1"},"canonical":"https:\/\/galerie-institut.com\/en\/artistes\/joan-miro\/","og_locale":"en_US","og_type":"article","og_title":"Joan Miro: biography, history and works of art","og_description":"Discover the life of Joan Mir\u00f3, master of Surrealism, and explore his colorful, dreamlike works that revolutionized modern art.","og_url":"https:\/\/galerie-institut.com\/en\/artistes\/joan-miro\/","og_site_name":"Galerie Institut","article_modified_time":"2026-02-06T14:24:42+00:00","twitter_card":"summary_large_image","twitter_misc":{"Est. reading time":"6 minutes"},"schema":{"@context":"https:\/\/schema.org","@graph":[{"@type":"WebPage","@id":"https:\/\/galerie-institut.com\/en\/artistes\/joan-miro\/","url":"https:\/\/galerie-institut.com\/en\/artistes\/joan-miro\/","name":"Joan Miro: biography, history and works of art","isPartOf":{"@id":"https:\/\/galerie-institut.com\/en\/#website"},"datePublished":"2025-11-21T10:45:30+00:00","dateModified":"2026-02-06T14:24:42+00:00","description":"Discover the life of Joan Mir\u00f3, master of Surrealism, and explore his colorful, dreamlike works that revolutionized modern art.","breadcrumb":{"@id":"https:\/\/galerie-institut.com\/en\/artistes\/joan-miro\/#breadcrumb"},"inLanguage":"en-US","potentialAction":[{"@type":"ReadAction","target":["https:\/\/galerie-institut.com\/en\/artistes\/joan-miro\/"]}]},{"@type":"BreadcrumbList","@id":"https:\/\/galerie-institut.com\/en\/artistes\/joan-miro\/#breadcrumb","itemListElement":[{"@type":"ListItem","position":1,"name":"Accueil","item":"https:\/\/galerie-institut.com\/en\/accueil\/"},{"@type":"ListItem","position":2,"name":"Artists","item":"https:\/\/galerie-institut.com\/en\/artistes\/"},{"@type":"ListItem","position":3,"name":"Joan Mir\u00f3"}]},{"@type":"WebSite","@id":"https:\/\/galerie-institut.com\/en\/#website","url":"https:\/\/galerie-institut.com\/en\/","name":"Galerie Institut","description":"","potentialAction":[{"@type":"SearchAction","target":{"@type":"EntryPoint","urlTemplate":"https:\/\/galerie-institut.com\/en\/?s={search_term_string}"},"query-input":{"@type":"PropertyValueSpecification","valueRequired":true,"valueName":"search_term_string"}}],"inLanguage":"en-US"}]}},"_links":{"self":[{"href":"https:\/\/galerie-institut.com\/en\/wp-json\/wp\/v2\/pages\/16758","targetHints":{"allow":["GET"]}}],"collection":[{"href":"https:\/\/galerie-institut.com\/en\/wp-json\/wp\/v2\/pages"}],"about":[{"href":"https:\/\/galerie-institut.com\/en\/wp-json\/wp\/v2\/types\/page"}],"author":[{"embeddable":true,"href":"https:\/\/galerie-institut.com\/en\/wp-json\/wp\/v2\/users\/8"}],"replies":[{"embeddable":true,"href":"https:\/\/galerie-institut.com\/en\/wp-json\/wp\/v2\/comments?post=16758"}],"version-history":[{"count":6,"href":"https:\/\/galerie-institut.com\/en\/wp-json\/wp\/v2\/pages\/16758\/revisions"}],"predecessor-version":[{"id":18369,"href":"https:\/\/galerie-institut.com\/en\/wp-json\/wp\/v2\/pages\/16758\/revisions\/18369"}],"up":[{"embeddable":true,"href":"https:\/\/galerie-institut.com\/en\/wp-json\/wp\/v2\/pages\/18186"}],"wp:attachment":[{"href":"https:\/\/galerie-institut.com\/en\/wp-json\/wp\/v2\/media?parent=16758"}],"wp:term":[{"taxonomy":"dipi_cpt_category","embeddable":true,"href":"https:\/\/galerie-institut.com\/en\/wp-json\/wp\/v2\/dipi_cpt_category?post=16758"}],"curies":[{"name":"wp","href":"https:\/\/api.w.org\/{rel}","templated":true}]}}