{"id":16752,"date":"2025-11-21T10:45:04","date_gmt":"2025-11-21T10:45:04","guid":{"rendered":"https:\/\/galerie-institut.com\/jean-baptiste-secheret\/"},"modified":"2026-02-06T14:26:44","modified_gmt":"2026-02-06T14:26:44","slug":"jean-baptiste-secheret","status":"publish","type":"page","link":"https:\/\/galerie-institut.com\/en\/artistes\/jean-baptiste-secheret\/","title":{"rendered":"Jean-Baptiste S\u00e9cheret"},"content":{"rendered":"<p>[et_pb_section fb_built=&#8221;1&#8243; _builder_version=&#8221;4.16&#8243; _module_preset=&#8221;default&#8221; global_colors_info=&#8221;{}&#8221;][et_pb_row column_structure=&#8221;1_2,1_2&#8243; _builder_version=&#8221;4.16&#8243; _module_preset=&#8221;default&#8221; max_width=&#8221;1400px&#8221; custom_margin=&#8221;||||false|false&#8221; global_colors_info=&#8221;{}&#8221;][et_pb_column type=&#8221;1_2&#8243; _builder_version=&#8221;4.16&#8243; _module_preset=&#8221;default&#8221; global_colors_info=&#8221;{}&#8221;][et_pb_text _builder_version=&#8221;4.16&#8243; _module_preset=&#8221;default&#8221; header_font_size=&#8221;26px&#8221; custom_margin=&#8221;50%||||false|false&#8221; custom_margin_tablet=&#8221;&#8221; custom_margin_phone=&#8221;1%||||false|false&#8221; custom_margin_last_edited=&#8221;on|phone&#8221; border_width_bottom=&#8221;1px&#8221; global_colors_info=&#8221;{}&#8221;]<\/p>\n<h1><span style=\"font-size: xx-large;\">Jean-Baptiste S\u00e9cheret<\/span> <span style=\"font-size: x-large;\">(born 1957)<\/span><\/h1>\n<p>[\/et_pb_text][et_pb_text _builder_version=&#8221;4.16&#8243; _module_preset=&#8221;default&#8221; global_colors_info=&#8221;{}&#8221;]<\/p>\n<p>Jean-Baptiste S\u00e9cheret&#8217;s work focuses on landscapes. His tightly focused compositions give them a strong, monumental presence. His treatment of color and light is inseparable. The artist favors contrasting twilight, reminiscent of Edward Hopper and Chirico&#8217;s silent squares. In 2013, the Acad\u00e9mie des Beaux-Arts recognized his work in printmaking by awarding him the Mario Avati prize for the first time.      <\/p>\n<p>&nbsp;<\/p>\n<p><span> <\/span><\/p>\n<p>[\/et_pb_text][\/et_pb_column][et_pb_column type=&#8221;1_2&#8243; _builder_version=&#8221;4.16&#8243; _module_preset=&#8221;default&#8221; global_colors_info=&#8221;{}&#8221;][et_pb_image src=&#8221;https:\/\/galerie-institut.com\/wp-content\/uploads\/2021\/11\/secheret-jean-baptiste-1992-composition-ovale.jpg&#8221; title_text=&#8221;secheret-jean-baptiste-1992-composition-ovale&#8221; align=&#8221;center&#8221; force_fullwidth=&#8221;on&#8221; _builder_version=&#8221;4.16&#8243; _module_preset=&#8221;default&#8221; custom_padding=&#8221;30px||30px||true|false&#8221; global_colors_info=&#8221;{}&#8221;][\/et_pb_image][\/et_pb_column][\/et_pb_row][et_pb_row _builder_version=&#8221;4.16&#8243; _module_preset=&#8221;default&#8221; max_width=&#8221;1400px&#8221; custom_margin=&#8221;||||false|false&#8221; custom_padding=&#8221;||0px|||&#8221; global_colors_info=&#8221;{}&#8221;][et_pb_column type=&#8221;4_4&#8243; _builder_version=&#8221;4.16&#8243; _module_preset=&#8221;default&#8221; global_colors_info=&#8221;{}&#8221;][et_pb_text _builder_version=&#8221;4.16&#8243; _module_preset=&#8221;default&#8221; custom_margin=&#8221;||30px||false|false&#8221; custom_padding=&#8221;||||false|false&#8221; header_2_font_size_tablet=&#8221;&#8221; header_2_font_size_phone=&#8221;26px&#8221; header_2_font_size_last_edited=&#8221;on|phone&#8221; border_width_bottom=&#8221;1px&#8221; global_colors_info=&#8221;{}&#8221;]<\/p>\n<h2>Works of art by artist <span style=\"font-size: xx-large;\">Jean-Baptiste S\u00e9cheret<\/span><\/h2>\n<p>[\/et_pb_text][et_pb_shop type=&#8221;product_category&#8221; posts_number=&#8221;1000&#8243; include_categories=&#8221;302&#8243; columns_number=&#8221;4&#8243; icon_hover_color=&#8221;rgba(0,0,0,0)&#8221; hover_overlay_color=&#8221;rgba(0,0,0,0)&#8221; _builder_version=&#8221;4.16&#8243; _module_preset=&#8221;default&#8221; title_font=&#8221;Open Sans||||||||&#8221; title_font_size=&#8221;16px&#8221; price_font=&#8221;EB Garamond||||||||&#8221; price_text_color=&#8221;#515151&#8243; price_font_size=&#8221;17px&#8221; custom_padding=&#8221;||0px||false|false&#8221; global_colors_info=&#8221;{}&#8221;][\/et_pb_shop][\/et_pb_column][\/et_pb_row][et_pb_row column_structure=&#8221;2_5,3_5&#8243; _builder_version=&#8221;4.16&#8243; _module_preset=&#8221;default&#8221; max_width=&#8221;1400px&#8221; custom_margin=&#8221;5%||||false|false&#8221; global_colors_info=&#8221;{}&#8221;][et_pb_column type=&#8221;2_5&#8243; _builder_version=&#8221;4.16&#8243; _module_preset=&#8221;default&#8221; global_colors_info=&#8221;{}&#8221;][et_pb_image src=&#8221;https:\/\/galerie-institut.com\/wp-content\/uploads\/2023\/01\/SECHERET-Jean-Baptiste-copie.jpg&#8221; title_text=&#8221;SECHERET Jean-Baptiste copy&#8221; _builder_version=&#8221;4.19.4&#8243; _module_preset=&#8221;default&#8221; global_colors_info=&#8221;{}&#8221;][\/et_pb_image][et_pb_text _builder_version=&#8221;4.19.4&#8243; _module_preset=&#8221;default&#8221; global_colors_info=&#8221;{}&#8221;]<\/p>\n<p><span style=\"caret-color: #000000; color: #000000; font-family: Helvetica; font-size: 12px; font-style: normal; font-variant-caps: normal; font-weight: normal; letter-spacing: normal; orphans: auto; text-align: start; text-indent: 0px; text-transform: none; white-space: normal; widows: auto; word-spacing: 0px; -webkit-text-size-adjust: auto; -webkit-text-stroke-width: 0px; text-decoration: none; display: inline !important; float: none;\"><span class=\"ILfuVd NA6bn\" lang=\"en\"><span class=\"hgKElc\"><b>\u00a9<\/b><\/span><\/span> Gr\u00e9goire Hespel<br \/><\/span><\/p>\n<p>[\/et_pb_text][\/et_pb_column][et_pb_column type=&#8221;3_5&#8243; _builder_version=&#8221;4.16&#8243; _module_preset=&#8221;default&#8221; global_colors_info=&#8221;{}&#8221;][et_pb_text _builder_version=&#8221;4.16&#8243; _module_preset=&#8221;default&#8221; custom_margin=&#8221;||30px||false|false&#8221; header_2_font_size_tablet=&#8221;&#8221; header_2_font_size_phone=&#8221;26px&#8221; header_2_font_size_last_edited=&#8221;on|phone&#8221; border_width_bottom=&#8221;1px&#8221; global_colors_info=&#8221;{}&#8221;]<\/p>\n<h2><span style=\"font-size: xx-large;\">Jean-Baptiste S\u00e9cheret<\/span> artist biography<\/h2>\n<p>[\/et_pb_text][et_pb_text _builder_version=&#8221;4.27.5&#8243; _module_preset=&#8221;default&#8221; text_line_height=&#8221;2em&#8221; header_2_line_height=&#8221;2em&#8221; custom_padding=&#8221;30px||30px||true|false&#8221; hover_enabled=&#8221;0&#8243; header_2_font_size_tablet=&#8221;&#8221; header_2_font_size_phone=&#8221;23px&#8221; header_2_font_size_last_edited=&#8221;on|phone&#8221; global_colors_info=&#8221;{}&#8221; sticky_enabled=&#8221;0&#8243;]<\/p>\n<p>Jean-Baptiste S\u00e9cheret is a French artist born in 1957. His artistic activity began at the same time as the problems of postmodernism were emerging. In 1976, he entered the \u00c9cole nationale sup\u00e9rieure des Beaux-Arts in Paris. From 1984 to 1986, he was a resident at Casa de Vel\u00e1zquez in Madrid. He teaches at the \u00c9cole nationale sup\u00e9rieure d&#8217;architecture de Paris-Belleville.<\/p>\n<p><a href=\"https:\/\/galerie-institut.com\/en\/jean-baptiste-secheret-1957\/\">Read the full biography <\/a><\/p>\n<p>[\/et_pb_text][\/et_pb_column][\/et_pb_row][\/et_pb_section][et_pb_section fb_built=&#8221;1&#8243; _builder_version=&#8221;4.27.0&#8243; _module_preset=&#8221;default&#8221; z_index=&#8221;500&#8243; saved_tabs=&#8221;all&#8221; locked=&#8221;off&#8221; global_colors_info=&#8221;{}&#8221;][et_pb_row column_structure=&#8221;1_3,2_3&#8243; _builder_version=&#8221;4.27.0&#8243; _module_preset=&#8221;default&#8221; max_width=&#8221;1400px&#8221; custom_margin=&#8221;||||false|false&#8221; locked=&#8221;off&#8221; global_colors_info=&#8221;{}&#8221;][et_pb_column type=&#8221;1_3&#8243; _builder_version=&#8221;4.16&#8243; _module_preset=&#8221;default&#8221; global_colors_info=&#8221;{}&#8221;][et_pb_text _builder_version=&#8221;4.27.0&#8243; _module_preset=&#8221;default&#8221; custom_margin=&#8221;||0px||false|false&#8221; custom_padding=&#8221;||1px|||&#8221; header_2_text_align_tablet=&#8221;&#8221; header_2_text_align_phone=&#8221;center&#8221; header_2_text_align_last_edited=&#8221;on|phone&#8221; header_2_font_size_tablet=&#8221;&#8221; header_2_font_size_phone=&#8221;26px&#8221; header_2_font_size_last_edited=&#8221;on|phone&#8221; border_width_bottom=&#8221;1px&#8221; global_colors_info=&#8221;{}&#8221;]<\/p>\n<h2>Discover other artists<\/h2>\n<p>[\/et_pb_text][\/et_pb_column][et_pb_column type=&#8221;2_3&#8243; _builder_version=&#8221;4.16&#8243; _module_preset=&#8221;default&#8221; global_colors_info=&#8221;{}&#8221;][et_pb_menu menu_id=&#8221;264&#8243; menu_style=&#8221;centered&#8221; active_link_color=&#8221;#000000&#8243; dropdown_menu_bg_color=&#8221;#FFFFFF&#8221; dropdown_menu_line_color=&#8221;#FFFFFF&#8221; _builder_version=&#8221;4.27.0&#8243; _module_preset=&#8221;default&#8221; menu_font=&#8221;&#8211;et_global_body_font|300||on|||||&#8221; menu_text_color=&#8221;#000000&#8243; menu_font_size=&#8221;16px&#8221; menu_letter_spacing=&#8221;2px&#8221; background_enable_color=&#8221;off&#8221; text_orientation_tablet=&#8221;&#8221; text_orientation_phone=&#8221;center&#8221; text_orientation_last_edited=&#8221;on|phone&#8221; module_alignment_tablet=&#8221;&#8221; module_alignment_phone=&#8221;center&#8221; module_alignment_last_edited=&#8221;on|phone&#8221; global_colors_info=&#8221;{}&#8221;][\/et_pb_menu][\/et_pb_column][\/et_pb_row][\/et_pb_section][et_pb_section fb_built=&#8221;1&#8243; _builder_version=&#8221;4.7.4&#8243; _module_preset=&#8221;default&#8221; background_color=&#8221;rgba(216,216,216,0.11)&#8221; global_module=&#8221;8808&#8243; saved_tabs=&#8221;all&#8221; global_colors_info=&#8221;{}&#8221;][et_pb_row _builder_version=&#8221;4.16&#8243; _module_preset=&#8221;default&#8221; global_colors_info=&#8221;{}&#8221;][et_pb_column type=&#8221;4_4&#8243; _builder_version=&#8221;4.16&#8243; _module_preset=&#8221;default&#8221; global_colors_info=&#8221;{}&#8221;][et_pb_text _builder_version=&#8221;4.27.0&#8243; _module_preset=&#8221;default&#8221; header_2_line_height=&#8221;1.9em&#8221; header_2_font_size_tablet=&#8221;&#8221; header_2_font_size_phone=&#8221;23px&#8221; header_2_font_size_last_edited=&#8221;on|phone&#8221; global_colors_info=&#8221;{}&#8221;]<\/p>\n<h2 style=\"text-align: center;\"><a href=\"https:\/\/galerie-institut.com\/en\/contact\/\">Contact<\/a><\/h2>\n<p style=\"text-align: center;\">To find out more about our <a href=\"https:\/\/galerie-institut.com\/a-propos\/\">art gallery in Paris,<\/a> the works available, our appraisal service or our exhibitions:<\/p>\n<p>[\/et_pb_text][et_pb_button button_url=&#8221;@ET-DC@eyJkeW5hbWljIjp0cnVlLCJjb250ZW50IjoicG9zdF9saW5rX3VybF9wYWdlIiwic2V0dGluZ3MiOnsicG9zdF9pZCI6Ijg4NjYifX0=@&#8221; button_text=&#8221;contact us&#8221; button_alignment=&#8221;center&#8221; _builder_version=&#8221;4.16&#8243; _dynamic_attributes=&#8221;button_url&#8221; _module_preset=&#8221;default&#8221; global_colors_info=&#8221;{}&#8221;][\/et_pb_button][\/et_pb_column][\/et_pb_row][\/et_pb_section]<\/p>\n","protected":false},"excerpt":{"rendered":"<p>Jean-Baptiste S\u00e9cheret (born 1957)Jean-Baptiste S\u00e9cheret&#8217;s work focuses on landscapes. His tightly focused compositions give them a strong, monumental presence. His treatment of color and light is inseparable. The artist favors contrasting twilight, reminiscent of Edward Hopper and Chirico&#8217;s silent squares. In 2013, the Acad\u00e9mie des Beaux-Arts recognized his work in printmaking by awarding him the [&hellip;]<\/p>\n","protected":false},"author":8,"featured_media":0,"parent":18186,"menu_order":0,"comment_status":"closed","ping_status":"closed","template":"","meta":{"_et_pb_use_builder":"on","_et_pb_old_content":"","_et_gb_content_width":"","footnotes":""},"dipi_cpt_category":[],"class_list":["post-16752","page","type-page","status-publish","hentry"],"yoast_head":"<!-- This site is optimized with the Yoast SEO plugin v27.4 - https:\/\/yoast.com\/product\/yoast-seo-wordpress\/ -->\n<title>Jean-Baptiste S\u00e9cheret: history, biography and works of art<\/title>\n<meta name=\"description\" content=\"Discover the history of Jean-Baptiste S\u00e9cheret, his exceptional works of art and his biography. Explore his unique artistic universe!\" \/>\n<meta name=\"robots\" content=\"index, follow, max-snippet:-1, max-image-preview:large, max-video-preview:-1\" \/>\n<link rel=\"canonical\" href=\"https:\/\/galerie-institut.com\/en\/artistes\/jean-baptiste-secheret\/\" \/>\n<meta property=\"og:locale\" content=\"en_US\" \/>\n<meta property=\"og:type\" content=\"article\" \/>\n<meta property=\"og:title\" content=\"Jean-Baptiste S\u00e9cheret: history, biography and works of art\" \/>\n<meta property=\"og:description\" content=\"Discover the history of Jean-Baptiste S\u00e9cheret, his exceptional works of art and his biography. Explore his unique artistic universe!\" \/>\n<meta property=\"og:url\" content=\"https:\/\/galerie-institut.com\/en\/artistes\/jean-baptiste-secheret\/\" \/>\n<meta property=\"og:site_name\" content=\"Galerie Institut\" \/>\n<meta property=\"article:modified_time\" content=\"2026-02-06T14:26:44+00:00\" \/>\n<meta name=\"twitter:card\" content=\"summary_large_image\" \/>\n<meta name=\"twitter:label1\" content=\"Est. reading time\" \/>\n\t<meta name=\"twitter:data1\" content=\"5 minutes\" \/>\n<script type=\"application\/ld+json\" class=\"yoast-schema-graph\">{\"@context\":\"https:\\\/\\\/schema.org\",\"@graph\":[{\"@type\":\"WebPage\",\"@id\":\"https:\\\/\\\/galerie-institut.com\\\/en\\\/artistes\\\/jean-baptiste-secheret\\\/\",\"url\":\"https:\\\/\\\/galerie-institut.com\\\/en\\\/artistes\\\/jean-baptiste-secheret\\\/\",\"name\":\"Jean-Baptiste S\u00e9cheret: history, biography and works of art\",\"isPartOf\":{\"@id\":\"https:\\\/\\\/galerie-institut.com\\\/en\\\/#website\"},\"datePublished\":\"2025-11-21T10:45:04+00:00\",\"dateModified\":\"2026-02-06T14:26:44+00:00\",\"description\":\"Discover the history of Jean-Baptiste S\u00e9cheret, his exceptional works of art and his biography. Explore his unique artistic universe!\",\"breadcrumb\":{\"@id\":\"https:\\\/\\\/galerie-institut.com\\\/en\\\/artistes\\\/jean-baptiste-secheret\\\/#breadcrumb\"},\"inLanguage\":\"en-US\",\"potentialAction\":[{\"@type\":\"ReadAction\",\"target\":[\"https:\\\/\\\/galerie-institut.com\\\/en\\\/artistes\\\/jean-baptiste-secheret\\\/\"]}]},{\"@type\":\"BreadcrumbList\",\"@id\":\"https:\\\/\\\/galerie-institut.com\\\/en\\\/artistes\\\/jean-baptiste-secheret\\\/#breadcrumb\",\"itemListElement\":[{\"@type\":\"ListItem\",\"position\":1,\"name\":\"Accueil\",\"item\":\"https:\\\/\\\/galerie-institut.com\\\/en\\\/accueil\\\/\"},{\"@type\":\"ListItem\",\"position\":2,\"name\":\"Artists\",\"item\":\"https:\\\/\\\/galerie-institut.com\\\/en\\\/artistes\\\/\"},{\"@type\":\"ListItem\",\"position\":3,\"name\":\"Jean-Baptiste S\u00e9cheret\"}]},{\"@type\":\"WebSite\",\"@id\":\"https:\\\/\\\/galerie-institut.com\\\/en\\\/#website\",\"url\":\"https:\\\/\\\/galerie-institut.com\\\/en\\\/\",\"name\":\"Galerie Institut\",\"description\":\"\",\"potentialAction\":[{\"@type\":\"SearchAction\",\"target\":{\"@type\":\"EntryPoint\",\"urlTemplate\":\"https:\\\/\\\/galerie-institut.com\\\/en\\\/?s={search_term_string}\"},\"query-input\":{\"@type\":\"PropertyValueSpecification\",\"valueRequired\":true,\"valueName\":\"search_term_string\"}}],\"inLanguage\":\"en-US\"}]}<\/script>\n<!-- \/ Yoast SEO plugin. -->","yoast_head_json":{"title":"Jean-Baptiste S\u00e9cheret: history, biography and works of art","description":"Discover the history of Jean-Baptiste S\u00e9cheret, his exceptional works of art and his biography. Explore his unique artistic universe!","robots":{"index":"index","follow":"follow","max-snippet":"max-snippet:-1","max-image-preview":"max-image-preview:large","max-video-preview":"max-video-preview:-1"},"canonical":"https:\/\/galerie-institut.com\/en\/artistes\/jean-baptiste-secheret\/","og_locale":"en_US","og_type":"article","og_title":"Jean-Baptiste S\u00e9cheret: history, biography and works of art","og_description":"Discover the history of Jean-Baptiste S\u00e9cheret, his exceptional works of art and his biography. Explore his unique artistic universe!","og_url":"https:\/\/galerie-institut.com\/en\/artistes\/jean-baptiste-secheret\/","og_site_name":"Galerie Institut","article_modified_time":"2026-02-06T14:26:44+00:00","twitter_card":"summary_large_image","twitter_misc":{"Est. reading time":"5 minutes"},"schema":{"@context":"https:\/\/schema.org","@graph":[{"@type":"WebPage","@id":"https:\/\/galerie-institut.com\/en\/artistes\/jean-baptiste-secheret\/","url":"https:\/\/galerie-institut.com\/en\/artistes\/jean-baptiste-secheret\/","name":"Jean-Baptiste S\u00e9cheret: history, biography and works of art","isPartOf":{"@id":"https:\/\/galerie-institut.com\/en\/#website"},"datePublished":"2025-11-21T10:45:04+00:00","dateModified":"2026-02-06T14:26:44+00:00","description":"Discover the history of Jean-Baptiste S\u00e9cheret, his exceptional works of art and his biography. Explore his unique artistic universe!","breadcrumb":{"@id":"https:\/\/galerie-institut.com\/en\/artistes\/jean-baptiste-secheret\/#breadcrumb"},"inLanguage":"en-US","potentialAction":[{"@type":"ReadAction","target":["https:\/\/galerie-institut.com\/en\/artistes\/jean-baptiste-secheret\/"]}]},{"@type":"BreadcrumbList","@id":"https:\/\/galerie-institut.com\/en\/artistes\/jean-baptiste-secheret\/#breadcrumb","itemListElement":[{"@type":"ListItem","position":1,"name":"Accueil","item":"https:\/\/galerie-institut.com\/en\/accueil\/"},{"@type":"ListItem","position":2,"name":"Artists","item":"https:\/\/galerie-institut.com\/en\/artistes\/"},{"@type":"ListItem","position":3,"name":"Jean-Baptiste S\u00e9cheret"}]},{"@type":"WebSite","@id":"https:\/\/galerie-institut.com\/en\/#website","url":"https:\/\/galerie-institut.com\/en\/","name":"Galerie Institut","description":"","potentialAction":[{"@type":"SearchAction","target":{"@type":"EntryPoint","urlTemplate":"https:\/\/galerie-institut.com\/en\/?s={search_term_string}"},"query-input":{"@type":"PropertyValueSpecification","valueRequired":true,"valueName":"search_term_string"}}],"inLanguage":"en-US"}]}},"_links":{"self":[{"href":"https:\/\/galerie-institut.com\/en\/wp-json\/wp\/v2\/pages\/16752","targetHints":{"allow":["GET"]}}],"collection":[{"href":"https:\/\/galerie-institut.com\/en\/wp-json\/wp\/v2\/pages"}],"about":[{"href":"https:\/\/galerie-institut.com\/en\/wp-json\/wp\/v2\/types\/page"}],"author":[{"embeddable":true,"href":"https:\/\/galerie-institut.com\/en\/wp-json\/wp\/v2\/users\/8"}],"replies":[{"embeddable":true,"href":"https:\/\/galerie-institut.com\/en\/wp-json\/wp\/v2\/comments?post=16752"}],"version-history":[{"count":3,"href":"https:\/\/galerie-institut.com\/en\/wp-json\/wp\/v2\/pages\/16752\/revisions"}],"predecessor-version":[{"id":18374,"href":"https:\/\/galerie-institut.com\/en\/wp-json\/wp\/v2\/pages\/16752\/revisions\/18374"}],"up":[{"embeddable":true,"href":"https:\/\/galerie-institut.com\/en\/wp-json\/wp\/v2\/pages\/18186"}],"wp:attachment":[{"href":"https:\/\/galerie-institut.com\/en\/wp-json\/wp\/v2\/media?parent=16752"}],"wp:term":[{"taxonomy":"dipi_cpt_category","embeddable":true,"href":"https:\/\/galerie-institut.com\/en\/wp-json\/wp\/v2\/dipi_cpt_category?post=16752"}],"curies":[{"name":"wp","href":"https:\/\/api.w.org\/{rel}","templated":true}]}}