{"id":16716,"date":"2025-11-21T10:27:20","date_gmt":"2025-11-21T10:27:20","guid":{"rendered":"https:\/\/galerie-institut.com\/expertise\/"},"modified":"2026-04-29T14:17:00","modified_gmt":"2026-04-29T14:17:00","slug":"expertise","status":"publish","type":"page","link":"https:\/\/galerie-institut.com\/en\/expertise\/","title":{"rendered":"Expertise"},"content":{"rendered":"<p>[et_pb_section fb_built=&#8221;1&#8243; _builder_version=&#8221;4.16&#8243; _module_preset=&#8221;default&#8221; custom_padding=&#8221;||80px||false|false&#8221; hover_enabled=&#8221;0&#8243; global_colors_info=&#8221;{}&#8221; sticky_enabled=&#8221;0&#8243;][et_pb_row _builder_version=&#8221;4.16&#8243; _module_preset=&#8221;default&#8221; global_colors_info=&#8221;{}&#8221;][et_pb_column type=&#8221;4_4&#8243; _builder_version=&#8221;4.16&#8243; _module_preset=&#8221;default&#8221; border_width_right_tablet=&#8221;&#8221; border_width_right_phone=&#8221;0px&#8221; border_width_right_last_edited=&#8221;on|phone&#8221; global_colors_info=&#8221;{}&#8221;][et_pb_text _builder_version=&#8221;4.20.4&#8243; _module_preset=&#8221;default&#8221; header_font_size_tablet=&#8221;&#8221; header_font_size_phone=&#8221;30px&#8221; header_font_size_last_edited=&#8221;on|phone&#8221; border_width_bottom=&#8221;1px&#8221; global_colors_info=&#8221;{}&#8221;]<\/p>\n<h1>Expertise<\/h1>\n<p>[\/et_pb_text][\/et_pb_column][\/et_pb_row][et_pb_row _builder_version=&#8221;4.20.4&#8243; _module_preset=&#8221;default&#8221; custom_margin=&#8221;|auto|-38px|auto||&#8221; custom_padding=&#8221;||107px|||&#8221; global_colors_info=&#8221;{}&#8221;][et_pb_column type=&#8221;4_4&#8243; _builder_version=&#8221;4.20.4&#8243; _module_preset=&#8221;default&#8221; global_colors_info=&#8221;{}&#8221;][et_pb_text _builder_version=&#8221;4.27.4&#8243; _module_preset=&#8221;default&#8221; custom_margin=&#8221;||24px|||&#8221; hover_enabled=&#8221;0&#8243; global_colors_info=&#8221;{}&#8221; sticky_enabled=&#8221;0&#8243;]<\/p>\n<p>Galerie de l&#8217;Institut, formerly Bouquinerie de l&#8217;Institut, has been specializing in prints by prestigious artists since 1954, and has built up a <strong>long-standing<\/strong> reputation <strong>in the print market<\/strong>, both in France and abroad. Marc and Yves Lebouc&#8217;s keen eye, research and meticulous study of subjects over many years have earned them recognition as <strong>experts in their field<\/strong>, enabling them to rule on the value and authenticity of a print. <strong>Marc Lebouc<\/strong> is an expert before the Paris Court of Appeal, and <strong>Yves Lebouc<\/strong> is a member of the Compagnie Nationale des Experts.<\/p>\n<p>Marc and Yves Lebouc are not just private buyers, but also colleagues from all over the world who, like us, are players in the art market, uncompromising about <strong>the quality of the works offered<\/strong> to the public and concerned about their ethics.<\/p>\n<p>Backed by the presence of these two experts, the Galerie de l&#8217;Institut offers its customers <strong>certificates of authenticity<\/strong> for works purchased at the gallery, on request. Marc and Yves Lebouc are also authorized to issue certificates of authenticity for prints (etchings, lithographs, illustrated books) by Marc Chagall (see conditions of expertise below).<\/p>\n<p>[\/et_pb_text][\/et_pb_column][\/et_pb_row][et_pb_row custom_padding_last_edited=&#8221;on|phone&#8221; _builder_version=&#8221;4.16&#8243; _module_preset=&#8221;default&#8221; custom_padding=&#8221;16px||16px||true|false&#8221; custom_padding_tablet=&#8221;&#8221; custom_padding_phone=&#8221;25px||25px||true|false&#8221; global_colors_info=&#8221;{}&#8221;][et_pb_column type=&#8221;4_4&#8243; _builder_version=&#8221;4.16&#8243; _module_preset=&#8221;default&#8221; border_width_right_tablet=&#8221;&#8221; border_width_right_phone=&#8221;0px&#8221; border_width_right_last_edited=&#8221;on|phone&#8221; global_colors_info=&#8221;{}&#8221;][et_pb_divider _builder_version=&#8221;4.16&#8243; _module_preset=&#8221;default&#8221; custom_padding=&#8221;||1px|||&#8221; global_colors_info=&#8221;{}&#8221;][\/et_pb_divider][\/et_pb_column][\/et_pb_row][et_pb_row column_structure=&#8221;1_2,1_2&#8243; _builder_version=&#8221;4.16&#8243; _module_preset=&#8221;default&#8221; custom_margin=&#8221;-68px|auto||auto|false|false&#8221; custom_margin_tablet=&#8221;&#8221; custom_margin_phone=&#8221;40px||||false|false&#8221; custom_margin_last_edited=&#8221;on|phone&#8221; custom_padding=&#8221;25px|||||&#8221; global_colors_info=&#8221;{}&#8221;][et_pb_column type=&#8221;1_2&#8243; _builder_version=&#8221;4.16&#8243; _module_preset=&#8221;default&#8221; border_width_right_tablet=&#8221;&#8221; border_width_right_phone=&#8221;0px&#8221; border_width_right_last_edited=&#8221;on|phone&#8221; global_colors_info=&#8221;{}&#8221;][et_pb_image src=&#8221;https:\/\/galerie-institut.com\/wp-content\/uploads\/2023\/07\/L1010036-scaled-e1689671000974.jpg&#8221; title_text=&#8221;L1010036&#8243; align_tablet=&#8221;&#8221; align_phone=&#8221;left&#8221; align_last_edited=&#8221;on|phone&#8221; _builder_version=&#8221;4.20.4&#8243; _module_preset=&#8221;default&#8221; width=&#8221;100%&#8221; custom_margin=&#8221;110px|||||&#8221; global_colors_info=&#8221;{}&#8221;][\/et_pb_image][\/et_pb_column][et_pb_column type=&#8221;1_2&#8243; _builder_version=&#8221;4.16&#8243; _module_preset=&#8221;default&#8221; border_width_right_tablet=&#8221;&#8221; border_width_right_phone=&#8221;0px&#8221; border_width_right_last_edited=&#8221;on|phone&#8221; global_colors_info=&#8221;{}&#8221;][et_pb_text _builder_version=&#8221;4.27.0&#8243; _module_preset=&#8221;default&#8221; text_line_height=&#8221;2em&#8221; header_2_line_height=&#8221;2em&#8221; custom_padding=&#8221;144px||144px||true|false&#8221; header_2_font_size_tablet=&#8221;&#8221; header_2_font_size_phone=&#8221;26px&#8221; header_2_font_size_last_edited=&#8221;on|phone&#8221; global_colors_info=&#8221;{}&#8221;]<\/p>\n<h2>Expertise Chagall<\/h2>\n<p>Marc et Yves Lebouc sont mandat\u00e9s par le <strong>Comit\u00e9 Marc Chagall<\/strong> pour expertiser les \u0153uvres graphiques de l\u2019artiste. Plus de 1.000 r\u00e9f\u00e9rences composent le Catalogue raisonn\u00e9 des lithographies, \u00e0 cela s\u2019ajoutent plus d\u2019une centaine de livres illustr\u00e9s, ainsi que des gravures.<\/p>\n<p>La Galerie de l\u2019Institut est <strong>la seule autorit\u00e9 reconnue<\/strong> par le Comit\u00e9<a href=\"https:\/\/galerie-institut.com\/en\/marc-chagall-1887-1985-biographie\/\"> Marc Chagall <\/a>pour authentifier les estampes de l\u2019artiste. Une copie des certificats et des attestations est syst\u00e9matiquement d\u00e9pos\u00e9e pour enregistrement aupr\u00e8s du Comit\u00e9 Marc Chagall.<\/p>\n<p>[\/et_pb_text][\/et_pb_column][\/et_pb_row][et_pb_row custom_padding_last_edited=&#8221;on|phone&#8221; _builder_version=&#8221;4.16&#8243; _module_preset=&#8221;default&#8221; custom_padding=&#8221;16px||16px||true|false&#8221; custom_padding_tablet=&#8221;&#8221; custom_padding_phone=&#8221;25px||25px||true|false&#8221; global_colors_info=&#8221;{}&#8221;][et_pb_column type=&#8221;4_4&#8243; _builder_version=&#8221;4.16&#8243; _module_preset=&#8221;default&#8221; border_width_right_tablet=&#8221;&#8221; border_width_right_phone=&#8221;0px&#8221; border_width_right_last_edited=&#8221;on|phone&#8221; global_colors_info=&#8221;{}&#8221;][et_pb_divider _builder_version=&#8221;4.16&#8243; _module_preset=&#8221;default&#8221; global_colors_info=&#8221;{}&#8221;][\/et_pb_divider][\/et_pb_column][\/et_pb_row][et_pb_row column_structure=&#8221;1_2,1_2&#8243; _builder_version=&#8221;4.16&#8243; _module_preset=&#8221;default&#8221; custom_padding=&#8221;||0px|||&#8221; global_colors_info=&#8221;{}&#8221;][et_pb_column type=&#8221;1_2&#8243; _builder_version=&#8221;4.16&#8243; _module_preset=&#8221;default&#8221; border_width_right_tablet=&#8221;&#8221; border_width_right_phone=&#8221;0px&#8221; border_width_right_last_edited=&#8221;on|phone&#8221; global_colors_info=&#8221;{}&#8221;][et_pb_text _builder_version=&#8221;4.27.0&#8243; _module_preset=&#8221;default&#8221; text_line_height=&#8221;2em&#8221; header_2_line_height=&#8221;2em&#8221; custom_padding=&#8221;30px||30px||true|false&#8221; header_2_font_size_tablet=&#8221;&#8221; header_2_font_size_phone=&#8221;26px&#8221; header_2_font_size_last_edited=&#8221;on|phone&#8221; global_colors_info=&#8221;{}&#8221;]<\/p>\n<h2>Expertise Picasso<\/h2>\n<p>Marc et Yves Lebouc \u00e9tablissent les certificats d\u2019authenticit\u00e9 des <a href=\"https:\/\/galerie-institut.com\/artistes\/pablo-picasso\/\">estampes de Pablo Picasso<\/a>. Sont concern\u00e9es plus de 2.000 gravures r\u00e9f\u00e9renc\u00e9es pour les \u0153uvres graphiques et 156 livres illustr\u00e9s.<o:p><\/o:p><\/p>\n<p>Les experts s\u2019appuient sur l\u2019ensemble de la litt\u00e9rature formant les catalogues raisonn\u00e9s, mais surtout sur leur <strong>grande exp\u00e9rience technique<\/strong> et un nombre important d\u2019\u0153uvres \u00e9tudi\u00e9es.<o:p><\/o:p><\/p>\n<p>Extr\u00eamement minutieux dans l\u2019analyse des gravures, lithographies, linogravures qui leur sont pr\u00e9sent\u00e9es, Marc et Yves Lebouc s\u2019attachent avec rigueur \u00e0 faire en sorte qu\u2019une estampe non conforme (par sa signature, par falsification du tirage original) soit r\u00e9pertori\u00e9e comme telle. <o:p><\/o:p><\/p>\n<p>&nbsp;<\/p>\n<p>[\/et_pb_text][\/et_pb_column][et_pb_column type=&#8221;1_2&#8243; _builder_version=&#8221;4.16&#8243; _module_preset=&#8221;default&#8221; border_width_right_tablet=&#8221;&#8221; border_width_right_phone=&#8221;0px&#8221; border_width_right_last_edited=&#8221;on|phone&#8221; global_colors_info=&#8221;{}&#8221;][et_pb_image src=&#8221;https:\/\/galerie-institut.com\/wp-content\/uploads\/2023\/07\/L1010011-scaled.jpg&#8221; title_text=&#8221;L1010011&#8243; _builder_version=&#8221;4.20.4&#8243; _module_preset=&#8221;default&#8221; custom_margin=&#8221;50px|||||&#8221; global_colors_info=&#8221;{}&#8221;][\/et_pb_image][\/et_pb_column][\/et_pb_row][et_pb_row column_structure=&#8221;1_2,1_2&#8243; _builder_version=&#8221;4.20.4&#8243; _module_preset=&#8221;default&#8221; min_height=&#8221;164.1px&#8221; custom_padding=&#8221;78px|||||&#8221; global_colors_info=&#8221;{}&#8221;][et_pb_column type=&#8221;1_2&#8243; _builder_version=&#8221;4.16&#8243; _module_preset=&#8221;default&#8221; border_width_right_tablet=&#8221;&#8221; border_width_right_phone=&#8221;0px&#8221; border_width_right_last_edited=&#8221;on|phone&#8221; global_colors_info=&#8221;{}&#8221;][et_pb_image src=&#8221;https:\/\/galerie-institut.com\/wp-content\/uploads\/2023\/07\/L1010067-copie.jpg&#8221; title_text=&#8221;L1010067 copy&#8221; _builder_version=&#8221;4.20.4&#8243; _module_preset=&#8221;default&#8221; width=&#8221;100%&#8221; module_alignment=&#8221;center&#8221; global_colors_info=&#8221;{}&#8221;][\/et_pb_image][\/et_pb_column][et_pb_column type=&#8221;1_2&#8243; _builder_version=&#8221;4.20.4&#8243; _module_preset=&#8221;default&#8221; global_colors_info=&#8221;{}&#8221;][et_pb_text _builder_version=&#8221;4.20.4&#8243; _module_preset=&#8221;default&#8221; custom_padding=&#8221;||0px|||&#8221; header_2_font_size_tablet=&#8221;&#8221; header_2_font_size_phone=&#8221;26px&#8221; header_2_font_size_last_edited=&#8221;on|phone&#8221; border_color_right=&#8221;rgba(0,0,0,0)&#8221; border_style_right=&#8221;none&#8221; border_width_bottom=&#8221;1px&#8221; border_width_right_last_edited=&#8221;off|desktop&#8221; global_colors_info=&#8221;{}&#8221;]<\/p>\n<h2>Expertise conditions<\/h2>\n<p>[\/et_pb_text][et_pb_text _builder_version=&#8221;4.27.0&#8243; _module_preset=&#8221;default&#8221; global_colors_info=&#8221;{}&#8221;]<\/p>\n<p>Works submitted for appraisal must be <strong>presented in person to the experts<\/strong>, who will examine and verify them and then give their opinion. A certificate of authenticity or attestation is invoiced at <strong>\u20ac250 excluding VAT<\/strong>. In the case of works sold by the Galerie, certificates are given to the purchaser <strong>free of charge<\/strong> on request.<\/p>\n<p>&nbsp;<\/p>\n<p>&nbsp;<\/p>\n<p>[\/et_pb_text][\/et_pb_column][\/et_pb_row][\/et_pb_section][et_pb_section fb_built=&#8221;1&#8243; _builder_version=&#8221;4.7.4&#8243; _module_preset=&#8221;default&#8221; background_color=&#8221;rgba(216,216,216,0.11)&#8221; global_module=&#8221;8808&#8243; saved_tabs=&#8221;all&#8221; global_colors_info=&#8221;{}&#8221;][et_pb_row _builder_version=&#8221;4.16&#8243; _module_preset=&#8221;default&#8221; global_colors_info=&#8221;{}&#8221;][et_pb_column type=&#8221;4_4&#8243; _builder_version=&#8221;4.16&#8243; _module_preset=&#8221;default&#8221; global_colors_info=&#8221;{}&#8221;][et_pb_text _builder_version=&#8221;4.27.0&#8243; _module_preset=&#8221;default&#8221; header_2_line_height=&#8221;1.9em&#8221; header_2_font_size_tablet=&#8221;&#8221; header_2_font_size_phone=&#8221;23px&#8221; header_2_font_size_last_edited=&#8221;on|phone&#8221; global_colors_info=&#8221;{}&#8221;]<\/p>\n<h2 style=\"text-align: center;\"><a href=\"https:\/\/galerie-institut.com\/en\/contact\/\">Contact<\/a><\/h2>\n<p style=\"text-align: center;\">Pour en savoir plus sur notre <a href=\"https:\/\/galerie-institut.com\/a-propos\/\">galerie d&#8217;art \u00e0 Paris,<\/a> les \u0153uvres disponibles, notre service d\u2019expertise ou nos expositions :<\/p>\n<p>[\/et_pb_text][et_pb_button button_url=&#8221;@ET-DC@eyJkeW5hbWljIjp0cnVlLCJjb250ZW50IjoicG9zdF9saW5rX3VybF9wYWdlIiwic2V0dGluZ3MiOnsicG9zdF9pZCI6Ijg4NjYiLCJlbmFibGVfaHRtbCI6Im9mZiJ9fQ==@&#8221; button_text=&#8221;contact us&#8221; button_alignment=&#8221;center&#8221; _builder_version=&#8221;4.16&#8243; _dynamic_attributes=&#8221;button_url&#8221; _module_preset=&#8221;default&#8221; global_colors_info=&#8221;{}&#8221;][\/et_pb_button][\/et_pb_column][\/et_pb_row][\/et_pb_section]<\/p>\n","protected":false},"excerpt":{"rendered":"<p>ExpertiseGalerie de l&#8217;Institut, formerly Bouquinerie de l&#8217;Institut, has been specializing in prints by prestigious artists since 1954, and has built up a long-standing reputation in the print market, both in France and abroad. Marc and Yves Lebouc&#8217;s keen eye, research and meticulous study of subjects over many years have earned them recognition as experts in [&hellip;]<\/p>\n","protected":false},"author":8,"featured_media":0,"parent":0,"menu_order":0,"comment_status":"closed","ping_status":"closed","template":"","meta":{"_et_pb_use_builder":"on","_et_pb_old_content":"","_et_gb_content_width":"","footnotes":""},"dipi_cpt_category":[],"class_list":["post-16716","page","type-page","status-publish","hentry"],"yoast_head":"<!-- This site is optimized with the Yoast SEO plugin v27.5 - https:\/\/yoast.com\/product\/yoast-seo-wordpress\/ -->\n<title>Expertise - Galerie Institut<\/title>\n<meta name=\"description\" content=\"If you would like to know more about the history of our gallery and the Lebouc family, discover our stories now \u2192.\" \/>\n<meta name=\"robots\" content=\"index, follow, max-snippet:-1, max-image-preview:large, max-video-preview:-1\" \/>\n<link rel=\"canonical\" href=\"https:\/\/galerie-institut.com\/en\/expertise\/\" \/>\n<meta property=\"og:locale\" content=\"en_US\" \/>\n<meta property=\"og:type\" content=\"article\" \/>\n<meta property=\"og:title\" content=\"Expertise - Galerie Institut\" \/>\n<meta property=\"og:description\" content=\"If you would like to know more about the history of our gallery and the Lebouc family, discover our stories now \u2192.\" \/>\n<meta property=\"og:url\" content=\"https:\/\/galerie-institut.com\/en\/expertise\/\" \/>\n<meta property=\"og:site_name\" content=\"Galerie Institut\" \/>\n<meta property=\"article:modified_time\" content=\"2026-04-29T14:17:00+00:00\" \/>\n<meta name=\"twitter:card\" content=\"summary_large_image\" \/>\n<meta name=\"twitter:label1\" content=\"Est. reading time\" \/>\n\t<meta name=\"twitter:data1\" content=\"7 minutes\" \/>\n<script type=\"application\/ld+json\" class=\"yoast-schema-graph\">{\"@context\":\"https:\\\/\\\/schema.org\",\"@graph\":[{\"@type\":\"WebPage\",\"@id\":\"https:\\\/\\\/galerie-institut.com\\\/en\\\/expertise\\\/\",\"url\":\"https:\\\/\\\/galerie-institut.com\\\/en\\\/expertise\\\/\",\"name\":\"Expertise - Galerie Institut\",\"isPartOf\":{\"@id\":\"https:\\\/\\\/galerie-institut.com\\\/en\\\/#website\"},\"datePublished\":\"2025-11-21T10:27:20+00:00\",\"dateModified\":\"2026-04-29T14:17:00+00:00\",\"description\":\"If you would like to know more about the history of our gallery and the Lebouc family, discover our stories now \u2192.\",\"breadcrumb\":{\"@id\":\"https:\\\/\\\/galerie-institut.com\\\/en\\\/expertise\\\/#breadcrumb\"},\"inLanguage\":\"en-US\",\"potentialAction\":[{\"@type\":\"ReadAction\",\"target\":[\"https:\\\/\\\/galerie-institut.com\\\/en\\\/expertise\\\/\"]}]},{\"@type\":\"BreadcrumbList\",\"@id\":\"https:\\\/\\\/galerie-institut.com\\\/en\\\/expertise\\\/#breadcrumb\",\"itemListElement\":[{\"@type\":\"ListItem\",\"position\":1,\"name\":\"Accueil\",\"item\":\"https:\\\/\\\/galerie-institut.com\\\/en\\\/accueil\\\/\"},{\"@type\":\"ListItem\",\"position\":2,\"name\":\"Expertise\"}]},{\"@type\":\"WebSite\",\"@id\":\"https:\\\/\\\/galerie-institut.com\\\/en\\\/#website\",\"url\":\"https:\\\/\\\/galerie-institut.com\\\/en\\\/\",\"name\":\"Galerie Institut\",\"description\":\"\",\"potentialAction\":[{\"@type\":\"SearchAction\",\"target\":{\"@type\":\"EntryPoint\",\"urlTemplate\":\"https:\\\/\\\/galerie-institut.com\\\/en\\\/?s={search_term_string}\"},\"query-input\":{\"@type\":\"PropertyValueSpecification\",\"valueRequired\":true,\"valueName\":\"search_term_string\"}}],\"inLanguage\":\"en-US\"}]}<\/script>\n<!-- \/ Yoast SEO plugin. -->","yoast_head_json":{"title":"Expertise - Galerie Institut","description":"If you would like to know more about the history of our gallery and the Lebouc family, discover our stories now \u2192.","robots":{"index":"index","follow":"follow","max-snippet":"max-snippet:-1","max-image-preview":"max-image-preview:large","max-video-preview":"max-video-preview:-1"},"canonical":"https:\/\/galerie-institut.com\/en\/expertise\/","og_locale":"en_US","og_type":"article","og_title":"Expertise - Galerie Institut","og_description":"If you would like to know more about the history of our gallery and the Lebouc family, discover our stories now \u2192.","og_url":"https:\/\/galerie-institut.com\/en\/expertise\/","og_site_name":"Galerie Institut","article_modified_time":"2026-04-29T14:17:00+00:00","twitter_card":"summary_large_image","twitter_misc":{"Est. reading time":"7 minutes"},"schema":{"@context":"https:\/\/schema.org","@graph":[{"@type":"WebPage","@id":"https:\/\/galerie-institut.com\/en\/expertise\/","url":"https:\/\/galerie-institut.com\/en\/expertise\/","name":"Expertise - Galerie Institut","isPartOf":{"@id":"https:\/\/galerie-institut.com\/en\/#website"},"datePublished":"2025-11-21T10:27:20+00:00","dateModified":"2026-04-29T14:17:00+00:00","description":"If you would like to know more about the history of our gallery and the Lebouc family, discover our stories now \u2192.","breadcrumb":{"@id":"https:\/\/galerie-institut.com\/en\/expertise\/#breadcrumb"},"inLanguage":"en-US","potentialAction":[{"@type":"ReadAction","target":["https:\/\/galerie-institut.com\/en\/expertise\/"]}]},{"@type":"BreadcrumbList","@id":"https:\/\/galerie-institut.com\/en\/expertise\/#breadcrumb","itemListElement":[{"@type":"ListItem","position":1,"name":"Accueil","item":"https:\/\/galerie-institut.com\/en\/accueil\/"},{"@type":"ListItem","position":2,"name":"Expertise"}]},{"@type":"WebSite","@id":"https:\/\/galerie-institut.com\/en\/#website","url":"https:\/\/galerie-institut.com\/en\/","name":"Galerie Institut","description":"","potentialAction":[{"@type":"SearchAction","target":{"@type":"EntryPoint","urlTemplate":"https:\/\/galerie-institut.com\/en\/?s={search_term_string}"},"query-input":{"@type":"PropertyValueSpecification","valueRequired":true,"valueName":"search_term_string"}}],"inLanguage":"en-US"}]}},"_links":{"self":[{"href":"https:\/\/galerie-institut.com\/en\/wp-json\/wp\/v2\/pages\/16716","targetHints":{"allow":["GET"]}}],"collection":[{"href":"https:\/\/galerie-institut.com\/en\/wp-json\/wp\/v2\/pages"}],"about":[{"href":"https:\/\/galerie-institut.com\/en\/wp-json\/wp\/v2\/types\/page"}],"author":[{"embeddable":true,"href":"https:\/\/galerie-institut.com\/en\/wp-json\/wp\/v2\/users\/8"}],"replies":[{"embeddable":true,"href":"https:\/\/galerie-institut.com\/en\/wp-json\/wp\/v2\/comments?post=16716"}],"version-history":[{"count":5,"href":"https:\/\/galerie-institut.com\/en\/wp-json\/wp\/v2\/pages\/16716\/revisions"}],"predecessor-version":[{"id":18847,"href":"https:\/\/galerie-institut.com\/en\/wp-json\/wp\/v2\/pages\/16716\/revisions\/18847"}],"wp:attachment":[{"href":"https:\/\/galerie-institut.com\/en\/wp-json\/wp\/v2\/media?parent=16716"}],"wp:term":[{"taxonomy":"dipi_cpt_category","embeddable":true,"href":"https:\/\/galerie-institut.com\/en\/wp-json\/wp\/v2\/dipi_cpt_category?post=16716"}],"curies":[{"name":"wp","href":"https:\/\/api.w.org\/{rel}","templated":true}]}}